{"id":19398,"date":"2022-11-29T10:08:08","date_gmt":"2022-11-29T10:08:08","guid":{"rendered":"https:\/\/cultivers.es\/abonos\/turnip-greens-di-milano-a-colleto-viola-organic-seeds\/"},"modified":"2025-09-22T04:43:52","modified_gmt":"2025-09-22T04:43:52","slug":"navet-di-milano-a-colleto-viola-ecologicas","status":"publish","type":"product","link":"https:\/\/cultivers.es\/fr\/abonnements\/navet-di-milano-a-colleto-viola-ecologicas\/","title":{"rendered":"Turnip Greens - Colleto Viola Seeds"},"content":{"rendered":"","protected":false},"excerpt":{"rendered":"<p>El <strong>Nabo Di Milano A Colleto Viola<\/strong> (<em>Brassica rapa var. rapa <\/em>) est une vari\u00e9t\u00e9 italienne traditionnelle r\u00e9put\u00e9e pour sa forme ronde, sa peau blanche avec une jolie collerette <strong>violette<\/strong> et son go\u00fbt doux et l\u00e9g\u00e8rement sucr\u00e9. Ce navet est id\u00e9al pour les salades, les rago\u00fbts, les cr\u00e8mes et les plats r\u00f4tis, apportant une touche nutritive et d\u00e9licieuse. C&rsquo;est aussi une plante facile \u00e0 cultiver, parfaite pour votre <strong>potager<\/strong>, que ce soit en automne ou au printemps.  <\/p>\n<p><strong>Racines \u00e9l\u00e9gantes et savoureuses :<\/strong> les navets sont ronds et pr\u00e9sentent un contraste de couleur unique entre le blanc de la peau et le violet du collet, ce qui est remarquable tant du point de vue de l&rsquo;aspect que du go\u00fbt.<\/p>\n<p><strong>Saveur douce et polyvalente :<\/strong> sa saveur douce et sa texture tendre en font un produit id\u00e9al pour \u00eatre consomm\u00e9 cru dans les salades ou cuit dans les soupes, les pur\u00e9es et les plats d&rsquo;accompagnement.<\/p>\n<p><strong>Croissance rapide et rustique :<\/strong> C&rsquo;est une vari\u00e9t\u00e9 \u00e0 croissance rapide, parfaite pour les semis de courte dur\u00e9e, avec une r\u00e9colte en seulement 40-60 jours.<\/p>\n<p><strong>Riche en nutriments :<\/strong> Le navet est une excellente source de vitamines C et K, ainsi que de min\u00e9raux tels que le calcium et le potassium, ce qui en fait un aliment sain et nutritif.<\/p>\n<p><strong>Facile \u00e0 cultiver :<\/strong> Adaptable \u00e0 diff\u00e9rents types de sols et de climats, rustique et convenant aussi bien aux d\u00e9butants qu&rsquo;aux cultivateurs exp\u00e9riment\u00e9s.<\/p>\n<p><strong>Culture biologique :<\/strong> Nos semences sont <strong>100 % biologiques<\/strong>, sans pesticides ni engrais chimiques, ce qui favorise un <strong>jardin<\/strong> durable et respectueux de l&rsquo;environnement.<\/p>\n<p>Appr\u00e9ciez la qualit\u00e9, le go\u00fbt et la beaut\u00e9 du <strong>navet biologique Di Milano A Colleto Viola<\/strong>, un ingr\u00e9dient unique et sain qui remplira votre table de tradition et de fra\u00eecheur. Commandez aujourd&rsquo;hui et commencez \u00e0 le cultiver dans votre jardin ! <\/p>\n","protected":false},"featured_media":16229,"comment_status":"open","ping_status":"closed","template":"","meta":{"_acf_changed":false},"product_brand":[],"product_cat":[424,431],"product_tag":[1579],"class_list":{"0":"post-19398","1":"product","2":"type-product","3":"status-publish","4":"has-post-thumbnail","6":"product_cat-semences-biologiques","7":"product_cat-semences-de-brassica-biologiques","8":"product_tag-eco","10":"first","11":"instock","12":"sale","13":"taxable","14":"shipping-taxable","15":"purchasable","16":"product-type-simple"},"acf":[],"_links":{"self":[{"href":"https:\/\/cultivers.es\/fr\/wp-json\/wp\/v2\/product\/19398","targetHints":{"allow":["GET"]}}],"collection":[{"href":"https:\/\/cultivers.es\/fr\/wp-json\/wp\/v2\/product"}],"about":[{"href":"https:\/\/cultivers.es\/fr\/wp-json\/wp\/v2\/types\/product"}],"replies":[{"embeddable":true,"href":"https:\/\/cultivers.es\/fr\/wp-json\/wp\/v2\/comments?post=19398"}],"wp:featuredmedia":[{"embeddable":true,"href":"https:\/\/cultivers.es\/fr\/wp-json\/wp\/v2\/media\/16229"}],"wp:attachment":[{"href":"https:\/\/cultivers.es\/fr\/wp-json\/wp\/v2\/media?parent=19398"}],"wp:term":[{"taxonomy":"product_brand","embeddable":true,"href":"https:\/\/cultivers.es\/fr\/wp-json\/wp\/v2\/product_brand?post=19398"},{"taxonomy":"product_cat","embeddable":true,"href":"https:\/\/cultivers.es\/fr\/wp-json\/wp\/v2\/product_cat?post=19398"},{"taxonomy":"product_tag","embeddable":true,"href":"https:\/\/cultivers.es\/fr\/wp-json\/wp\/v2\/product_tag?post=19398"}],"curies":[{"name":"wp","href":"https:\/\/api.w.org\/{rel}","templated":true}]}}