{"id":19417,"date":"2022-11-29T10:28:17","date_gmt":"2022-11-29T10:28:17","guid":{"rendered":"https:\/\/cultivers.es\/abonos\/graines-de-cumin-noir-bio\/"},"modified":"2025-09-22T04:44:06","modified_gmt":"2025-09-22T04:44:06","slug":"graines-de-cumin-noir-bio","status":"publish","type":"product","link":"https:\/\/cultivers.es\/fr\/abonnements\/graines-de-cumin-noir-bio\/","title":{"rendered":"Graines de cumin noir"},"content":{"rendered":"","protected":false},"excerpt":{"rendered":"<p>Le <strong>cumin noir<\/strong><em>(Nigella sativa<\/em>), \u00e9galement connu sous le nom d'\u00a0\u00bbabsinthe\u00a0\u00bb, est une plante aromatique et m\u00e9dicinale qui produit de petites graines noires \u00e0 la saveur unique, l\u00e9g\u00e8rement \u00e9pic\u00e9e, noiset\u00e9e et poivr\u00e9e. Ces graines sont tr\u00e8s appr\u00e9ci\u00e9es en cuisine pour leur utilisation dans les pains, les currys, les rago\u00fbts et comme condiment, en plus de leurs propri\u00e9t\u00e9s b\u00e9n\u00e9fiques reconnues pour la sant\u00e9. C&rsquo;est une plante facile \u00e0 cultiver, id\u00e9ale pour votre <strong>jardin et votre potager<\/strong>.  <\/p>\n<p><strong>Graines aromatiques et polyvalentes :<\/strong> leur go\u00fbt \u00e9pic\u00e9 et leur ar\u00f4me caract\u00e9ristique en font un ingr\u00e9dient id\u00e9al pour les pains, les salades, les rago\u00fbts et les m\u00e9langes d&rsquo;\u00e9pices tels que le zaatar.<\/p>\n<p><strong>Propri\u00e9t\u00e9s m\u00e9dicinales : Le<\/strong> cumin noir est traditionnellement utilis\u00e9 comme rem\u00e8de naturel pour ses vertus antioxydantes, anti-inflammatoires et digestives.<\/p>\n<p><strong>Fleurs d\u00e9licates et ornementales :<\/strong> outre sa valeur culinaire, la plante produit de belles fleurs blanches ou bleut\u00e9es qui embellissent le <strong>verger et le jardin<\/strong> et attirent les pollinisateurs.<\/p>\n<p><strong>Facile \u00e0 cultiver :<\/strong> rustique et adaptable, poussant bien dans des sols bien drain\u00e9s et ensoleill\u00e9s, il convient aux d\u00e9butants comme aux cultivateurs exp\u00e9riment\u00e9s.<\/p>\n<p><strong>Riche en nutriments :<\/strong> Les graines de nigelle sont une source naturelle d&rsquo;acides gras essentiels, de vitamines et de min\u00e9raux, id\u00e9ale pour une alimentation \u00e9quilibr\u00e9e.<\/p>\n<p><strong>Culture biologique :<\/strong> Nos semences sont <strong>100% biologiques<\/strong>, sans pesticides ni engrais chimiques, ce qui garantit une culture durable et respectueuse de l&rsquo;environnement.<\/p>\n<p>Ajoutez du <strong>cumin noir biologique<\/strong> \u00e0 votre <strong>jardin et \u00e0<\/strong> votre potager pour profiter de sa polyvalence culinaire, de ses bienfaits pour la sant\u00e9 et de sa beaut\u00e9 naturelle - commandez d\u00e8s aujourd&rsquo;hui et commencez \u00e0 cultiver ! <\/p>\n","protected":false},"featured_media":16234,"comment_status":"open","ping_status":"closed","template":"","meta":{"_acf_changed":false},"product_brand":[],"product_cat":[747,424],"product_tag":[1579],"woo-feed-brand":[],"class_list":{"0":"post-19417","1":"product","2":"type-product","3":"status-publish","4":"has-post-thumbnail","6":"product_cat-graines-aromatiques-biologiques","7":"product_cat-semences-biologiques","8":"product_tag-eco","10":"first","11":"outofstock","12":"taxable","13":"shipping-taxable","14":"purchasable","15":"product-type-simple"},"acf":[],"_links":{"self":[{"href":"https:\/\/cultivers.es\/fr\/wp-json\/wp\/v2\/product\/19417","targetHints":{"allow":["GET"]}}],"collection":[{"href":"https:\/\/cultivers.es\/fr\/wp-json\/wp\/v2\/product"}],"about":[{"href":"https:\/\/cultivers.es\/fr\/wp-json\/wp\/v2\/types\/product"}],"replies":[{"embeddable":true,"href":"https:\/\/cultivers.es\/fr\/wp-json\/wp\/v2\/comments?post=19417"}],"wp:featuredmedia":[{"embeddable":true,"href":"https:\/\/cultivers.es\/fr\/wp-json\/wp\/v2\/media\/16234"}],"wp:attachment":[{"href":"https:\/\/cultivers.es\/fr\/wp-json\/wp\/v2\/media?parent=19417"}],"wp:term":[{"taxonomy":"product_brand","embeddable":true,"href":"https:\/\/cultivers.es\/fr\/wp-json\/wp\/v2\/product_brand?post=19417"},{"taxonomy":"product_cat","embeddable":true,"href":"https:\/\/cultivers.es\/fr\/wp-json\/wp\/v2\/product_cat?post=19417"},{"taxonomy":"product_tag","embeddable":true,"href":"https:\/\/cultivers.es\/fr\/wp-json\/wp\/v2\/product_tag?post=19417"},{"taxonomy":"woo-feed-brand","embeddable":true,"href":"https:\/\/cultivers.es\/fr\/wp-json\/wp\/v2\/woo-feed-brand?post=19417"}],"curies":[{"name":"wp","href":"https:\/\/api.w.org\/{rel}","templated":true}]}}