{"id":19420,"date":"2022-11-29T14:26:55","date_gmt":"2022-11-29T14:26:55","guid":{"rendered":"https:\/\/cultivers.es\/abonos\/poinconneur-de-sol\/"},"modified":"2025-09-22T04:44:12","modified_gmt":"2025-09-22T04:44:12","slug":"coup-de-poing-sur-le-sol","status":"publish","type":"product","link":"https:\/\/cultivers.es\/fr\/abonnements\/coup-de-poing-sur-le-sol\/","title":{"rendered":"Poin\u00e7onneur de sol"},"content":{"rendered":"","protected":false},"excerpt":{"rendered":"<p>M\u00e9lasse de canne avec acides amin\u00e9s et glycine\/b\u00e9ta\u00efne.<br \/>\nAm\u00e9liore les propri\u00e9t\u00e9s du sol : favorise l&rsquo;activit\u00e9 microbienne dans le sol, facilitant ainsi la disponibilit\u00e9 des nutriments.<br \/>\nAugmente la fertilit\u00e9 du sol, am\u00e9liore les conditions du sol, stimule les interactions entre le sol et les plantes.<br \/>\nForte concentration d&rsquo;acides amin\u00e9s organiques : peut \u00eatre appliqu\u00e9 tout au long de la saison de croissance pour am\u00e9liorer les propri\u00e9t\u00e9s physico-chimiques du sol.<br \/>\nIl contient 42% de mati\u00e8re organique d&rsquo;origine v\u00e9g\u00e9tale, avec une concentration de 10% de glycine\/b\u00e9ta\u00efne, qui am\u00e9liore les propri\u00e9t\u00e9s osmor\u00e9gulatrices de la plante et r\u00e9duit les \u00e9pisodes de stress caus\u00e9s par des agents externes (biotiques et abiotiques).<br \/>\nIl favorise des r\u00e9coltes abondantes en am\u00e9liorant la capacit\u00e9 de r\u00e9tention de l&rsquo;eau et des nutriments.<\/p>\n","protected":false},"featured_media":16319,"comment_status":"open","ping_status":"closed","template":"","meta":{"_acf_changed":false},"product_brand":[],"product_cat":[726],"product_tag":[],"woo-feed-brand":[],"class_list":{"0":"post-19420","1":"product","2":"type-product","3":"status-publish","4":"has-post-thumbnail","6":"product_cat-growpunch-fr","8":"first","9":"instock","10":"taxable","11":"shipping-taxable","12":"purchasable","13":"product-type-variable"},"acf":[],"_links":{"self":[{"href":"https:\/\/cultivers.es\/fr\/wp-json\/wp\/v2\/product\/19420","targetHints":{"allow":["GET"]}}],"collection":[{"href":"https:\/\/cultivers.es\/fr\/wp-json\/wp\/v2\/product"}],"about":[{"href":"https:\/\/cultivers.es\/fr\/wp-json\/wp\/v2\/types\/product"}],"replies":[{"embeddable":true,"href":"https:\/\/cultivers.es\/fr\/wp-json\/wp\/v2\/comments?post=19420"}],"wp:featuredmedia":[{"embeddable":true,"href":"https:\/\/cultivers.es\/fr\/wp-json\/wp\/v2\/media\/16319"}],"wp:attachment":[{"href":"https:\/\/cultivers.es\/fr\/wp-json\/wp\/v2\/media?parent=19420"}],"wp:term":[{"taxonomy":"product_brand","embeddable":true,"href":"https:\/\/cultivers.es\/fr\/wp-json\/wp\/v2\/product_brand?post=19420"},{"taxonomy":"product_cat","embeddable":true,"href":"https:\/\/cultivers.es\/fr\/wp-json\/wp\/v2\/product_cat?post=19420"},{"taxonomy":"product_tag","embeddable":true,"href":"https:\/\/cultivers.es\/fr\/wp-json\/wp\/v2\/product_tag?post=19420"},{"taxonomy":"woo-feed-brand","embeddable":true,"href":"https:\/\/cultivers.es\/fr\/wp-json\/wp\/v2\/woo-feed-brand?post=19420"}],"curies":[{"name":"wp","href":"https:\/\/api.w.org\/{rel}","templated":true}]}}