{"id":19421,"date":"2022-11-29T14:29:32","date_gmt":"2022-11-29T14:29:32","guid":{"rendered":"https:\/\/cultivers.es\/abonos\/rizopunch\/"},"modified":"2025-09-22T05:36:39","modified_gmt":"2025-09-22T05:36:39","slug":"rizopunch","status":"publish","type":"product","link":"https:\/\/cultivers.es\/fr\/abonnements\/rizopunch\/","title":{"rendered":"RizoPunch"},"content":{"rendered":"<p>Solution de mangan\u00e8se complex\u00e9e par des compos\u00e9s organiques. Ses nutriments favorisent la r\u00e9activation du d\u00e9veloppement racinaire et v\u00e9g\u00e9tatif apr\u00e8s des situations de stress biotique. Gr\u00e2ce \u00e0 son mode de complexation efficace, il permet une absorption rapide et une translocation \u00e9lev\u00e9e dans les tissus v\u00e9g\u00e9taux. Il est particuli\u00e8rement indiqu\u00e9 pour pr\u00e9venir ou corriger les sympt\u00f4mes de carence dus \u00e0 des d\u00e9ficiences en mangan\u00e8se ou \u00e0 une mauvaise similitude avec le mangan\u00e8se. Son application permet d&rsquo;\u00e9viter les anomalies dans le d\u00e9veloppement des feuilles et la structure des tissus v\u00e9g\u00e9taux. Les nutriments pr\u00e9sents dans sa formulation am\u00e9liorent la circulation de la s\u00e8ve et favorisent le d\u00e9veloppement des organes v\u00e9g\u00e9taux \u00e0 croissance active, en induisant une augmentation de la germination et une augmentation du d\u00e9veloppement des racines, en particulier des poils absorbants, qui ont une plus grande capacit\u00e9 d&rsquo;assimilation de l&rsquo;eau et des nutriments. Son application r\u00e9guli\u00e8re am\u00e9liore la sant\u00e9 des cultures et augmente la productivit\u00e9. Produit biologique naturel et non toxique. Son utilisation ne pr\u00e9sente pas de risque pour la sant\u00e9 des personnes, des animaux ou de l&rsquo;environnement.<\/p>\n","protected":false},"excerpt":{"rendered":"<p>Favorise et prot\u00e8ge le syst\u00e8me racinaire, active la cr\u00e9ation de racines et favorise la croissance de la plante.<br \/>\nFormul\u00e9 pour une absorption et une translocation rapide par les tissus de la plante, enrichi d&rsquo;extraits de fermentation aux propri\u00e9t\u00e9s nutritionnelles et \u00e9licitrices.<br \/>\nIl est particuli\u00e8rement indiqu\u00e9 pour \u00e9viter ou corriger les sympt\u00f4mes de carence de ces \u00e9l\u00e9ments, pr\u00e9venir les anomalies dans le d\u00e9veloppement des feuilles et la structuration des tissus.<br \/>\nMeilleure qualit\u00e9 des r\u00e9coltes. Meilleure utilisation du transport des nutriments entre le xyl\u00e8me et le phlo\u00e8me.<\/p>\n","protected":false},"featured_media":16314,"comment_status":"open","ping_status":"closed","template":"","meta":{"_acf_changed":false},"product_brand":[],"product_cat":[726],"product_tag":[],"woo-feed-brand":[],"class_list":{"0":"post-19421","1":"product","2":"type-product","3":"status-publish","4":"has-post-thumbnail","6":"product_cat-growpunch-fr","8":"first","9":"instock","10":"taxable","11":"shipping-taxable","12":"purchasable","13":"product-type-variable"},"acf":[],"_links":{"self":[{"href":"https:\/\/cultivers.es\/fr\/wp-json\/wp\/v2\/product\/19421","targetHints":{"allow":["GET"]}}],"collection":[{"href":"https:\/\/cultivers.es\/fr\/wp-json\/wp\/v2\/product"}],"about":[{"href":"https:\/\/cultivers.es\/fr\/wp-json\/wp\/v2\/types\/product"}],"replies":[{"embeddable":true,"href":"https:\/\/cultivers.es\/fr\/wp-json\/wp\/v2\/comments?post=19421"}],"wp:featuredmedia":[{"embeddable":true,"href":"https:\/\/cultivers.es\/fr\/wp-json\/wp\/v2\/media\/16314"}],"wp:attachment":[{"href":"https:\/\/cultivers.es\/fr\/wp-json\/wp\/v2\/media?parent=19421"}],"wp:term":[{"taxonomy":"product_brand","embeddable":true,"href":"https:\/\/cultivers.es\/fr\/wp-json\/wp\/v2\/product_brand?post=19421"},{"taxonomy":"product_cat","embeddable":true,"href":"https:\/\/cultivers.es\/fr\/wp-json\/wp\/v2\/product_cat?post=19421"},{"taxonomy":"product_tag","embeddable":true,"href":"https:\/\/cultivers.es\/fr\/wp-json\/wp\/v2\/product_tag?post=19421"},{"taxonomy":"woo-feed-brand","embeddable":true,"href":"https:\/\/cultivers.es\/fr\/wp-json\/wp\/v2\/woo-feed-brand?post=19421"}],"curies":[{"name":"wp","href":"https:\/\/api.w.org\/{rel}","templated":true}]}}