{"id":19428,"date":"2022-11-29T11:06:45","date_gmt":"2022-11-29T11:06:45","guid":{"rendered":"https:\/\/cultivers.es\/abonos\/graines-de-bourrache-bio\/"},"modified":"2025-09-22T04:44:22","modified_gmt":"2025-09-22T04:44:22","slug":"semences-de-betteraves-biologiques-semences-ecologiques","status":"publish","type":"product","link":"https:\/\/cultivers.es\/fr\/abonnements\/semences-de-betteraves-biologiques-semences-ecologiques\/","title":{"rendered":"Graines de bourrache Biodynamique Demeter"},"content":{"rendered":"","protected":false},"excerpt":{"rendered":"<p>La <strong>bourrache<\/strong><em>(Borago officinalis<\/em>) est une plante annuelle connue pour ses belles <strong>fleurs bleu fonc\u00e9<\/strong> et ses feuilles comestibles \u00e0 la saveur fra\u00eeche et d\u00e9licate. Elle est tr\u00e8s appr\u00e9ci\u00e9e tant dans la cuisine, en particulier dans la cuisine traditionnelle, que dans le <strong>jardin et le verger<\/strong> pour sa capacit\u00e9 \u00e0 attirer les pollinisateurs. Ses fleurs sont non seulement d\u00e9coratives, mais aussi comestibles, parfaites pour les salades et les d\u00e9corations culinaires. En outre, la certification <strong>Demeter<\/strong> garantit que ces graines ont \u00e9t\u00e9 cultiv\u00e9es selon les principes de l&rsquo;agriculture biodynamique, ce qui assure une qualit\u00e9 et une durabilit\u00e9 maximales.   <\/p>\n<p><strong>Des fleurs magnifiques et comestibles :<\/strong> ses fleurs d&rsquo;un bleu \u00e9clatant sont un v\u00e9ritable spectacle visuel, id\u00e9al pour d\u00e9corer les salades, les desserts et les plats frais.<\/p>\n<p><strong>Feuilles fra\u00eeches et polyvalentes :<\/strong> Ses feuilles tendres sont parfaites pour la cuisson dans les rago\u00fbts, les plats saut\u00e9s ou m\u00eame pour pr\u00e9parer des infusions, apportant une saveur fra\u00eeche et naturelle.<\/p>\n<p><strong>Attractive pour les pollinisateurs :<\/strong> la bourrache est une plante mellif\u00e8re qui attire les abeilles et les papillons, favorisant ainsi la biodiversit\u00e9 dans le <strong>verger et le jardin.<\/strong><\/p>\n<p><strong>Propri\u00e9t\u00e9s m\u00e9dicinales :<\/strong> Traditionnellement utilis\u00e9e dans les tisanes et les pr\u00e9parations naturelles, la bourrache est connue pour ses propri\u00e9t\u00e9s anti-inflammatoires, diur\u00e9tiques et relaxantes.<\/p>\n<p><strong>Facile \u00e0 cultiver :<\/strong> rustique et adaptable, il s&rsquo;\u00e9panouit dans des sols bien drain\u00e9s et ensoleill\u00e9s et est id\u00e9al pour les jardiniers d\u00e9butants et experts.<\/p>\n<p><strong>Certification Demeter :<\/strong> Ces semences biodynamiques garantissent une culture durable qui respecte les cycles naturels du sol et de l&rsquo;environnement.<\/p>\n<p><strong>Culture biologique :<\/strong> Nos semences sont <strong>100 % biologiques<\/strong>, sans pesticides ni engrais chimiques, ce qui favorise la cr\u00e9ation d&rsquo;un <strong>jardin et d&rsquo;un verger<\/strong> durables.<\/p>\n<p>Remplissez votre <strong>jardin et votre verger<\/strong> de couleurs, de vie et de polyvalence avec la <strong>bourrache biologique Demeter<\/strong>, une plante qui allie beaut\u00e9, utilit\u00e9 culinaire et avantages pour la biodiversit\u00e9. Commandez d\u00e8s aujourd&rsquo;hui et profitez de cette merveilleuse vari\u00e9t\u00e9 ! <\/p>\n","protected":false},"featured_media":16239,"comment_status":"open","ping_status":"closed","template":"","meta":{"_acf_changed":false},"product_brand":[],"product_cat":[458,1307,424],"product_tag":[1385],"class_list":{"0":"post-19428","1":"product","2":"type-product","3":"status-publish","4":"has-post-thumbnail","6":"product_cat-graines-de-fleurs-comestibles-biologiques","7":"product_cat-recommander-des-graines","8":"product_cat-semences-biologiques","9":"product_tag-demeter-fr","11":"first","12":"instock","13":"taxable","14":"shipping-taxable","15":"purchasable","16":"product-type-simple"},"acf":[],"_links":{"self":[{"href":"https:\/\/cultivers.es\/fr\/wp-json\/wp\/v2\/product\/19428","targetHints":{"allow":["GET"]}}],"collection":[{"href":"https:\/\/cultivers.es\/fr\/wp-json\/wp\/v2\/product"}],"about":[{"href":"https:\/\/cultivers.es\/fr\/wp-json\/wp\/v2\/types\/product"}],"replies":[{"embeddable":true,"href":"https:\/\/cultivers.es\/fr\/wp-json\/wp\/v2\/comments?post=19428"}],"wp:featuredmedia":[{"embeddable":true,"href":"https:\/\/cultivers.es\/fr\/wp-json\/wp\/v2\/media\/16239"}],"wp:attachment":[{"href":"https:\/\/cultivers.es\/fr\/wp-json\/wp\/v2\/media?parent=19428"}],"wp:term":[{"taxonomy":"product_brand","embeddable":true,"href":"https:\/\/cultivers.es\/fr\/wp-json\/wp\/v2\/product_brand?post=19428"},{"taxonomy":"product_cat","embeddable":true,"href":"https:\/\/cultivers.es\/fr\/wp-json\/wp\/v2\/product_cat?post=19428"},{"taxonomy":"product_tag","embeddable":true,"href":"https:\/\/cultivers.es\/fr\/wp-json\/wp\/v2\/product_tag?post=19428"}],"curies":[{"name":"wp","href":"https:\/\/api.w.org\/{rel}","templated":true}]}}