{"id":19469,"date":"2022-10-07T11:38:21","date_gmt":"2022-10-07T11:38:21","guid":{"rendered":"https:\/\/cultivers.es\/abonos\/graines-de-marguerite-biologique\/"},"modified":"2025-09-22T05:16:21","modified_gmt":"2025-09-22T05:16:21","slug":"bio-margarita-seeds","status":"publish","type":"product","link":"https:\/\/cultivers.es\/fr\/abonnements\/bio-margarita-seeds\/","title":{"rendered":"Graines de marguerite"},"content":{"rendered":"","protected":false},"excerpt":{"rendered":"<p>La <strong>marguerite<\/strong><em>(Leucanthemum vulgare<\/em>) est une plante vivace qui se distingue par sa beaut\u00e9 d\u00e9licate et ses fleurs classiques aux <strong>p\u00e9tales blancs<\/strong> et au centre jaune vif. Cette fleur sauvage est id\u00e9ale pour embellir le <strong>verger et le jardin<\/strong>, en cr\u00e9ant des espaces pleins de lumi\u00e8re et de nature. Outre sa valeur ornementale, la marguerite est tr\u00e8s appr\u00e9ci\u00e9e pour sa capacit\u00e9 \u00e0 attirer les <strong>pollinisateurs<\/strong> tels que les abeilles et les papillons, contribuant ainsi \u00e0 la biodiversit\u00e9 et \u00e0 l&rsquo;\u00e9quilibre \u00e9cologique.  <\/p>\n<p><strong>Fleurs classiques et \u00e9l\u00e9gantes :<\/strong> Leurs p\u00e9tales blancs et leur centre jaune apportent un charme naturel et sauvage, illuminant n&rsquo;importe quel coin du <strong>verger et du jardin.<\/strong><\/p>\n<p><strong>Attirer les pollinisateurs :<\/strong> Les marguerites sont une source de nectar qui attire les abeilles, les papillons et d&rsquo;autres insectes b\u00e9n\u00e9fiques, encourageant ainsi la pollinisation.<\/p>\n<p><strong>Floraison prolong\u00e9e :<\/strong> Elle fleurit du printemps \u00e0 la fin de l&rsquo;\u00e9t\u00e9, offrant un spectacle de couleurs naturel et durable.<\/p>\n<p><strong>Rustique et facile \u00e0 cultiver :<\/strong> Facile \u00e0 cultiver dans des sols bien drain\u00e9s et ensoleill\u00e9s, c&rsquo;est une plante rustique qui demande peu d&rsquo;entretien, parfaite pour les jardiniers de tous niveaux.<\/p>\n<p><strong>Id\u00e9al pour les prairies et les bordures de fleurs :<\/strong> Il est id\u00e9al pour cr\u00e9er des prairies naturelles, des bordures de fleurs ou des parterres de fleurs, apportant une touche sauvage et relaxante.<\/p>\n<p><strong>Culture biologique :<\/strong> Nos semences sont <strong>100% biologiques<\/strong>, sans pesticides ni engrais chimiques, ce qui garantit un <strong>jardin<\/strong> durable et respectueux de l&rsquo;environnement.<\/p>\n<p>Appr\u00e9ciez la beaut\u00e9 simple et naturelle des <strong>marguerites biologiques<\/strong>, une plante qui embellira votre <strong>jardin et votre verger<\/strong> tout en favorisant la biodiversit\u00e9 et la pollinisation. Commandez d\u00e8s aujourd&rsquo;hui et plantez un coin plein de vie et de charme ! <\/p>\n","protected":false},"featured_media":16064,"comment_status":"open","ping_status":"closed","template":"","meta":{"_acf_changed":false},"product_brand":[],"product_cat":[458,424],"product_tag":[],"woo-feed-brand":[],"class_list":{"0":"post-19469","1":"product","2":"type-product","3":"status-publish","4":"has-post-thumbnail","6":"product_cat-graines-de-fleurs-comestibles-biologiques","7":"product_cat-semences-biologiques","9":"first","10":"outofstock","11":"sale","12":"taxable","13":"shipping-taxable","14":"purchasable","15":"product-type-simple"},"acf":[],"_links":{"self":[{"href":"https:\/\/cultivers.es\/fr\/wp-json\/wp\/v2\/product\/19469","targetHints":{"allow":["GET"]}}],"collection":[{"href":"https:\/\/cultivers.es\/fr\/wp-json\/wp\/v2\/product"}],"about":[{"href":"https:\/\/cultivers.es\/fr\/wp-json\/wp\/v2\/types\/product"}],"replies":[{"embeddable":true,"href":"https:\/\/cultivers.es\/fr\/wp-json\/wp\/v2\/comments?post=19469"}],"wp:featuredmedia":[{"embeddable":true,"href":"https:\/\/cultivers.es\/fr\/wp-json\/wp\/v2\/media\/16064"}],"wp:attachment":[{"href":"https:\/\/cultivers.es\/fr\/wp-json\/wp\/v2\/media?parent=19469"}],"wp:term":[{"taxonomy":"product_brand","embeddable":true,"href":"https:\/\/cultivers.es\/fr\/wp-json\/wp\/v2\/product_brand?post=19469"},{"taxonomy":"product_cat","embeddable":true,"href":"https:\/\/cultivers.es\/fr\/wp-json\/wp\/v2\/product_cat?post=19469"},{"taxonomy":"product_tag","embeddable":true,"href":"https:\/\/cultivers.es\/fr\/wp-json\/wp\/v2\/product_tag?post=19469"},{"taxonomy":"woo-feed-brand","embeddable":true,"href":"https:\/\/cultivers.es\/fr\/wp-json\/wp\/v2\/woo-feed-brand?post=19469"}],"curies":[{"name":"wp","href":"https:\/\/api.w.org\/{rel}","templated":true}]}}