{"id":19471,"date":"2022-10-07T11:39:51","date_gmt":"2022-10-07T11:39:51","guid":{"rendered":"https:\/\/cultivers.es\/abonos\/queen-daisy-double-petal-mix-semences-biologiques\/"},"modified":"2025-09-22T05:16:40","modified_gmt":"2025-09-22T05:16:40","slug":"reine-margarita-petalo-double-semences-ecologiques","status":"publish","type":"product","link":"https:\/\/cultivers.es\/fr\/abonnements\/reine-margarita-petalo-double-semences-ecologiques\/","title":{"rendered":"Queen Daisy Seeds M\u00e9lange Double P\u00e9tale"},"content":{"rendered":"","protected":false},"excerpt":{"rendered":"<p>La <strong>marguerite double p\u00e9tale<\/strong><em>(Callistephus chinensis<\/em>) est une plante annuelle qui \u00e9blouit par ses <strong>grandes fleurs abondantes<\/strong> aux p\u00e9tales denses et enroul\u00e9s, disponibles dans un m\u00e9lange de <strong>couleurs vibrantes<\/strong> telles que le blanc, le rose, le rouge, le violet et le bleu. Parfaite pour ajouter une touche \u00e9l\u00e9gante et sophistiqu\u00e9e au <strong>potager et au verger<\/strong>, cette vari\u00e9t\u00e9 est id\u00e9ale pour les bordures, les plates-bandes ou comme fleur coup\u00e9e pour des bouquets frais et d\u00e9coratifs. De plus, son attrait naturel favorise l&rsquo;arriv\u00e9e des pollinisateurs, cr\u00e9ant ainsi un environnement plein de vie et de biodiversit\u00e9.  <\/p>\n<p><strong>Grandes fleurs spectaculaires :<\/strong> Leurs p\u00e9tales doubles et recourb\u00e9s dans un m\u00e9lange de couleurs vives apportent volume et beaut\u00e9 \u00e0 tout <strong>jardin et<\/strong> espace <strong>potager<\/strong>.<\/p>\n<p><strong>Floraison prolong\u00e9e :<\/strong> Elle fleurit de l&rsquo;\u00e9t\u00e9 au d\u00e9but de l&rsquo;automne, assurant un spectacle durable de couleur et de fra\u00eecheur dans votre environnement.<\/p>\n<p><strong>Id\u00e9al pour les fleurs coup\u00e9es :<\/strong> ses fleurs robustes et \u00e9l\u00e9gantes sont parfaites pour les bouquets frais, les d\u00e9corations et les compositions florales, et conservent leur beaut\u00e9 plus longtemps.<\/p>\n<p><strong>Attractif pour les pollinisateurs :<\/strong> Les fleurs accrocheuses attirent les abeilles, les papillons et d&rsquo;autres insectes utiles, favorisant la biodiversit\u00e9 dans le <strong>verger et le jardin.<\/strong><\/p>\n<p><strong>Facile \u00e0 cultiver :<\/strong> Plante \u00e0 croissance rapide, peu exigeante en soins, elle s&rsquo;adapte bien aux sols riches et ensoleill\u00e9s et est id\u00e9ale pour les jardiniers d\u00e9butants et exp\u00e9riment\u00e9s.<\/p>\n<p><strong>Culture biologique :<\/strong> Nos semences sont <strong>100% biologiques<\/strong>, sans pesticides ni engrais chimiques, ce qui garantit un <strong>jardin<\/strong> durable et respectueux de l&rsquo;environnement.<\/p>\n<p>Appr\u00e9ciez la couleur, l&rsquo;\u00e9l\u00e9gance et la beaut\u00e9 du <strong>m\u00e9lange biologique Double Petal Queen Daisy<\/strong> et transformez votre <strong>jardin et votre verger<\/strong> en un espace plein de vie et de sophistication naturelle. Commandez d\u00e8s aujourd&rsquo;hui et commencez \u00e0 cultiver cette vari\u00e9t\u00e9 \u00e9poustouflante ! <\/p>\n","protected":false},"featured_media":16059,"comment_status":"open","ping_status":"closed","template":"","meta":{"_acf_changed":false},"product_brand":[],"product_cat":[458,424],"product_tag":[1579],"class_list":{"0":"post-19471","1":"product","2":"type-product","3":"status-publish","4":"has-post-thumbnail","6":"product_cat-graines-de-fleurs-comestibles-biologiques","7":"product_cat-semences-biologiques","8":"product_tag-eco","10":"first","11":"instock","12":"taxable","13":"shipping-taxable","14":"purchasable","15":"product-type-simple"},"acf":[],"_links":{"self":[{"href":"https:\/\/cultivers.es\/fr\/wp-json\/wp\/v2\/product\/19471","targetHints":{"allow":["GET"]}}],"collection":[{"href":"https:\/\/cultivers.es\/fr\/wp-json\/wp\/v2\/product"}],"about":[{"href":"https:\/\/cultivers.es\/fr\/wp-json\/wp\/v2\/types\/product"}],"replies":[{"embeddable":true,"href":"https:\/\/cultivers.es\/fr\/wp-json\/wp\/v2\/comments?post=19471"}],"wp:featuredmedia":[{"embeddable":true,"href":"https:\/\/cultivers.es\/fr\/wp-json\/wp\/v2\/media\/16059"}],"wp:attachment":[{"href":"https:\/\/cultivers.es\/fr\/wp-json\/wp\/v2\/media?parent=19471"}],"wp:term":[{"taxonomy":"product_brand","embeddable":true,"href":"https:\/\/cultivers.es\/fr\/wp-json\/wp\/v2\/product_brand?post=19471"},{"taxonomy":"product_cat","embeddable":true,"href":"https:\/\/cultivers.es\/fr\/wp-json\/wp\/v2\/product_cat?post=19471"},{"taxonomy":"product_tag","embeddable":true,"href":"https:\/\/cultivers.es\/fr\/wp-json\/wp\/v2\/product_tag?post=19471"}],"curies":[{"name":"wp","href":"https:\/\/api.w.org\/{rel}","templated":true}]}}