{"id":19472,"date":"2022-10-07T11:38:51","date_gmt":"2022-10-07T11:38:51","guid":{"rendered":"https:\/\/cultivers.es\/abonos\/graines-de-pensee-bio\/"},"modified":"2025-09-22T05:16:17","modified_gmt":"2025-09-22T05:16:17","slug":"pensee-ecologique-semences","status":"publish","type":"product","link":"https:\/\/cultivers.es\/fr\/abonnements\/pensee-ecologique-semences\/","title":{"rendered":"Les graines de la pens\u00e9e"},"content":{"rendered":"","protected":false},"excerpt":{"rendered":"<p>La <strong>pens\u00e9e<\/strong><em>(Viola tricolor<\/em>) est une plante ornementale appr\u00e9ci\u00e9e pour ses <strong>fleurs color\u00e9es<\/strong> et d\u00e9licates, qui combinent des nuances de <strong>jaune, de violet, de blanc et de bleu<\/strong> dans un spectacle visuel unique. Id\u00e9ale pour apporter couleur et \u00e9l\u00e9gance au <strong>jardin et au potager<\/strong>, la pens\u00e9e fleurit pendant les saisons plus fra\u00eeches, ce qui la rend parfaite pour les bordures, les pots, les jardini\u00e8res ou les plates-bandes. En outre, ses fleurs comestibles apportent une touche d\u00e9corative aux plats et aux desserts, alliant beaut\u00e9 et fonctionnalit\u00e9.  <\/p>\n<p><strong>Fleurs multicolores et \u00e9l\u00e9gantes :<\/strong> Leurs p\u00e9tales combinent une palette de couleurs vives et harmonieuses, transformant n&rsquo;importe quel coin du <strong>jardin et du verger<\/strong> en un espace gai et vivant.<\/p>\n<p><strong>Floraison en climat frais :<\/strong> fleurit en automne, en hiver et au printemps, apportant de la vie et de la couleur pendant les saisons plus fra\u00eeches.<\/p>\n<p><strong>Fleurs comestibles :<\/strong> Les fleurs de pens\u00e9e sont propres \u00e0 la consommation et sont utilis\u00e9es comme d\u00e9coration dans les salades, les g\u00e2teaux, les desserts et les plats gastronomiques, ajoutant une touche d\u00e9licate et sophistiqu\u00e9e.<\/p>\n<p><strong>Attractif pour les pollinisateurs :<\/strong> ses fleurs attirent les abeilles et d&rsquo;autres insectes utiles, favorisant ainsi la biodiversit\u00e9 et la sant\u00e9 de l&rsquo;environnement naturel.<\/p>\n<p><strong>Rustique et facile \u00e0 cultiver :<\/strong> Cette plante rustique s&rsquo;\u00e9panouit dans les climats temp\u00e9r\u00e9s et les sols bien drain\u00e9s. Elle convient aussi bien aux jardiniers novices qu&rsquo;aux experts.<\/p>\n<p><strong>Culture biologique :<\/strong> Nos semences sont <strong>100 % biologiques<\/strong>, sans pesticides ni engrais chimiques, ce qui favorise un <strong>jardin<\/strong> durable et respectueux de l&rsquo;environnement.<\/p>\n<p>Remplissez votre <strong>jardin et votre verger<\/strong> de couleurs et de vie avec les <strong>pens\u00e9es biologiques<\/strong> et profitez de leurs nombreuses applications d\u00e9coratives et culinaires. Commandez d\u00e8s aujourd&rsquo;hui et ajoutez une touche vibrante et naturelle \u00e0 votre espace vert ! <\/p>\n","protected":false},"featured_media":15989,"comment_status":"open","ping_status":"closed","template":"","meta":{"_acf_changed":false},"product_brand":[],"product_cat":[458,424],"product_tag":[1579],"class_list":{"0":"post-19472","1":"product","2":"type-product","3":"status-publish","4":"has-post-thumbnail","6":"product_cat-graines-de-fleurs-comestibles-biologiques","7":"product_cat-semences-biologiques","8":"product_tag-eco","10":"first","11":"instock","12":"taxable","13":"shipping-taxable","14":"purchasable","15":"product-type-simple"},"acf":[],"_links":{"self":[{"href":"https:\/\/cultivers.es\/fr\/wp-json\/wp\/v2\/product\/19472","targetHints":{"allow":["GET"]}}],"collection":[{"href":"https:\/\/cultivers.es\/fr\/wp-json\/wp\/v2\/product"}],"about":[{"href":"https:\/\/cultivers.es\/fr\/wp-json\/wp\/v2\/types\/product"}],"replies":[{"embeddable":true,"href":"https:\/\/cultivers.es\/fr\/wp-json\/wp\/v2\/comments?post=19472"}],"wp:featuredmedia":[{"embeddable":true,"href":"https:\/\/cultivers.es\/fr\/wp-json\/wp\/v2\/media\/15989"}],"wp:attachment":[{"href":"https:\/\/cultivers.es\/fr\/wp-json\/wp\/v2\/media?parent=19472"}],"wp:term":[{"taxonomy":"product_brand","embeddable":true,"href":"https:\/\/cultivers.es\/fr\/wp-json\/wp\/v2\/product_brand?post=19472"},{"taxonomy":"product_cat","embeddable":true,"href":"https:\/\/cultivers.es\/fr\/wp-json\/wp\/v2\/product_cat?post=19472"},{"taxonomy":"product_tag","embeddable":true,"href":"https:\/\/cultivers.es\/fr\/wp-json\/wp\/v2\/product_tag?post=19472"}],"curies":[{"name":"wp","href":"https:\/\/api.w.org\/{rel}","templated":true}]}}