{"id":19474,"date":"2022-10-07T11:36:14","date_gmt":"2022-10-07T11:36:14","guid":{"rendered":"https:\/\/cultivers.es\/abonos\/graines-de-tournesol-velvet-queen-bio\/"},"modified":"2025-09-22T05:15:54","modified_gmt":"2025-09-22T05:15:54","slug":"graines-girasol-velvet-queen-ecological","status":"publish","type":"product","link":"https:\/\/cultivers.es\/fr\/abonnements\/graines-girasol-velvet-queen-ecological\/","title":{"rendered":"Graines de tournesol Velvet Queen"},"content":{"rendered":"","protected":false},"excerpt":{"rendered":"<p>Le <strong>tournesol \u00ab\u00a0Velvet Queen\u00a0\u00bb<\/strong><em>(Helianthus annuus<\/em>) est une vari\u00e9t\u00e9 unique et ornementale, qui se distingue par ses <strong>fleurs rouge fonc\u00e9 ou acajou<\/strong>, avec des nuances orange et un centre brun fonc\u00e9. Son port \u00e9l\u00e9gant et sa hauteur mod\u00e9r\u00e9e (entre 1,5 et 2 m\u00e8tres) en font un choix id\u00e9al pour embellir le <strong>verger et le jardin<\/strong>, en cr\u00e9ant un contraste spectaculaire avec d&rsquo;autres plantes. De plus, cette vari\u00e9t\u00e9 attire les pollinisateurs tels que les abeilles et les papillons, favorisant ainsi la biodiversit\u00e9 dans votre espace vert.  <\/p>\n<p><strong>Fleurs exotiques et \u00e9l\u00e9gantes :<\/strong> Leurs p\u00e9tales dans les tons rouge fonc\u00e9 et acajou offrent une touche distinctive et sophistiqu\u00e9e, id\u00e9ale pour apporter de la couleur et de la vie au <strong>verger et au jardin.<\/strong><\/p>\n<p><strong>Attractive pour les pollinisateurs :<\/strong> riche en nectar, cette plante attire les abeilles, les papillons et d&rsquo;autres insectes b\u00e9n\u00e9fiques, favorisant l&rsquo;\u00e9quilibre naturel et la sant\u00e9 de l&rsquo;\u00e9cosyst\u00e8me.<\/p>\n<p><strong>Floraison prolong\u00e9e :<\/strong> offre des fleurs abondantes de la mi-\u00e9t\u00e9 \u00e0 l&rsquo;automne, garantissant un spectacle color\u00e9 tout au long de la saison.<\/p>\n<p><strong>Hauteur mod\u00e9r\u00e9e :<\/strong> Avec une croissance allant jusqu&rsquo;\u00e0 2 m\u00e8tres, il est parfait pour les bordures, les parterres de fleurs ou comme \u00e9l\u00e9ment d\u00e9coratif dans les zones ensoleill\u00e9es.<\/p>\n<p><strong>Rustique et facile \u00e0 cultiver :<\/strong> de croissance rapide et adaptable aux sols bien drain\u00e9s et aux climats ensoleill\u00e9s, il n\u00e9cessite peu de soins et est id\u00e9al pour les jardiniers d\u00e9butants.<\/p>\n<p><strong>Culture biologique :<\/strong> Nos semences sont <strong>100 % biologiques<\/strong>, sans pesticides ni engrais chimiques, ce qui garantit un <strong>jardin<\/strong> durable et respectueux de l&rsquo;environnement.<\/p>\n<p>Apportez une touche sophistiqu\u00e9e et color\u00e9e avec le <strong>Tournesol Reine Velours Bio<\/strong>, et profitez d&rsquo;une floraison \u00e9poustouflante qui apportera vie et beaut\u00e9 \u00e0 votre <strong>jardin et \u00e0 votre verger<\/strong>. Commandez d\u00e8s aujourd&rsquo;hui et transformez votre espace vert avec cette vari\u00e9t\u00e9 unique ! <\/p>\n","protected":false},"featured_media":15984,"comment_status":"open","ping_status":"closed","template":"","meta":{"_acf_changed":false},"product_brand":[],"product_cat":[424,458],"product_tag":[1579],"class_list":{"0":"post-19474","1":"product","2":"type-product","3":"status-publish","4":"has-post-thumbnail","6":"product_cat-semences-biologiques","7":"product_cat-graines-de-fleurs-comestibles-biologiques","8":"product_tag-eco","10":"first","11":"instock","12":"taxable","13":"shipping-taxable","14":"purchasable","15":"product-type-simple"},"acf":[],"_links":{"self":[{"href":"https:\/\/cultivers.es\/fr\/wp-json\/wp\/v2\/product\/19474","targetHints":{"allow":["GET"]}}],"collection":[{"href":"https:\/\/cultivers.es\/fr\/wp-json\/wp\/v2\/product"}],"about":[{"href":"https:\/\/cultivers.es\/fr\/wp-json\/wp\/v2\/types\/product"}],"replies":[{"embeddable":true,"href":"https:\/\/cultivers.es\/fr\/wp-json\/wp\/v2\/comments?post=19474"}],"wp:featuredmedia":[{"embeddable":true,"href":"https:\/\/cultivers.es\/fr\/wp-json\/wp\/v2\/media\/15984"}],"wp:attachment":[{"href":"https:\/\/cultivers.es\/fr\/wp-json\/wp\/v2\/media?parent=19474"}],"wp:term":[{"taxonomy":"product_brand","embeddable":true,"href":"https:\/\/cultivers.es\/fr\/wp-json\/wp\/v2\/product_brand?post=19474"},{"taxonomy":"product_cat","embeddable":true,"href":"https:\/\/cultivers.es\/fr\/wp-json\/wp\/v2\/product_cat?post=19474"},{"taxonomy":"product_tag","embeddable":true,"href":"https:\/\/cultivers.es\/fr\/wp-json\/wp\/v2\/product_tag?post=19474"}],"curies":[{"name":"wp","href":"https:\/\/api.w.org\/{rel}","templated":true}]}}