{"id":19475,"date":"2022-10-07T11:34:34","date_gmt":"2022-10-07T11:34:34","guid":{"rendered":"https:\/\/cultivers.es\/abonos\/facelia-organic-seeds\/"},"modified":"2026-04-07T09:08:57","modified_gmt":"2026-04-07T09:08:57","slug":"graines-de-facelie-biologique","status":"publish","type":"product","link":"https:\/\/cultivers.es\/fr\/abonnements\/graines-de-facelie-biologique\/","title":{"rendered":"Graines de Fac\u00e9lia"},"content":{"rendered":"","protected":false},"excerpt":{"rendered":"<p>La <strong>phac\u00e9lie<\/strong> tanacetifolia<em>(Phacelia tanacetifolia<\/em>) est une plante annuelle appr\u00e9ci\u00e9e pour sa valeur ornementale ainsi que pour ses avantages dans le <strong>jardin et le verger<\/strong>. Avec ses fleurs <strong>lilas ou bleu-violet<\/strong>, la phac\u00e9lie est une excellente plante <strong>mellif\u00e8re<\/strong>, qui attire les abeilles, les papillons et d&rsquo;autres pollinisateurs. Elle est \u00e9galement utilis\u00e9e comme <strong>engrais vert<\/strong>, am\u00e9liorant la fertilit\u00e9 du sol en apportant de la mati\u00e8re organique et en le prot\u00e9geant de l&rsquo;\u00e9rosion.  <\/p>\n<p><strong>Fleurs voyantes et mellif\u00e8res :<\/strong> produit de d\u00e9licates fleurs lilas ou violettes qui embellissent tout espace, tout en fournissant du nectar en abondance pour les pollinisateurs.<\/p>\n<p><strong>Am\u00e9liore la fertilit\u00e9 des sols :<\/strong> Utilis\u00e9e comme engrais vert, la phac\u00e9lie fixe les nutriments, am\u00e9liore la structure du sol et aide \u00e0 lutter contre les mauvaises herbes.<\/p>\n<p><strong>Attractive pour les pollinisateurs :<\/strong> c&rsquo;est une plante pr\u00e9f\u00e9r\u00e9e des abeilles et autres insectes b\u00e9n\u00e9fiques, qui contribue \u00e0 la biodiversit\u00e9 et \u00e0 la pollinisation des cultures dans le <strong>verger et le jardin.<\/strong><\/p>\n<p><strong>Floraison prolong\u00e9e :<\/strong> elle fleurit du printemps \u00e0 la fin de l&rsquo;\u00e9t\u00e9, offrant un spectacle continu de couleurs et de vie naturelle.<\/p>\n<p><strong>Facile \u00e0 cultiver :<\/strong> Il pousse rapidement et s&rsquo;adapte \u00e0 diff\u00e9rents types de sols et de climats, ce qui le rend id\u00e9al pour les d\u00e9butants et les jardiniers exp\u00e9riment\u00e9s.<\/p>\n<p><strong>Culture biologique :<\/strong> Nos semences sont <strong>100% biologiques<\/strong>, sans pesticides ni engrais chimiques, ce qui garantit un <strong>jardin<\/strong> durable et respectueux de l&rsquo;environnement.<\/p>\n<p>Profitez des bienfaits de <strong>Fac\u00e9lia Ecol\u00f3gica<\/strong> pour attirer les pollinisateurs, prot\u00e9ger vos sols et embellir votre <strong>verger et votre jardin<\/strong> avec sa floraison spectaculaire. Commandez d\u00e8s aujourd&rsquo;hui et am\u00e9liorez la sant\u00e9 de votre espace vert de mani\u00e8re naturelle ! <\/p>\n","protected":false},"featured_media":15974,"comment_status":"open","ping_status":"closed","template":"","meta":{"_acf_changed":false},"product_brand":[],"product_cat":[424,458],"product_tag":[1579],"woo-feed-brand":[],"class_list":{"0":"post-19475","1":"product","2":"type-product","3":"status-publish","4":"has-post-thumbnail","6":"product_cat-semences-biologiques","7":"product_cat-graines-de-fleurs-comestibles-biologiques","8":"product_tag-eco","10":"first","11":"instock","12":"taxable","13":"shipping-taxable","14":"purchasable","15":"product-type-simple"},"acf":[],"_links":{"self":[{"href":"https:\/\/cultivers.es\/fr\/wp-json\/wp\/v2\/product\/19475","targetHints":{"allow":["GET"]}}],"collection":[{"href":"https:\/\/cultivers.es\/fr\/wp-json\/wp\/v2\/product"}],"about":[{"href":"https:\/\/cultivers.es\/fr\/wp-json\/wp\/v2\/types\/product"}],"replies":[{"embeddable":true,"href":"https:\/\/cultivers.es\/fr\/wp-json\/wp\/v2\/comments?post=19475"}],"wp:featuredmedia":[{"embeddable":true,"href":"https:\/\/cultivers.es\/fr\/wp-json\/wp\/v2\/media\/15974"}],"wp:attachment":[{"href":"https:\/\/cultivers.es\/fr\/wp-json\/wp\/v2\/media?parent=19475"}],"wp:term":[{"taxonomy":"product_brand","embeddable":true,"href":"https:\/\/cultivers.es\/fr\/wp-json\/wp\/v2\/product_brand?post=19475"},{"taxonomy":"product_cat","embeddable":true,"href":"https:\/\/cultivers.es\/fr\/wp-json\/wp\/v2\/product_cat?post=19475"},{"taxonomy":"product_tag","embeddable":true,"href":"https:\/\/cultivers.es\/fr\/wp-json\/wp\/v2\/product_tag?post=19475"},{"taxonomy":"woo-feed-brand","embeddable":true,"href":"https:\/\/cultivers.es\/fr\/wp-json\/wp\/v2\/woo-feed-brand?post=19475"}],"curies":[{"name":"wp","href":"https:\/\/api.w.org\/{rel}","templated":true}]}}