{"id":19476,"date":"2022-10-07T11:35:22","date_gmt":"2022-10-07T11:35:22","guid":{"rendered":"https:\/\/cultivers.es\/abonos\/graines-de-tournesol-geantes-biologiques\/"},"modified":"2025-09-22T05:15:45","modified_gmt":"2025-09-22T05:15:45","slug":"graines-giant-ecologique-sunflower-seed","status":"publish","type":"product","link":"https:\/\/cultivers.es\/fr\/abonnements\/graines-giant-ecologique-sunflower-seed\/","title":{"rendered":"Graines de tournesol g\u00e9antes"},"content":{"rendered":"","protected":false},"excerpt":{"rendered":"<p>Le <strong>tournesol g\u00e9ant<\/strong><em>(Helianthus annuus<\/em>) est une plante annuelle impressionnante, connue pour ses <strong>grandes fleurs jaunes<\/strong> et sa hauteur majestueuse, qui peut atteindre <strong>3 m\u00e8tres.<\/strong> Cette vari\u00e9t\u00e9 n&rsquo;apporte pas seulement une touche spectaculaire au <strong>jardin et au verger<\/strong>, mais constitue \u00e9galement un excellent choix pour attirer les pollinisateurs tels que les abeilles et les papillons. En outre, ses graines comestibles sont riches en nutriments et parfaites pour la consommation humaine ainsi que pour nourrir les oiseaux et les petits animaux.  <\/p>\n<p><strong>Grandes fleurs remarquables :<\/strong> Les t\u00eates de fleurs imposantes, avec leurs p\u00e9tales jaunes et leur centre sombre, deviennent le centre d&rsquo;attention dans n&rsquo;importe quel espace vert.<\/p>\n<p><strong>Attractive pour les pollinisateurs :<\/strong> riche en nectar, cette plante attire les abeilles, les papillons et d&rsquo;autres insectes utiles, favorisant ainsi la biodiversit\u00e9 dans le <strong>verger et le jardin.<\/strong><\/p>\n<p><strong>Production de graines comestibles :<\/strong> les graines du tournesol g\u00e9ant sont nutritives et peuvent \u00eatre consomm\u00e9es r\u00f4ties ou dans des recettes. Elles servent \u00e9galement de nourriture aux oiseaux et \u00e0 la faune locale.<\/p>\n<p><strong>Rustique et facile \u00e0 cultiver :<\/strong> c&rsquo;est une plante rustique qui pousse rapidement et s&rsquo;adapte aux sols ensoleill\u00e9s et bien drain\u00e9s, ce qui la rend id\u00e9ale pour les jardiniers de tous niveaux.<\/p>\n<p><strong>D\u00e9coratif et fonctionnel :<\/strong> parfait pour cr\u00e9er des bordures naturelles, comme brise-vent ou simplement pour embellir et donner de la hauteur aux parterres de fleurs ou aux espaces ouverts.<\/p>\n<p><strong>Riche en nutriments :<\/strong> Ses graines sont une source de prot\u00e9ines, de graisses saines et de vitamine E, id\u00e9ale pour compl\u00e9ter un r\u00e9gime alimentaire \u00e9quilibr\u00e9.<\/p>\n<p><strong>Culture biologique :<\/strong> Nos semences sont <strong>100 % biologiques<\/strong>, sans pesticides ni engrais chimiques, ce qui favorise un <strong>jardin<\/strong> durable et respectueux de l&rsquo;environnement.<\/p>\n<p>Profitez de la beaut\u00e9, de la hauteur et de la fonctionnalit\u00e9 du <strong>tournesol g\u00e9ant biologique<\/strong>, une plante spectaculaire qui apportera de la vie, de la couleur et de la vitalit\u00e9 \u00e0 votre <strong>jardin et \u00e0 votre verger<\/strong>. <\/p>\n","protected":false},"featured_media":15979,"comment_status":"open","ping_status":"closed","template":"","meta":{"_acf_changed":false},"product_brand":[],"product_cat":[424,458],"product_tag":[1579],"class_list":{"0":"post-19476","1":"product","2":"type-product","3":"status-publish","4":"has-post-thumbnail","6":"product_cat-semences-biologiques","7":"product_cat-graines-de-fleurs-comestibles-biologiques","8":"product_tag-eco","10":"first","11":"instock","12":"taxable","13":"shipping-taxable","14":"purchasable","15":"product-type-simple"},"acf":[],"_links":{"self":[{"href":"https:\/\/cultivers.es\/fr\/wp-json\/wp\/v2\/product\/19476","targetHints":{"allow":["GET"]}}],"collection":[{"href":"https:\/\/cultivers.es\/fr\/wp-json\/wp\/v2\/product"}],"about":[{"href":"https:\/\/cultivers.es\/fr\/wp-json\/wp\/v2\/types\/product"}],"replies":[{"embeddable":true,"href":"https:\/\/cultivers.es\/fr\/wp-json\/wp\/v2\/comments?post=19476"}],"wp:featuredmedia":[{"embeddable":true,"href":"https:\/\/cultivers.es\/fr\/wp-json\/wp\/v2\/media\/15979"}],"wp:attachment":[{"href":"https:\/\/cultivers.es\/fr\/wp-json\/wp\/v2\/media?parent=19476"}],"wp:term":[{"taxonomy":"product_brand","embeddable":true,"href":"https:\/\/cultivers.es\/fr\/wp-json\/wp\/v2\/product_brand?post=19476"},{"taxonomy":"product_cat","embeddable":true,"href":"https:\/\/cultivers.es\/fr\/wp-json\/wp\/v2\/product_cat?post=19476"},{"taxonomy":"product_tag","embeddable":true,"href":"https:\/\/cultivers.es\/fr\/wp-json\/wp\/v2\/product_tag?post=19476"}],"curies":[{"name":"wp","href":"https:\/\/api.w.org\/{rel}","templated":true}]}}