{"id":19477,"date":"2022-10-07T11:37:52","date_gmt":"2022-10-07T11:37:52","guid":{"rendered":"https:\/\/cultivers.es\/abonos\/graines-dhibiscus-bio\/"},"modified":"2025-09-22T05:15:52","modified_gmt":"2025-09-22T05:15:52","slug":"graines-dinhibiscus-bio","status":"publish","type":"product","link":"https:\/\/cultivers.es\/fr\/abonnements\/graines-dinhibiscus-bio\/","title":{"rendered":"Graines d&rsquo;hibiscus"},"content":{"rendered":"","protected":false},"excerpt":{"rendered":"<p>L&rsquo;<strong>hibiscus<\/strong><em>(Hibiscus sabdariffa<\/em>), \u00e9galement connu sous le nom de <strong>rose d&rsquo;hibiscus<\/strong> ou de <strong>th\u00e9 d&rsquo;hibiscus<\/strong>, est une plante ornementale et fonctionnelle, appr\u00e9ci\u00e9e pour ses grandes <strong>fleurs aux teintes \u00e9clatantes<\/strong> et pour ses propri\u00e9t\u00e9s culinaires et m\u00e9dicinales. Ses fleurs et ses calices sont id\u00e9aux pour pr\u00e9parer des <strong>infusions rafra\u00eechissantes<\/strong>, des confitures et des boissons naturelles, tandis que sa pr\u00e9sence dans le <strong>verger et le jardin<\/strong> apporte une touche exotique et color\u00e9e. C&rsquo;est aussi une plante qui attire les pollinisateurs, contribuant ainsi \u00e0 renforcer l&rsquo;\u00e9cosyst\u00e8me local.  <\/p>\n<p><strong>Grandes fleurs exotiques :<\/strong> leurs fleurs rouges, roses ou blanches \u00e9clatantes apportent une touche tropicale et \u00e9l\u00e9gante au <strong>jardin et au verger<\/strong>.<\/p>\n<p><strong>Utilisation culinaire : les<\/strong> calices d&rsquo;hibiscus sont parfaits pour la pr\u00e9paration de <strong>tisanes<\/strong>, de boissons froides, de confitures et de desserts, apportant un go\u00fbt rafra\u00eechissant avec une touche fruit\u00e9e et acidul\u00e9e.<\/p>\n<p><strong>Propri\u00e9t\u00e9s m\u00e9dicinales : l<\/strong> &lsquo;hibiscus est connu pour ses vertus antioxydantes, diur\u00e9tiques et digestives, contribuant \u00e0 <strong>rafra\u00eechir et \u00e0 revitaliser l&rsquo;organisme<\/strong>.<\/p>\n<p><strong>Attractif pour les pollinisateurs :<\/strong> Ses fleurs riches en nectar attirent les abeilles, les papillons et d&rsquo;autres insectes b\u00e9n\u00e9fiques, favorisant ainsi la biodiversit\u00e9 dans le <strong>verger et le jardin.<\/strong><\/p>\n<p><strong>Facile \u00e0 cultiver :<\/strong> Plante rustique \u00e0 croissance rapide, id\u00e9ale pour les climats chauds et ensoleill\u00e9s, s&rsquo;adaptant bien aux sols riches et bien drain\u00e9s.<\/p>\n<p><strong>Culture biologique :<\/strong> Nos semences sont <strong>100 % biologiques<\/strong>, sans pesticides ni engrais chimiques, ce qui garantit un <strong>jardin<\/strong> durable et respectueux de l&rsquo;environnement.<\/p>\n<p>Ajoutez l&rsquo;<strong>hibiscus biologique<\/strong> \u00e0 votre <strong>jardin et \u00e0<\/strong> votre potager pour profiter de sa beaut\u00e9 ornementale, de ses propri\u00e9t\u00e9s naturelles et de sa polyvalence culinaire. Une plante unique qui allie \u00e9l\u00e9gance, saveur et bien-\u00eatre, commandez d\u00e8s aujourd&rsquo;hui !  <\/p>\n","protected":false},"featured_media":15994,"comment_status":"open","ping_status":"closed","template":"","meta":{"_acf_changed":false},"product_brand":[],"product_cat":[424,458],"product_tag":[1579],"class_list":{"0":"post-19477","1":"product","2":"type-product","3":"status-publish","4":"has-post-thumbnail","6":"product_cat-semences-biologiques","7":"product_cat-graines-de-fleurs-comestibles-biologiques","8":"product_tag-eco","10":"first","11":"instock","12":"sale","13":"taxable","14":"shipping-taxable","15":"purchasable","16":"product-type-simple"},"acf":[],"_links":{"self":[{"href":"https:\/\/cultivers.es\/fr\/wp-json\/wp\/v2\/product\/19477","targetHints":{"allow":["GET"]}}],"collection":[{"href":"https:\/\/cultivers.es\/fr\/wp-json\/wp\/v2\/product"}],"about":[{"href":"https:\/\/cultivers.es\/fr\/wp-json\/wp\/v2\/types\/product"}],"replies":[{"embeddable":true,"href":"https:\/\/cultivers.es\/fr\/wp-json\/wp\/v2\/comments?post=19477"}],"wp:featuredmedia":[{"embeddable":true,"href":"https:\/\/cultivers.es\/fr\/wp-json\/wp\/v2\/media\/15994"}],"wp:attachment":[{"href":"https:\/\/cultivers.es\/fr\/wp-json\/wp\/v2\/media?parent=19477"}],"wp:term":[{"taxonomy":"product_brand","embeddable":true,"href":"https:\/\/cultivers.es\/fr\/wp-json\/wp\/v2\/product_brand?post=19477"},{"taxonomy":"product_cat","embeddable":true,"href":"https:\/\/cultivers.es\/fr\/wp-json\/wp\/v2\/product_cat?post=19477"},{"taxonomy":"product_tag","embeddable":true,"href":"https:\/\/cultivers.es\/fr\/wp-json\/wp\/v2\/product_tag?post=19477"}],"curies":[{"name":"wp","href":"https:\/\/api.w.org\/{rel}","templated":true}]}}