{"id":19478,"date":"2022-10-07T11:36:36","date_gmt":"2022-10-07T11:36:36","guid":{"rendered":"https:\/\/cultivers.es\/abonos\/graines-dechinacee-bio\/"},"modified":"2025-09-22T05:06:44","modified_gmt":"2025-09-22T05:06:44","slug":"semences-equinacea-ecologique","status":"publish","type":"product","link":"https:\/\/cultivers.es\/fr\/abonnements\/semences-equinacea-ecologique\/","title":{"rendered":"Graines d&rsquo;\u00e9chinac\u00e9e"},"content":{"rendered":"","protected":false},"excerpt":{"rendered":"<p>L&rsquo;<strong>\u00e9chinac\u00e9e<\/strong><em>(Echinacea purpurea<\/em>) est une plante vivace connue \u00e0 la fois pour sa <strong>beaut\u00e9 ornementale<\/strong> et ses propri\u00e9t\u00e9s m\u00e9dicinales r\u00e9put\u00e9es. Ses <strong>grandes fleurs<\/strong> <strong>rose-violet<\/strong> au centre conique orange attirent les pollinisateurs tels que les abeilles et les papillons, ce qui en fait un choix id\u00e9al pour embellir le <strong>verger et le jardin<\/strong>. Elle est \u00e9galement tr\u00e8s appr\u00e9ci\u00e9e en phytoth\u00e9rapie pour son utilisation traditionnelle dans le <strong>renforcement du syst\u00e8me immunitaire<\/strong> et le soulagement des probl\u00e8mes respiratoires.  <\/p>\n<p><strong>Fleurs voyantes et attrayantes :<\/strong> leurs p\u00e9tales violets, combin\u00e9s \u00e0 leur centre conique orange, apportent une touche vibrante et naturelle au <strong>potager et au verger.<\/strong><\/p>\n<p><strong>Attractif pour les pollinisateurs :<\/strong> Ses fleurs riches en nectar attirent les abeilles, les papillons et d&rsquo;autres insectes utiles, favorisant ainsi la biodiversit\u00e9 dans votre espace vert.<\/p>\n<p><strong>Propri\u00e9t\u00e9s m\u00e9dicinales :<\/strong> Traditionnellement utilis\u00e9e dans les tisanes et les pr\u00e9parations naturelles, l&rsquo;\u00e9chinac\u00e9e est connue pour <strong>renforcer le syst\u00e8me immunitaire<\/strong> et aider \u00e0 combattre le rhume et la grippe.<\/p>\n<p><strong>Floraison prolong\u00e9e :<\/strong> Elle fleurit du milieu de l&rsquo;\u00e9t\u00e9 \u00e0 l&rsquo;automne, offrant un spectacle naturel et durable de couleur et de vie.<\/p>\n<p><strong>Rustique et adaptable :<\/strong> C&rsquo;est une plante rustique qui s&rsquo;adapte bien \u00e0 diff\u00e9rents types de sols et de climats, et qui est r\u00e9sistante \u00e0 la s\u00e9cheresse et facile \u00e0 entretenir.<\/p>\n<p><strong>Culture biologique :<\/strong> Nos semences sont <strong>100 % biologiques<\/strong>, sans pesticides ni engrais chimiques, ce qui favorise un <strong>jardin<\/strong> durable et respectueux de l&rsquo;environnement.<\/p>\n<p>Embellissez votre <strong>jardin et votre verger<\/strong> avec l&rsquo;<strong>\u00e9chinac\u00e9e biologique<\/strong>, une plante \u00e9l\u00e9gante et b\u00e9n\u00e9fique qui allie valeur ornementale et propri\u00e9t\u00e9s naturelles pour la sant\u00e9. <\/p>\n","protected":false},"featured_media":15969,"comment_status":"open","ping_status":"closed","template":"","meta":{"_acf_changed":false},"product_brand":[],"product_cat":[424,458],"product_tag":[1579],"woo-feed-brand":[],"class_list":{"0":"post-19478","1":"product","2":"type-product","3":"status-publish","4":"has-post-thumbnail","6":"product_cat-semences-biologiques","7":"product_cat-graines-de-fleurs-comestibles-biologiques","8":"product_tag-eco","10":"first","11":"instock","12":"taxable","13":"shipping-taxable","14":"purchasable","15":"product-type-simple"},"acf":[],"_links":{"self":[{"href":"https:\/\/cultivers.es\/fr\/wp-json\/wp\/v2\/product\/19478","targetHints":{"allow":["GET"]}}],"collection":[{"href":"https:\/\/cultivers.es\/fr\/wp-json\/wp\/v2\/product"}],"about":[{"href":"https:\/\/cultivers.es\/fr\/wp-json\/wp\/v2\/types\/product"}],"replies":[{"embeddable":true,"href":"https:\/\/cultivers.es\/fr\/wp-json\/wp\/v2\/comments?post=19478"}],"wp:featuredmedia":[{"embeddable":true,"href":"https:\/\/cultivers.es\/fr\/wp-json\/wp\/v2\/media\/15969"}],"wp:attachment":[{"href":"https:\/\/cultivers.es\/fr\/wp-json\/wp\/v2\/media?parent=19478"}],"wp:term":[{"taxonomy":"product_brand","embeddable":true,"href":"https:\/\/cultivers.es\/fr\/wp-json\/wp\/v2\/product_brand?post=19478"},{"taxonomy":"product_cat","embeddable":true,"href":"https:\/\/cultivers.es\/fr\/wp-json\/wp\/v2\/product_cat?post=19478"},{"taxonomy":"product_tag","embeddable":true,"href":"https:\/\/cultivers.es\/fr\/wp-json\/wp\/v2\/product_tag?post=19478"},{"taxonomy":"woo-feed-brand","embeddable":true,"href":"https:\/\/cultivers.es\/fr\/wp-json\/wp\/v2\/woo-feed-brand?post=19478"}],"curies":[{"name":"wp","href":"https:\/\/api.w.org\/{rel}","templated":true}]}}