{"id":19486,"date":"2022-10-07T11:31:14","date_gmt":"2022-10-07T11:31:14","guid":{"rendered":"https:\/\/cultivers.es\/abonos\/graines-de-bleuet-bio\/"},"modified":"2025-09-22T04:42:44","modified_gmt":"2025-09-22T04:42:44","slug":"semences-biologiques-aciennes-ecologiques","status":"publish","type":"product","link":"https:\/\/cultivers.es\/fr\/abonnements\/semences-biologiques-aciennes-ecologiques\/","title":{"rendered":"Graines de bleuet"},"content":{"rendered":"","protected":false},"excerpt":{"rendered":"<p>Le <strong>bleuet<\/strong><em>(Centaurea cyanus<\/em>), \u00e9galement appel\u00e9 \u00ab\u00a0azulejo\u00a0\u00bb ou \u00ab\u00a0fleur de gen\u00eat\u00a0\u00bb, est une plante annuelle appr\u00e9ci\u00e9e pour ses <strong>fleurs d&rsquo;un bleu intense<\/strong>, qui apportent une touche sauvage et \u00e9l\u00e9gante au <strong>verger et au jardin<\/strong>. Outre sa valeur ornementale, le bleuet est une plante b\u00e9n\u00e9fique qui attire les pollinisateurs tels que les abeilles et les papillons, contribuant ainsi \u00e0 la biodiversit\u00e9 et \u00e0 l&rsquo;\u00e9quilibre naturel de l&rsquo;environnement. Il est id\u00e9al pour les prairies naturelles, les bordures fleuries ou comme fleur coup\u00e9e pour les arrangements d\u00e9coratifs.  <\/p>\n<p><strong>Fleurs bleues \u00e9l\u00e9gantes :<\/strong> Leurs fleurs bleues d\u00e9licates et vibrantes embellissent n&rsquo;importe quel espace, apportant une touche naturelle et color\u00e9e au <strong>potager et au verger<\/strong>.<\/p>\n<p><strong>Attractif pour les pollinisateurs :<\/strong> Ses fleurs sont riches en nectar, ce qui en fait une source de nourriture essentielle pour les abeilles, les papillons et d&rsquo;autres insectes b\u00e9n\u00e9fiques.<\/p>\n<p><strong>Floraison prolong\u00e9e :<\/strong> Elle fleurit au printemps et en \u00e9t\u00e9, offrant un spectacle de couleurs continu pendant des mois.<\/p>\n<p><strong>Utilisation dans les compositions florales :<\/strong> Ses fleurs sont parfaites comme fleurs coup\u00e9es, que ce soit pour des bouquets frais ou des compositions s\u00e9ch\u00e9es, gr\u00e2ce \u00e0 leur durabilit\u00e9 et \u00e0 leur couleur attrayante.<\/p>\n<p><strong>Facile \u00e0 cultiver :<\/strong> C&rsquo;est une plante rustique, r\u00e9sistante et n\u00e9cessitant peu d&rsquo;entretien, qui s&rsquo;adapte bien aux sols pauvres et aux climats vari\u00e9s, id\u00e9ale pour les d\u00e9butants et les jardiniers exp\u00e9riment\u00e9s.<\/p>\n<p><strong>Culture biologique :<\/strong> Nos semences sont <strong>100 % biologiques<\/strong>, sans pesticides ni engrais chimiques, ce qui favorise un <strong>jardin<\/strong> durable et respectueux de l&rsquo;environnement.<\/p>\n<p>Cultivez le <strong>bleuet biologique<\/strong> et profitez de sa beaut\u00e9 sauvage, de sa capacit\u00e9 \u00e0 attirer les pollinisateurs et de sa valeur d\u00e9corative, transformant votre <strong>verger et votre jardin<\/strong> en un espace plein de vie et de couleurs.<\/p>\n","protected":false},"featured_media":15964,"comment_status":"open","ping_status":"closed","template":"","meta":{"_acf_changed":false},"product_brand":[],"product_cat":[424,458],"product_tag":[1579],"woo-feed-brand":[],"class_list":{"0":"post-19486","1":"product","2":"type-product","3":"status-publish","4":"has-post-thumbnail","6":"product_cat-semences-biologiques","7":"product_cat-graines-de-fleurs-comestibles-biologiques","8":"product_tag-eco","10":"first","11":"instock","12":"taxable","13":"shipping-taxable","14":"purchasable","15":"product-type-simple"},"acf":[],"_links":{"self":[{"href":"https:\/\/cultivers.es\/fr\/wp-json\/wp\/v2\/product\/19486","targetHints":{"allow":["GET"]}}],"collection":[{"href":"https:\/\/cultivers.es\/fr\/wp-json\/wp\/v2\/product"}],"about":[{"href":"https:\/\/cultivers.es\/fr\/wp-json\/wp\/v2\/types\/product"}],"replies":[{"embeddable":true,"href":"https:\/\/cultivers.es\/fr\/wp-json\/wp\/v2\/comments?post=19486"}],"wp:featuredmedia":[{"embeddable":true,"href":"https:\/\/cultivers.es\/fr\/wp-json\/wp\/v2\/media\/15964"}],"wp:attachment":[{"href":"https:\/\/cultivers.es\/fr\/wp-json\/wp\/v2\/media?parent=19486"}],"wp:term":[{"taxonomy":"product_brand","embeddable":true,"href":"https:\/\/cultivers.es\/fr\/wp-json\/wp\/v2\/product_brand?post=19486"},{"taxonomy":"product_cat","embeddable":true,"href":"https:\/\/cultivers.es\/fr\/wp-json\/wp\/v2\/product_cat?post=19486"},{"taxonomy":"product_tag","embeddable":true,"href":"https:\/\/cultivers.es\/fr\/wp-json\/wp\/v2\/product_tag?post=19486"},{"taxonomy":"woo-feed-brand","embeddable":true,"href":"https:\/\/cultivers.es\/fr\/wp-json\/wp\/v2\/woo-feed-brand?post=19486"}],"curies":[{"name":"wp","href":"https:\/\/api.w.org\/{rel}","templated":true}]}}