{"id":19504,"date":"2022-10-07T08:33:14","date_gmt":"2022-10-07T08:33:14","guid":{"rendered":"https:\/\/cultivers.es\/abonos\/semences-de-souci-bio\/"},"modified":"2025-09-22T04:42:52","modified_gmt":"2025-09-22T04:42:52","slug":"bio-calendula-seeds","status":"publish","type":"product","link":"https:\/\/cultivers.es\/fr\/abonnements\/bio-calendula-seeds\/","title":{"rendered":"Semences de Souci Demeter biodynamiques"},"content":{"rendered":"","protected":false},"excerpt":{"rendered":"<p>Remplissez votre jardin de couleurs et de bienfaits avec nos graines de souci bio Demeter. Cette plante, connue \u00e0 la fois pour sa beaut\u00e9 ornementale et ses propri\u00e9t\u00e9s m\u00e9dicinales, est parfaite pour embellir tout jardin ou potager. Les fleurs de souci n&rsquo;attirent pas seulement les pollinisateurs, elles peuvent aussi \u00eatre utilis\u00e9es dans les tisanes, les huiles et les produits de soins naturels. Avec la certification Demeter, vous pouvez \u00eatre s\u00fbr que vous cultivez de mani\u00e8re durable et respectueuse de l&rsquo;environnement.   <\/p>\n<ul>\n<li>Les <strong>fleurs sont vives et durables :<\/strong> les soucis produisent des fleurs orange ou jaunes vibrantes qui \u00e9gayeront n&rsquo;importe quel jardin. Outre leur valeur esth\u00e9tique, ces fleurs sont comestibles et peuvent \u00eatre utilis\u00e9es pour d\u00e9corer des salades ou pr\u00e9parer des tisanes. <\/li>\n<li><strong>Propri\u00e9t\u00e9s m\u00e9dicinales :<\/strong> Connu pour ses propri\u00e9t\u00e9s anti-inflammatoires et cicatrisantes, le calendula est couramment utilis\u00e9 dans les rem\u00e8des naturels pour les soins de la peau et dans les huiles essentielles. Il est id\u00e9al pour ceux qui recherchent des plantes \u00e0 usage m\u00e9dicinal. <\/li>\n<li><strong>Attraction des pollinisateurs : le<\/strong> souci est excellent pour attirer les abeilles et les papillons dans votre jardin, contribuant ainsi \u00e0 la biodiversit\u00e9 et am\u00e9liorant la pollinisation des autres plantes.<\/li>\n<li><strong>Facile \u00e0 cultiver :<\/strong> Cette plante est rustique et s&rsquo;adapte bien \u00e0 diff\u00e9rents types de sols et de climats. Id\u00e9ale pour les d\u00e9butants et les jardiniers exp\u00e9riment\u00e9s qui veulent profiter de belles fleurs faciles \u00e0 entretenir. <\/li>\n<li><strong>Certification Demeter :<\/strong> Ces semences sont certifi\u00e9es par Demeter, ce qui garantit qu&rsquo;elles sont cultiv\u00e9es selon les principes de l&rsquo;agriculture biodynamique, dans le respect de la sant\u00e9 du sol et de l&rsquo;\u00e9quilibre naturel de l&rsquo;\u00e9cosyst\u00e8me.<\/li>\n<li><strong>Culture biologique :<\/strong> Nos semences sont 100% biologiques, ce qui assure une culture sans pesticides ni produits chimiques, garantissant une r\u00e9colte saine et durable.<\/li>\n<\/ul>\n<p>Ajoutez de la couleur, de la biodiversit\u00e9 et des propri\u00e9t\u00e9s curatives \u00e0 votre jardin avec nos graines de souci bio Demeter. Parfaites pour ceux qui recherchent une plante ornementale et m\u00e9dicinale, cultiv\u00e9e dans le respect de l&rsquo;environnement, commandez d\u00e8s aujourd&rsquo;hui et profitez de ses multiples bienfaits dans votre jardin !  <\/p>\n","protected":false},"featured_media":45346,"comment_status":"open","ping_status":"closed","template":"","meta":{"_acf_changed":false},"product_brand":[],"product_cat":[424,1303],"product_tag":[1385],"class_list":{"0":"post-19504","1":"product","2":"type-product","3":"status-publish","4":"has-post-thumbnail","6":"product_cat-semences-biologiques","7":"product_cat-graines-de-demeter","8":"product_tag-demeter-fr","10":"first","11":"instock","12":"taxable","13":"shipping-taxable","14":"purchasable","15":"product-type-simple"},"acf":[],"_links":{"self":[{"href":"https:\/\/cultivers.es\/fr\/wp-json\/wp\/v2\/product\/19504","targetHints":{"allow":["GET"]}}],"collection":[{"href":"https:\/\/cultivers.es\/fr\/wp-json\/wp\/v2\/product"}],"about":[{"href":"https:\/\/cultivers.es\/fr\/wp-json\/wp\/v2\/types\/product"}],"replies":[{"embeddable":true,"href":"https:\/\/cultivers.es\/fr\/wp-json\/wp\/v2\/comments?post=19504"}],"wp:featuredmedia":[{"embeddable":true,"href":"https:\/\/cultivers.es\/fr\/wp-json\/wp\/v2\/media\/45346"}],"wp:attachment":[{"href":"https:\/\/cultivers.es\/fr\/wp-json\/wp\/v2\/media?parent=19504"}],"wp:term":[{"taxonomy":"product_brand","embeddable":true,"href":"https:\/\/cultivers.es\/fr\/wp-json\/wp\/v2\/product_brand?post=19504"},{"taxonomy":"product_cat","embeddable":true,"href":"https:\/\/cultivers.es\/fr\/wp-json\/wp\/v2\/product_cat?post=19504"},{"taxonomy":"product_tag","embeddable":true,"href":"https:\/\/cultivers.es\/fr\/wp-json\/wp\/v2\/product_tag?post=19504"}],"curies":[{"name":"wp","href":"https:\/\/api.w.org\/{rel}","templated":true}]}}