{"id":19521,"date":"2022-10-07T08:32:22","date_gmt":"2022-10-07T08:32:22","guid":{"rendered":"https:\/\/cultivers.es\/abonos\/graines-de-carthame-biologiques\/"},"modified":"2025-09-22T05:06:10","modified_gmt":"2025-09-22T05:06:10","slug":"carthamo-ecologique-semences","status":"publish","type":"product","link":"https:\/\/cultivers.es\/fr\/abonnements\/carthamo-ecologique-semences\/","title":{"rendered":"Graines de carthame"},"content":{"rendered":"","protected":false},"excerpt":{"rendered":"<p>Le <strong>carthame<\/strong><em>(Carthamus tinctorius<\/em>) est une plante annuelle tr\u00e8s appr\u00e9ci\u00e9e pour sa valeur ornementale ainsi que pour son utilit\u00e9 dans le <strong>jardin et le verger<\/strong>. Ses fleurs <strong>orange<\/strong> ou <strong>jaunes<\/strong> \u00e9clatantes apportent une touche sauvage et lumineuse, tandis que ses graines ont des applications culinaires et phytoth\u00e9rapeutiques. En outre, le carthame r\u00e9siste \u00e0 la s\u00e9cheresse et attire les pollinisateurs, contribuant ainsi \u00e0 la biodiversit\u00e9 et \u00e0 l&rsquo;\u00e9quilibre naturel de tout espace.  <\/p>\n<p><strong>Fleurs vives et d\u00e9coratives :<\/strong> Elle produit des fleurs dans les tons orange et jaune qui donnent de la vie au <strong>verger et au jardin<\/strong>, et qui sont parfaites pour cr\u00e9er des parterres de fleurs ou des bordures naturelles.<\/p>\n<p><strong>Attractif pour les pollinisateurs :<\/strong> ses fleurs riches en nectar attirent les abeilles et les papillons, ce qui favorise la biodiversit\u00e9 et profite \u00e0 l&rsquo;environnement.<\/p>\n<p><strong>R\u00e9sistant \u00e0 la s\u00e9cheresse :<\/strong> Le carthame est adapt\u00e9 aux sols pauvres et aux conditions s\u00e8ches, ce qui en fait un choix id\u00e9al pour les climats chauds et pour un entretien r\u00e9duit.<\/p>\n<p>Des <strong>graines aux usages traditionnels :<\/strong> Ses graines sont traditionnellement utilis\u00e9es dans l&rsquo;extraction d&rsquo;huiles saines, ainsi que dans des rem\u00e8des naturels pour leurs propri\u00e9t\u00e9s antioxydantes et anti-inflammatoires.<\/p>\n<p><strong>Floraison prolong\u00e9e :<\/strong> Il fleurit du milieu de l&rsquo;\u00e9t\u00e9 \u00e0 l&rsquo;automne, offrant des couleurs pendant une longue saison.<\/p>\n<p><strong>Facile \u00e0 cultiver :<\/strong> Plante robuste et \u00e0 croissance rapide, id\u00e9ale pour les d\u00e9butants et les jardiniers exp\u00e9riment\u00e9s.<\/p>\n<p><strong>Culture biologique :<\/strong> Nos semences sont <strong>100 % biologiques<\/strong>, sans pesticides ni engrais chimiques, ce qui favorise un <strong>jardin<\/strong> durable et respectueux de l&rsquo;environnement.<\/p>\n<p>Cultivez du <strong>carthame biologique<\/strong> et profitez de ses fleurs attrayantes, de ses avantages traditionnels et de sa r\u00e9sistance naturelle, pour donner de la couleur et de la vie \u00e0 votre <strong>jardin<\/strong> de mani\u00e8re durable.<\/p>\n","protected":false},"featured_media":15949,"comment_status":"open","ping_status":"closed","template":"","meta":{"_acf_changed":false},"product_brand":[],"product_cat":[424,458],"product_tag":[1579],"class_list":{"0":"post-19521","1":"product","2":"type-product","3":"status-publish","4":"has-post-thumbnail","6":"product_cat-semences-biologiques","7":"product_cat-graines-de-fleurs-comestibles-biologiques","8":"product_tag-eco","10":"first","11":"instock","12":"taxable","13":"shipping-taxable","14":"purchasable","15":"product-type-simple"},"acf":[],"_links":{"self":[{"href":"https:\/\/cultivers.es\/fr\/wp-json\/wp\/v2\/product\/19521","targetHints":{"allow":["GET"]}}],"collection":[{"href":"https:\/\/cultivers.es\/fr\/wp-json\/wp\/v2\/product"}],"about":[{"href":"https:\/\/cultivers.es\/fr\/wp-json\/wp\/v2\/types\/product"}],"replies":[{"embeddable":true,"href":"https:\/\/cultivers.es\/fr\/wp-json\/wp\/v2\/comments?post=19521"}],"wp:featuredmedia":[{"embeddable":true,"href":"https:\/\/cultivers.es\/fr\/wp-json\/wp\/v2\/media\/15949"}],"wp:attachment":[{"href":"https:\/\/cultivers.es\/fr\/wp-json\/wp\/v2\/media?parent=19521"}],"wp:term":[{"taxonomy":"product_brand","embeddable":true,"href":"https:\/\/cultivers.es\/fr\/wp-json\/wp\/v2\/product_brand?post=19521"},{"taxonomy":"product_cat","embeddable":true,"href":"https:\/\/cultivers.es\/fr\/wp-json\/wp\/v2\/product_cat?post=19521"},{"taxonomy":"product_tag","embeddable":true,"href":"https:\/\/cultivers.es\/fr\/wp-json\/wp\/v2\/product_tag?post=19521"}],"curies":[{"name":"wp","href":"https:\/\/api.w.org\/{rel}","templated":true}]}}