{"id":19522,"date":"2022-10-07T08:10:39","date_gmt":"2022-10-07T08:10:39","guid":{"rendered":"https:\/\/cultivers.es\/abonos\/graines-de-tournesol-mexicaines-biologiques\/"},"modified":"2025-09-22T04:42:32","modified_gmt":"2025-09-22T04:42:32","slug":"bio-mexicano-ecologique-sunflower-seeds","status":"publish","type":"product","link":"https:\/\/cultivers.es\/fr\/abonnements\/bio-mexicano-ecologique-sunflower-seeds\/","title":{"rendered":"Graines de tournesol mexicaines"},"content":{"rendered":"","protected":false},"excerpt":{"rendered":"<p>Le <strong>tournesol mexicain<\/strong><em>(Tithonia rotundifolia<\/em>) est une plante ornementale connue pour ses fleurs d&rsquo;<strong>un orange profond<\/strong> et son port \u00e9l\u00e9gant. Ses grandes fleurs, semblables \u00e0 des marguerites, ajoutent non seulement une touche exotique et vibrante au <strong>jardin et au verger<\/strong>, mais attirent \u00e9galement les pollinisateurs tels que les abeilles, les papillons et d&rsquo;autres insectes b\u00e9n\u00e9fiques. Rustique et \u00e0 croissance rapide, le tournesol mexicain est id\u00e9al pour cr\u00e9er des bordures fleuries, des parterres de fleurs ou pour embellir les espaces naturels.  <\/p>\n<p><strong>Fleurs grandes et vibrantes :<\/strong> Ses spectaculaires fleurs orange vif se distinguent dans n&rsquo;importe quel espace, apportant de la vie et une touche tropicale au <strong>verger et au jardin.<\/strong><\/p>\n<p><strong>Attractive pour les pollinisateurs :<\/strong> c&rsquo;est une plante qui attire les abeilles, les papillons et d&rsquo;autres insectes, favorisant ainsi la biodiversit\u00e9 et l&rsquo;\u00e9quilibre naturel de l&rsquo;environnement.<\/p>\n<p><strong>Croissance rapide et rustique :<\/strong> Cette vari\u00e9t\u00e9 pousse facilement et rapidement, s&rsquo;adaptant aux sols secs et aux climats chauds. Elle est parfaite pour les zones ensoleill\u00e9es.<\/p>\n<p><strong>Floraison prolong\u00e9e :<\/strong> offre une floraison g\u00e9n\u00e9reuse de la mi-\u00e9t\u00e9 \u00e0 l&rsquo;automne, garantissant un spectacle visuel de longue dur\u00e9e.<\/p>\n<p><strong>Facile \u00e0 cultiver :<\/strong> elle ne n\u00e9cessite pas beaucoup de soins, ce qui la rend id\u00e9ale pour les d\u00e9butants comme pour les jardiniers exp\u00e9riment\u00e9s. Elle peut \u00eatre cultiv\u00e9e directement en pleine terre ou dans de grands pots. <\/p>\n<p><strong>Culture biologique :<\/strong> Nos semences sont <strong>100 % biologiques<\/strong>, sans pesticides ni engrais chimiques, ce qui garantit un <strong>jardin<\/strong> durable et respectueux de l&rsquo;environnement.<\/p>\n<p>Remplissez votre <strong>verger ou votre jardin<\/strong> de couleurs, de vie et de pollinisateurs avec le <strong>tournesol mexicain biologique<\/strong>. Un choix parfait pour une plante rustique, ornementale et \u00e9nerg\u00e9tique. Commandez d\u00e8s aujourd&rsquo;hui et transformez votre espace en un paradis naturel !  <\/p>\n","protected":false},"featured_media":15939,"comment_status":"open","ping_status":"closed","template":"","meta":{"_acf_changed":false},"product_brand":[],"product_cat":[424,464],"product_tag":[1579],"class_list":{"0":"post-19522","1":"product","2":"type-product","3":"status-publish","4":"has-post-thumbnail","6":"product_cat-semences-biologiques","7":"product_cat-semences-de-fleurs-biologiques","8":"product_tag-eco","10":"first","11":"outofstock","12":"sale","13":"taxable","14":"shipping-taxable","15":"purchasable","16":"product-type-simple"},"acf":[],"_links":{"self":[{"href":"https:\/\/cultivers.es\/fr\/wp-json\/wp\/v2\/product\/19522","targetHints":{"allow":["GET"]}}],"collection":[{"href":"https:\/\/cultivers.es\/fr\/wp-json\/wp\/v2\/product"}],"about":[{"href":"https:\/\/cultivers.es\/fr\/wp-json\/wp\/v2\/types\/product"}],"replies":[{"embeddable":true,"href":"https:\/\/cultivers.es\/fr\/wp-json\/wp\/v2\/comments?post=19522"}],"wp:featuredmedia":[{"embeddable":true,"href":"https:\/\/cultivers.es\/fr\/wp-json\/wp\/v2\/media\/15939"}],"wp:attachment":[{"href":"https:\/\/cultivers.es\/fr\/wp-json\/wp\/v2\/media?parent=19522"}],"wp:term":[{"taxonomy":"product_brand","embeddable":true,"href":"https:\/\/cultivers.es\/fr\/wp-json\/wp\/v2\/product_brand?post=19522"},{"taxonomy":"product_cat","embeddable":true,"href":"https:\/\/cultivers.es\/fr\/wp-json\/wp\/v2\/product_cat?post=19522"},{"taxonomy":"product_tag","embeddable":true,"href":"https:\/\/cultivers.es\/fr\/wp-json\/wp\/v2\/product_tag?post=19522"}],"curies":[{"name":"wp","href":"https:\/\/api.w.org\/{rel}","templated":true}]}}