{"id":19523,"date":"2022-10-07T08:31:17","date_gmt":"2022-10-07T08:31:17","guid":{"rendered":"https:\/\/cultivers.es\/abonos\/cosmos-mixed-colours-semences-biologiques\/"},"modified":"2025-09-22T04:43:08","modified_gmt":"2025-09-22T04:43:08","slug":"graines-cosmos-melange-de-couleurs-ecologique-ecologique","status":"publish","type":"product","link":"https:\/\/cultivers.es\/fr\/abonnements\/graines-cosmos-melange-de-couleurs-ecologique-ecologique\/","title":{"rendered":"Graines Cosmos Mixed Colours"},"content":{"rendered":"","protected":false},"excerpt":{"rendered":"<p><strong>Le cosmos<\/strong><em>(Cosmos bipinnatus<\/em>) est une plante annuelle qui se distingue par ses fleurs d\u00e9licates et vibrantes dans un m\u00e9lange de couleurs allant du <strong>blanc<\/strong> aux diff\u00e9rentes nuances de <strong>rose<\/strong> et de <strong>fuchsia<\/strong>. Cette plante ornementale est parfaite pour ajouter une touche sauvage et naturelle au <strong>jardin et au verger<\/strong>, en cr\u00e9ant un environnement plein de couleurs et de vie. Elle est \u00e9galement id\u00e9ale pour attirer les pollinisateurs tels que les abeilles et les papillons, favorisant ainsi la biodiversit\u00e9.  <\/p>\n<p><strong>Fleurs color\u00e9es et l\u00e9g\u00e8res :<\/strong> Ses grandes fleurs, aux p\u00e9tales fins et aux tons vari\u00e9s, remplissent tout espace de couleur et d&rsquo;\u00e9l\u00e9gance naturelle.<\/p>\n<p><strong>Attractif pour les pollinisateurs :<\/strong> Les fleurs de cosmos sont riches en nectar, ce qui en fait un aimant pour les abeilles, les papillons et d&rsquo;autres insectes utiles.<\/p>\n<p><strong>Floraison abondante et prolong\u00e9e :<\/strong> Il fleurit du milieu de l&rsquo;\u00e9t\u00e9 \u00e0 l&rsquo;automne, garantissant une explosion de couleurs pendant plusieurs mois.<\/p>\n<p><strong>Rustique et facile \u00e0 cultiver : le<\/strong> cosmos s&rsquo;adapte bien aux sols pauvres et secs, r\u00e9siste \u00e0 la s\u00e9cheresse et ne n\u00e9cessite pas de soins particuliers, ce qui le rend parfait pour les d\u00e9butants et les jardiniers exp\u00e9riment\u00e9s.<\/p>\n<p>Id\u00e9al pour les vergers et les <strong>jardins :<\/strong> Sa croissance rapide et son port \u00e9l\u00e9gant en font une plante id\u00e9ale pour les bordures, les parterres de fleurs ou les zones naturelles des vergers et des jardins.<\/p>\n<p><strong>Culture biologique :<\/strong> nos semences sont <strong>100 % biologiques<\/strong>, sans pesticides ni engrais chimiques, ce qui favorise un environnement durable et respectueux de l&rsquo;environnement.<\/p>\n<p>Embellissez votre <strong>verger et votre jardin<\/strong> avec <strong>Cosmos Organic Colour Mix<\/strong> et profitez d&rsquo;une floraison spectaculaire qui favorise la biodiversit\u00e9 et remplit votre espace de vie et de couleurs.<\/p>\n","protected":false},"featured_media":15954,"comment_status":"open","ping_status":"closed","template":"","meta":{"_acf_changed":false},"product_brand":[],"product_cat":[458,424],"product_tag":[1579],"class_list":{"0":"post-19523","1":"product","2":"type-product","3":"status-publish","4":"has-post-thumbnail","6":"product_cat-graines-de-fleurs-comestibles-biologiques","7":"product_cat-semences-biologiques","8":"product_tag-eco","10":"first","11":"instock","12":"taxable","13":"shipping-taxable","14":"purchasable","15":"product-type-simple"},"acf":[],"_links":{"self":[{"href":"https:\/\/cultivers.es\/fr\/wp-json\/wp\/v2\/product\/19523","targetHints":{"allow":["GET"]}}],"collection":[{"href":"https:\/\/cultivers.es\/fr\/wp-json\/wp\/v2\/product"}],"about":[{"href":"https:\/\/cultivers.es\/fr\/wp-json\/wp\/v2\/types\/product"}],"replies":[{"embeddable":true,"href":"https:\/\/cultivers.es\/fr\/wp-json\/wp\/v2\/comments?post=19523"}],"wp:featuredmedia":[{"embeddable":true,"href":"https:\/\/cultivers.es\/fr\/wp-json\/wp\/v2\/media\/15954"}],"wp:attachment":[{"href":"https:\/\/cultivers.es\/fr\/wp-json\/wp\/v2\/media?parent=19523"}],"wp:term":[{"taxonomy":"product_brand","embeddable":true,"href":"https:\/\/cultivers.es\/fr\/wp-json\/wp\/v2\/product_brand?post=19523"},{"taxonomy":"product_cat","embeddable":true,"href":"https:\/\/cultivers.es\/fr\/wp-json\/wp\/v2\/product_cat?post=19523"},{"taxonomy":"product_tag","embeddable":true,"href":"https:\/\/cultivers.es\/fr\/wp-json\/wp\/v2\/product_tag?post=19523"}],"curies":[{"name":"wp","href":"https:\/\/api.w.org\/{rel}","templated":true}]}}