{"id":19524,"date":"2022-10-07T08:32:44","date_gmt":"2022-10-07T08:32:44","guid":{"rendered":"https:\/\/cultivers.es\/abonos\/cosmos-orange-bio-semences\/"},"modified":"2025-09-22T04:43:01","modified_gmt":"2025-09-22T04:43:01","slug":"graines-cosmos-orange-ecologique","status":"publish","type":"product","link":"https:\/\/cultivers.es\/fr\/abonnements\/graines-cosmos-orange-ecologique\/","title":{"rendered":"Cosmos Orange Graines"},"content":{"rendered":"","protected":false},"excerpt":{"rendered":"<p>Le <strong>Cosmos orange<\/strong><em>(Cosmos sulphureus<\/em>) est une plante annuelle \u00e0 la floraison \u00e9clatante qui se distingue par ses fleurs <strong>orange<\/strong> vif, apportant lumi\u00e8re et \u00e9nergie au <strong>jardin et au verger<\/strong>. Cette plante ornementale est rustique, facile \u00e0 cultiver et tr\u00e8s appr\u00e9ci\u00e9e pour sa capacit\u00e9 \u00e0 attirer les pollinisateurs tels que les abeilles et les papillons, favorisant ainsi la biodiversit\u00e9 et la sant\u00e9 de votre espace vert. <\/p>\n<p><strong>Fleurs orange vif :<\/strong> Leurs p\u00e9tales d\u00e9licats et leur couleur orange intense cr\u00e9ent un effet visuel spectaculaire, id\u00e9al pour embellir les bordures, les parterres de fleurs ou les espaces naturels.<\/p>\n<p><strong>Attractif pour les pollinisateurs :<\/strong> ses fleurs riches en nectar attirent les abeilles, les papillons et d&rsquo;autres insectes b\u00e9n\u00e9fiques, contribuant ainsi \u00e0 l&rsquo;\u00e9quilibre de l&rsquo;\u00e9cosyst\u00e8me dans le <strong>verger et le jardin.<\/strong><\/p>\n<p><strong>Rustique et facile \u00e0 cultiver :<\/strong> S&rsquo;adaptant aux sols pauvres et r\u00e9sistant \u00e0 la s\u00e9cheresse, le cosmos orange pousse facilement, n\u00e9cessitant peu de soins, et est id\u00e9al pour les jardiniers de tous niveaux.<\/p>\n<p><strong>Floraison prolong\u00e9e :<\/strong> Elle fleurit du milieu de l&rsquo;\u00e9t\u00e9 jusqu&rsquo;\u00e0 l&rsquo;automne, apportant couleur et vie tout au long de la saison.<\/p>\n<p><strong>Croissance rapide :<\/strong> se d\u00e9veloppe rapidement, cr\u00e9ant un pelage naturel et color\u00e9 en peu de temps.<\/p>\n<p><strong>Culture biologique :<\/strong> Nos semences sont <strong>100% biologiques<\/strong>, sans pesticides ni engrais chimiques, ce qui garantit un <strong>jardin<\/strong> durable et respectueux de l&rsquo;environnement.<\/p>\n<p>Appr\u00e9ciez la beaut\u00e9 et la r\u00e9sistance du <strong>cosmos orange biologique<\/strong>, une plante qui \u00e9gayera votre <strong>jardin et votre verger<\/strong> tout en apportant de la vie et de la couleur \u00e0 votre espace de culture. Ajoutez-la \u00e0 vos plantations et transformez votre environnement de mani\u00e8re naturelle et vibrante ! <\/p>\n","protected":false},"featured_media":15959,"comment_status":"open","ping_status":"closed","template":"","meta":{"_acf_changed":false},"product_brand":[],"product_cat":[424,458],"product_tag":[1579],"class_list":{"0":"post-19524","1":"product","2":"type-product","3":"status-publish","4":"has-post-thumbnail","6":"product_cat-semences-biologiques","7":"product_cat-graines-de-fleurs-comestibles-biologiques","8":"product_tag-eco","10":"first","11":"instock","12":"sale","13":"taxable","14":"shipping-taxable","15":"purchasable","16":"product-type-simple"},"acf":[],"_links":{"self":[{"href":"https:\/\/cultivers.es\/fr\/wp-json\/wp\/v2\/product\/19524","targetHints":{"allow":["GET"]}}],"collection":[{"href":"https:\/\/cultivers.es\/fr\/wp-json\/wp\/v2\/product"}],"about":[{"href":"https:\/\/cultivers.es\/fr\/wp-json\/wp\/v2\/types\/product"}],"replies":[{"embeddable":true,"href":"https:\/\/cultivers.es\/fr\/wp-json\/wp\/v2\/comments?post=19524"}],"wp:featuredmedia":[{"embeddable":true,"href":"https:\/\/cultivers.es\/fr\/wp-json\/wp\/v2\/media\/15959"}],"wp:attachment":[{"href":"https:\/\/cultivers.es\/fr\/wp-json\/wp\/v2\/media?parent=19524"}],"wp:term":[{"taxonomy":"product_brand","embeddable":true,"href":"https:\/\/cultivers.es\/fr\/wp-json\/wp\/v2\/product_brand?post=19524"},{"taxonomy":"product_cat","embeddable":true,"href":"https:\/\/cultivers.es\/fr\/wp-json\/wp\/v2\/product_cat?post=19524"},{"taxonomy":"product_tag","embeddable":true,"href":"https:\/\/cultivers.es\/fr\/wp-json\/wp\/v2\/product_tag?post=19524"}],"curies":[{"name":"wp","href":"https:\/\/api.w.org\/{rel}","templated":true}]}}