{"id":19525,"date":"2022-10-07T08:10:54","date_gmt":"2022-10-07T08:10:54","guid":{"rendered":"https:\/\/cultivers.es\/abonos\/aurora-organic-seeds\/"},"modified":"2025-09-22T05:18:32","modified_gmt":"2025-09-22T05:18:32","slug":"semences-biologiques-aurorales-ecologiques","status":"publish","type":"product","link":"https:\/\/cultivers.es\/fr\/abonnements\/semences-biologiques-aurorales-ecologiques\/","title":{"rendered":"Aurora Seeds"},"content":{"rendered":"","protected":false},"excerpt":{"rendered":"<p><strong>Aurora<\/strong><em>(Eschscholzia californica<\/em>) est une vari\u00e9t\u00e9 de <strong>pavot de Californie<\/strong> qui \u00e9blouit par ses fleurs aux tons chauds, combinant des teintes <strong>jaunes, orange et dor\u00e9es<\/strong>, apportant lumi\u00e8re et couleur au <strong>jardin et au verger<\/strong>. Cette plante annuelle est rustique et facile \u00e0 cultiver, parfaite pour remplir les bordures, les parterres de fleurs ou les prairies naturelles d&rsquo;une touche sauvage et vibrante. Elle attire \u00e9galement les pollinisateurs tels que les abeilles et les papillons, favorisant ainsi la biodiversit\u00e9 et l&rsquo;\u00e9quilibre naturel.  <\/p>\n<p><strong>Fleurs aux tons chauds :<\/strong> leurs p\u00e9tales, dans les tons jaunes et orang\u00e9s, illuminent tout espace d&rsquo;une explosion de couleurs, cr\u00e9ant une atmosph\u00e8re joyeuse et vivante.<\/p>\n<p><strong>Attractif pour les pollinisateurs :<\/strong> ses fleurs riches en nectar attirent les abeilles, les papillons et d&rsquo;autres insectes b\u00e9n\u00e9fiques, am\u00e9liorant ainsi la sant\u00e9 du <strong>verger et du jardin.<\/strong><\/p>\n<p><strong>Rustique et adaptable :<\/strong> C&rsquo;est une plante qui supporte bien la s\u00e9cheresse et les sols pauvres, id\u00e9ale pour les climats chauds et ensoleill\u00e9s.<\/p>\n<p><strong>Floraison prolong\u00e9e :<\/strong> Elle fleurit du printemps \u00e0 l&rsquo;\u00e9t\u00e9, assurant un spectacle naturel de couleurs pendant plusieurs mois.<\/p>\n<p><strong>Facile \u00e0 cultiver :<\/strong> Rapide et facile \u00e0 cultiver, elle est parfaite pour les d\u00e9butants comme pour les jardiniers exp\u00e9riment\u00e9s. Elle peut \u00eatre plant\u00e9e directement en terre ou en pot. <\/p>\n<p><strong>Culture biologique :<\/strong> Nos semences sont <strong>100% biologiques<\/strong>, sans pesticides ni engrais chimiques, ce qui garantit un <strong>jardin et un verger<\/strong> durables et respectueux de l&rsquo;environnement.<\/p>\n<p>Remplissez votre <strong>jardin<\/strong> de couleurs, de vie et de nature avec <strong>Aurora Ecologica<\/strong> et profitez d&rsquo;un environnement vibrant qui encourage la biodiversit\u00e9. Commandez aujourd&rsquo;hui et transformez votre espace vert avec cette vari\u00e9t\u00e9 spectaculaire ! <\/p>\n","protected":false},"featured_media":15934,"comment_status":"open","ping_status":"closed","template":"","meta":{"_acf_changed":false},"product_brand":[],"product_cat":[424,464],"product_tag":[1579],"woo-feed-brand":[],"class_list":{"0":"post-19525","1":"product","2":"type-product","3":"status-publish","4":"has-post-thumbnail","6":"product_cat-semences-biologiques","7":"product_cat-semences-de-fleurs-biologiques","8":"product_tag-eco","10":"first","11":"instock","12":"sale","13":"taxable","14":"shipping-taxable","15":"purchasable","16":"product-type-simple"},"acf":[],"_links":{"self":[{"href":"https:\/\/cultivers.es\/fr\/wp-json\/wp\/v2\/product\/19525","targetHints":{"allow":["GET"]}}],"collection":[{"href":"https:\/\/cultivers.es\/fr\/wp-json\/wp\/v2\/product"}],"about":[{"href":"https:\/\/cultivers.es\/fr\/wp-json\/wp\/v2\/types\/product"}],"replies":[{"embeddable":true,"href":"https:\/\/cultivers.es\/fr\/wp-json\/wp\/v2\/comments?post=19525"}],"wp:featuredmedia":[{"embeddable":true,"href":"https:\/\/cultivers.es\/fr\/wp-json\/wp\/v2\/media\/15934"}],"wp:attachment":[{"href":"https:\/\/cultivers.es\/fr\/wp-json\/wp\/v2\/media?parent=19525"}],"wp:term":[{"taxonomy":"product_brand","embeddable":true,"href":"https:\/\/cultivers.es\/fr\/wp-json\/wp\/v2\/product_brand?post=19525"},{"taxonomy":"product_cat","embeddable":true,"href":"https:\/\/cultivers.es\/fr\/wp-json\/wp\/v2\/product_cat?post=19525"},{"taxonomy":"product_tag","embeddable":true,"href":"https:\/\/cultivers.es\/fr\/wp-json\/wp\/v2\/product_tag?post=19525"},{"taxonomy":"woo-feed-brand","embeddable":true,"href":"https:\/\/cultivers.es\/fr\/wp-json\/wp\/v2\/woo-feed-brand?post=19525"}],"curies":[{"name":"wp","href":"https:\/\/api.w.org\/{rel}","templated":true}]}}