{"id":19526,"date":"2022-10-07T08:10:51","date_gmt":"2022-10-07T08:10:51","guid":{"rendered":"https:\/\/cultivers.es\/abonos\/graines-de-pavot-noir-bio\/"},"modified":"2025-09-22T04:42:31","modified_gmt":"2025-09-22T04:42:31","slug":"pavot-noir-ecologique-semences","status":"publish","type":"product","link":"https:\/\/cultivers.es\/fr\/abonnements\/pavot-noir-ecologique-semences\/","title":{"rendered":"Graines de pavot noir"},"content":{"rendered":"","protected":false},"excerpt":{"rendered":"<p>POIGNON NOIR \/ Papaver somniferum L. Cette vari\u00e9t\u00e9 de pavot est tr\u00e8s rustique et ses fleurs sont de couleur violet fonc\u00e9 \u00e0 noir. La disposition de ses p\u00e9tales rappelle la fleur de pivoine. Apr\u00e8s la floraison, les capsules s\u00e9ch\u00e9es peuvent \u00eatre utilis\u00e9es dans des compositions florales ou conserv\u00e9es pendant une longue p\u00e9riode.<\/p>\n","protected":false},"featured_media":15929,"comment_status":"open","ping_status":"closed","template":"","meta":{"_acf_changed":false},"product_brand":[],"product_cat":[424,464],"product_tag":[],"woo-feed-brand":[],"class_list":{"0":"post-19526","1":"product","2":"type-product","3":"status-publish","4":"has-post-thumbnail","6":"product_cat-semences-biologiques","7":"product_cat-semences-de-fleurs-biologiques","9":"first","10":"outofstock","11":"taxable","12":"shipping-taxable","13":"purchasable","14":"product-type-simple"},"acf":[],"_links":{"self":[{"href":"https:\/\/cultivers.es\/fr\/wp-json\/wp\/v2\/product\/19526","targetHints":{"allow":["GET"]}}],"collection":[{"href":"https:\/\/cultivers.es\/fr\/wp-json\/wp\/v2\/product"}],"about":[{"href":"https:\/\/cultivers.es\/fr\/wp-json\/wp\/v2\/types\/product"}],"replies":[{"embeddable":true,"href":"https:\/\/cultivers.es\/fr\/wp-json\/wp\/v2\/comments?post=19526"}],"wp:featuredmedia":[{"embeddable":true,"href":"https:\/\/cultivers.es\/fr\/wp-json\/wp\/v2\/media\/15929"}],"wp:attachment":[{"href":"https:\/\/cultivers.es\/fr\/wp-json\/wp\/v2\/media?parent=19526"}],"wp:term":[{"taxonomy":"product_brand","embeddable":true,"href":"https:\/\/cultivers.es\/fr\/wp-json\/wp\/v2\/product_brand?post=19526"},{"taxonomy":"product_cat","embeddable":true,"href":"https:\/\/cultivers.es\/fr\/wp-json\/wp\/v2\/product_cat?post=19526"},{"taxonomy":"product_tag","embeddable":true,"href":"https:\/\/cultivers.es\/fr\/wp-json\/wp\/v2\/product_tag?post=19526"},{"taxonomy":"woo-feed-brand","embeddable":true,"href":"https:\/\/cultivers.es\/fr\/wp-json\/wp\/v2\/woo-feed-brand?post=19526"}],"curies":[{"name":"wp","href":"https:\/\/api.w.org\/{rel}","templated":true}]}}