{"id":19527,"date":"2022-10-07T07:27:27","date_gmt":"2022-10-07T07:27:27","guid":{"rendered":"https:\/\/cultivers.es\/abonos\/graines-de-ciboulette-chinoise-bio\/"},"modified":"2025-11-10T14:59:40","modified_gmt":"2025-11-10T14:59:40","slug":"chinoises-chinoises-ecologiques-semences-doignons","status":"publish","type":"product","link":"https:\/\/cultivers.es\/fr\/abonnements\/chinoises-chinoises-ecologiques-semences-doignons\/","title":{"rendered":"Ciboulette chinoise en graines"},"content":{"rendered":"","protected":false},"excerpt":{"rendered":"<p>La ciboulette <strong>chinoise<\/strong> (Allium tuberosum), \u00e9galement connue sous le nom de chive garlic, est une plante aromatique \u00e0 la saveur d\u00e9licate et douce d&rsquo;ail combin\u00e9e \u00e0 un soup\u00e7on d&rsquo;oignon. Ses longues feuilles plates vert fonc\u00e9 sont parfaites pour les vinaigrettes, les sauces, les soupes, les omelettes et les saut\u00e9s. En outre, ses fleurs blanches, \u00e9l\u00e9gantes et aromatiques, attirent les pollinisateurs, ce qui en fait un excellent choix pour le jardin et le <strong>potager<\/strong>.  <\/p>\n<p><strong>Saveur douce et unique :<\/strong> offre un d\u00e9licieux soup\u00e7on d&rsquo;ail doux avec des notes d&rsquo;oignon, id\u00e9al pour rehausser les recettes fra\u00eeches et cuisin\u00e9es sans dominer les autres saveurs.<\/p>\n<p><strong>Feuilles plates d\u00e9licates :<\/strong> parfaites pour \u00eatre hach\u00e9es et ajout\u00e9es aux salades, omelettes, soupes ou plats d&rsquo;inspiration asiatique. Elles peuvent \u00eatre consomm\u00e9es fra\u00eeches ou l\u00e9g\u00e8rement cuites. <\/p>\n<p><strong>Fleurs ornementales :<\/strong> Ses petites fleurs blanches embellissent le <strong>verger et le jardin<\/strong> et attirent les abeilles et autres pollinisateurs b\u00e9n\u00e9fiques.<\/p>\n<p><strong>Riche en nutriments :<\/strong> Source naturelle de vitamines A et C, de fer et d&rsquo;antioxydants, la ciboulette chinoise contribue \u00e0 une alimentation \u00e9quilibr\u00e9e et saine.<\/p>\n<p><strong>Facile \u00e0 cultiver :<\/strong> Plante vivace rustique, n\u00e9cessitant peu d&rsquo;entretien. S&rsquo;adapte bien aux sols bien drain\u00e9s et ensoleill\u00e9s, id\u00e9ale pour la culture en pot ou en pleine terre. <\/p>\n<p><strong>Culture biologique :<\/strong> Nos semences sont <strong>100 % biologiques<\/strong>, sans pesticides ni engrais chimiques, ce qui favorise la cr\u00e9ation d&rsquo;un <strong>jardin<\/strong> et d&rsquo;un <strong>verger<\/strong> durables et respectueux de l&rsquo;environnement.<\/p>\n<p>Ajoutez de la <strong>ciboulette chinoise biologique<\/strong> \u00e0 votre <strong>jardin et<\/strong> profitez de son go\u00fbt frais, de ses propri\u00e9t\u00e9s nutritionnelles et de sa beaut\u00e9 ornementale. Commandez d\u00e8s aujourd&rsquo;hui et ajoutez une touche unique \u00e0 vos plats ! <\/p>\n","protected":false},"featured_media":15879,"comment_status":"open","ping_status":"closed","template":"","meta":{"_acf_changed":false},"product_brand":[],"product_cat":[747,424],"product_tag":[1579],"class_list":{"0":"post-19527","1":"product","2":"type-product","3":"status-publish","4":"has-post-thumbnail","6":"product_cat-graines-aromatiques-biologiques","7":"product_cat-semences-biologiques","8":"product_tag-eco","10":"first","11":"instock","12":"sale","13":"taxable","14":"shipping-taxable","15":"purchasable","16":"product-type-simple"},"acf":[],"_links":{"self":[{"href":"https:\/\/cultivers.es\/fr\/wp-json\/wp\/v2\/product\/19527","targetHints":{"allow":["GET"]}}],"collection":[{"href":"https:\/\/cultivers.es\/fr\/wp-json\/wp\/v2\/product"}],"about":[{"href":"https:\/\/cultivers.es\/fr\/wp-json\/wp\/v2\/types\/product"}],"replies":[{"embeddable":true,"href":"https:\/\/cultivers.es\/fr\/wp-json\/wp\/v2\/comments?post=19527"}],"wp:featuredmedia":[{"embeddable":true,"href":"https:\/\/cultivers.es\/fr\/wp-json\/wp\/v2\/media\/15879"}],"wp:attachment":[{"href":"https:\/\/cultivers.es\/fr\/wp-json\/wp\/v2\/media?parent=19527"}],"wp:term":[{"taxonomy":"product_brand","embeddable":true,"href":"https:\/\/cultivers.es\/fr\/wp-json\/wp\/v2\/product_brand?post=19527"},{"taxonomy":"product_cat","embeddable":true,"href":"https:\/\/cultivers.es\/fr\/wp-json\/wp\/v2\/product_cat?post=19527"},{"taxonomy":"product_tag","embeddable":true,"href":"https:\/\/cultivers.es\/fr\/wp-json\/wp\/v2\/product_tag?post=19527"}],"curies":[{"name":"wp","href":"https:\/\/api.w.org\/{rel}","templated":true}]}}