{"id":19528,"date":"2022-10-07T08:08:14","date_gmt":"2022-10-07T08:08:14","guid":{"rendered":"https:\/\/cultivers.es\/abonos\/graines-de-pavot-orange-de-californie\/"},"modified":"2025-09-22T05:15:10","modified_gmt":"2025-09-22T05:15:10","slug":"californian-orange-apple-seeds-ecological-ecological","status":"publish","type":"product","link":"https:\/\/cultivers.es\/fr\/abonnements\/californian-orange-apple-seeds-ecological-ecological\/","title":{"rendered":"Graines de pavot de Californie Orange"},"content":{"rendered":"","protected":false},"excerpt":{"rendered":"<p>Le <strong>pavot de Californie<\/strong> (Eschscholzia californica) est une plante annuelle qui \u00e9blouit par ses fleurs d&rsquo;un <strong>orange vif<\/strong> et vibrant, apportant vie et joie au <strong>potager<\/strong> comme au <strong>verger<\/strong>. Sa longue dur\u00e9e de floraison, sa r\u00e9sistance \u00e0 la s\u00e9cheresse et sa facilit\u00e9 de culture en font un choix id\u00e9al pour embellir les plates-bandes, les bordures ou les espaces naturels. C&rsquo;est \u00e9galement une plante b\u00e9n\u00e9fique qui attire les pollinisateurs tels que les abeilles et les papillons, contribuant ainsi \u00e0 l&rsquo;\u00e9quilibre de l&rsquo;\u00e9cosyst\u00e8me.  <\/p>\n<p><strong>Fleurs vives et joyeuses :<\/strong> leurs p\u00e9tales orange intense cr\u00e9ent un spectacle visuel dans le <strong>verger et le jardin<\/strong>, apportant chaleur et couleur \u00e0 tout espace.<\/p>\n<p><strong>Attractif pour les pollinisateurs :<\/strong> ses fleurs sont une source de nectar qui attire les abeilles et d&rsquo;autres insectes utiles, favorisant ainsi la biodiversit\u00e9.<\/p>\n<p><strong>Rustique et adaptable : le<\/strong> pavot de Californie est tr\u00e8s r\u00e9sistant \u00e0 la s\u00e9cheresse et aux mauvaises conditions du sol, ce qui le rend id\u00e9al pour les climats chauds et secs.<\/p>\n<p><strong>Floraison prolong\u00e9e :<\/strong> offre une floraison de longue dur\u00e9e qui commence au printemps et peut se prolonger en \u00e9t\u00e9, remplissant l&rsquo;espace de couleur et de fra\u00eecheur.<\/p>\n<p><strong>Facile \u00e0 cultiver :<\/strong> sem\u00e9 directement en terre ou en pot, il n\u00e9cessite peu de soins et convient parfaitement aux jardiniers d\u00e9butants ou exp\u00e9riment\u00e9s.<\/p>\n<p><strong>Culture biologique :<\/strong> Nos semences sont <strong>100% biologiques<\/strong>, sans pesticides ni engrais chimiques, ce qui garantit un <strong>jardin<\/strong> et un <strong>verger<\/strong> durables et respectueux de l&rsquo;environnement.<\/p>\n<p>Embellissez votre <strong>verger ou votre jardin<\/strong> avec le <strong>pavot californien Organic Orange<\/strong> et profitez d&rsquo;une explosion de couleurs, de nature et de vie tout au long de la saison. Commandez d\u00e8s aujourd&rsquo;hui et ajoutez une touche vibrante \u00e0 votre espace ! <\/p>\n","protected":false},"featured_media":15924,"comment_status":"open","ping_status":"closed","template":"","meta":{"_acf_changed":false},"product_brand":[],"product_cat":[424,464],"product_tag":[],"woo-feed-brand":[],"class_list":{"0":"post-19528","1":"product","2":"type-product","3":"status-publish","4":"has-post-thumbnail","6":"product_cat-semences-biologiques","7":"product_cat-semences-de-fleurs-biologiques","9":"first","10":"outofstock","11":"taxable","12":"shipping-taxable","13":"purchasable","14":"product-type-simple"},"acf":[],"_links":{"self":[{"href":"https:\/\/cultivers.es\/fr\/wp-json\/wp\/v2\/product\/19528","targetHints":{"allow":["GET"]}}],"collection":[{"href":"https:\/\/cultivers.es\/fr\/wp-json\/wp\/v2\/product"}],"about":[{"href":"https:\/\/cultivers.es\/fr\/wp-json\/wp\/v2\/types\/product"}],"replies":[{"embeddable":true,"href":"https:\/\/cultivers.es\/fr\/wp-json\/wp\/v2\/comments?post=19528"}],"wp:featuredmedia":[{"embeddable":true,"href":"https:\/\/cultivers.es\/fr\/wp-json\/wp\/v2\/media\/15924"}],"wp:attachment":[{"href":"https:\/\/cultivers.es\/fr\/wp-json\/wp\/v2\/media?parent=19528"}],"wp:term":[{"taxonomy":"product_brand","embeddable":true,"href":"https:\/\/cultivers.es\/fr\/wp-json\/wp\/v2\/product_brand?post=19528"},{"taxonomy":"product_cat","embeddable":true,"href":"https:\/\/cultivers.es\/fr\/wp-json\/wp\/v2\/product_cat?post=19528"},{"taxonomy":"product_tag","embeddable":true,"href":"https:\/\/cultivers.es\/fr\/wp-json\/wp\/v2\/product_tag?post=19528"},{"taxonomy":"woo-feed-brand","embeddable":true,"href":"https:\/\/cultivers.es\/fr\/wp-json\/wp\/v2\/woo-feed-brand?post=19528"}],"curies":[{"name":"wp","href":"https:\/\/api.w.org\/{rel}","templated":true}]}}