{"id":19529,"date":"2022-10-07T07:08:50","date_gmt":"2022-10-07T07:08:50","guid":{"rendered":"https:\/\/cultivers.es\/abonos\/graines-de-carvi-bio\/"},"modified":"2025-09-22T04:50:25","modified_gmt":"2025-09-22T04:50:25","slug":"semences-alcarave-ecologique","status":"publish","type":"product","link":"https:\/\/cultivers.es\/fr\/abonnements\/semences-alcarave-ecologique\/","title":{"rendered":"Graines de carvi"},"content":{"rendered":"","protected":false},"excerpt":{"rendered":"<p>Le <strong>carvi<\/strong> (Carum carvi) est une plante aromatique et m\u00e9dicinale, tr\u00e8s appr\u00e9ci\u00e9e pour ses graines \u00e0 la saveur l\u00e9g\u00e8rement piquante et aux notes anis\u00e9es. Ces graines sont un condiment traditionnel dans la cuisine de plusieurs pays, id\u00e9al pour les pains, les fromages, les rago\u00fbts et les viandes, apportant un ar\u00f4me et une saveur uniques. Outre son utilisation culinaire, le carvi est appr\u00e9ci\u00e9 pour ses propri\u00e9t\u00e9s digestives et apaisantes, utilis\u00e9es dans les tisanes et les rem\u00e8des naturels. Sa pr\u00e9sence dans le <strong>jardin<\/strong> n&rsquo;apporte pas seulement un parfum particulier, mais attire \u00e9galement les pollinisateurs et favorise la biodiversit\u00e9.   <\/p>\n<ul>\n<li><strong>Saveur aromatique et piquante :<\/strong> les graines de carvi donnent une saveur intense, l\u00e9g\u00e8rement sucr\u00e9e et anis\u00e9e, id\u00e9ale pour agr\u00e9menter les pains, les soupes, les fromages et les charcuteries.<\/li>\n<li><strong>Utilisation culinaire traditionnelle :<\/strong> Cette \u00e9pice est un \u00e9l\u00e9ment essentiel de la cuisine d&rsquo;Europe centrale, enrichissant les plats classiques et apportant un ar\u00f4me incomparable.<\/li>\n<li><strong>Bienfaits pour la digestion :<\/strong> traditionnellement utilis\u00e9 dans les tisanes, le carvi aide \u00e0 soulager les maux d&rsquo;estomac et \u00e0 faciliter la digestion.<\/li>\n<li><strong>Attractif pour les pollinisateurs :<\/strong> ses fleurs blanches attirent les abeilles et d&rsquo;autres insectes b\u00e9n\u00e9fiques, favorisant la biodiversit\u00e9 et l&rsquo;\u00e9quilibre du <strong>jardin<\/strong>.<\/li>\n<li><strong>Facile \u00e0 cultiver :<\/strong> rustique et adaptable, il prosp\u00e8re dans les sols meubles et bien drain\u00e9s et convient aussi bien aux jardiniers d\u00e9butants qu&rsquo;aux jardiniers exp\u00e9riment\u00e9s.<\/li>\n<li><strong>Culture biologique :<\/strong> Nos semences sont 100% biologiques, sans pesticides ni engrais chimiques, ce qui garantit un <strong>jardin<\/strong> durable et respectueux de l&rsquo;environnement.<\/li>\n<\/ul>\n<p>Profitez de l&rsquo;intensit\u00e9, de l&rsquo;ar\u00f4me et des propri\u00e9t\u00e9s du <strong>carvi biologique<\/strong> cultiv\u00e9 directement dans votre <strong>jardin<\/strong>, pour ajouter de la saveur, de la tradition et du bien-\u00eatre \u00e0 votre cuisine.<\/p>\n","protected":false},"featured_media":15869,"comment_status":"open","ping_status":"closed","template":"","meta":{"_acf_changed":false},"product_brand":[],"product_cat":[747,424],"product_tag":[1579],"woo-feed-brand":[],"class_list":{"0":"post-19529","1":"product","2":"type-product","3":"status-publish","4":"has-post-thumbnail","6":"product_cat-graines-aromatiques-biologiques","7":"product_cat-semences-biologiques","8":"product_tag-eco","10":"first","11":"outofstock","12":"taxable","13":"shipping-taxable","14":"purchasable","15":"product-type-simple"},"acf":[],"_links":{"self":[{"href":"https:\/\/cultivers.es\/fr\/wp-json\/wp\/v2\/product\/19529","targetHints":{"allow":["GET"]}}],"collection":[{"href":"https:\/\/cultivers.es\/fr\/wp-json\/wp\/v2\/product"}],"about":[{"href":"https:\/\/cultivers.es\/fr\/wp-json\/wp\/v2\/types\/product"}],"replies":[{"embeddable":true,"href":"https:\/\/cultivers.es\/fr\/wp-json\/wp\/v2\/comments?post=19529"}],"wp:featuredmedia":[{"embeddable":true,"href":"https:\/\/cultivers.es\/fr\/wp-json\/wp\/v2\/media\/15869"}],"wp:attachment":[{"href":"https:\/\/cultivers.es\/fr\/wp-json\/wp\/v2\/media?parent=19529"}],"wp:term":[{"taxonomy":"product_brand","embeddable":true,"href":"https:\/\/cultivers.es\/fr\/wp-json\/wp\/v2\/product_brand?post=19529"},{"taxonomy":"product_cat","embeddable":true,"href":"https:\/\/cultivers.es\/fr\/wp-json\/wp\/v2\/product_cat?post=19529"},{"taxonomy":"product_tag","embeddable":true,"href":"https:\/\/cultivers.es\/fr\/wp-json\/wp\/v2\/product_tag?post=19529"},{"taxonomy":"woo-feed-brand","embeddable":true,"href":"https:\/\/cultivers.es\/fr\/wp-json\/wp\/v2\/woo-feed-brand?post=19529"}],"curies":[{"name":"wp","href":"https:\/\/api.w.org\/{rel}","templated":true}]}}