{"id":19533,"date":"2022-10-07T07:09:46","date_gmt":"2022-10-07T07:09:46","guid":{"rendered":"https:\/\/cultivers.es\/abonos\/graines-danis-bio\/"},"modified":"2025-09-22T04:47:19","modified_gmt":"2025-09-22T04:47:19","slug":"semences-anis-ecologiques","status":"publish","type":"product","link":"https:\/\/cultivers.es\/fr\/abonnements\/semences-anis-ecologiques\/","title":{"rendered":"Graines d&rsquo;anis"},"content":{"rendered":"","protected":false},"excerpt":{"rendered":"<p>L&rsquo;<strong>anis<\/strong> (Pimpinella anisum) est une plante aromatique appr\u00e9ci\u00e9e pour son ar\u00f4me doux caract\u00e9ristique et sa saveur l\u00e9g\u00e8rement piquante, rappelant la r\u00e9glisse. Ses graines sont utilis\u00e9es en cuisine pour parfumer les desserts, les pains, les liqueurs, les sauces et les plats traditionnels, en leur apportant une touche distinctive. Outre sa valeur culinaire, l&rsquo;anis est connu pour ses propri\u00e9t\u00e9s digestives et apaisantes, ce qui le rend id\u00e9al pour les infusions et les rem\u00e8des naturels. Cette plante peut \u00eatre cultiv\u00e9e avec succ\u00e8s aussi bien dans le jardin que dans le <strong>potager<\/strong>, apportant un parfum, une saveur et un charme particulier \u00e0 votre espace vert.   <\/p>\n<p><strong>Feuilles et fleurs aromatiques :<\/strong> ses feuilles d\u00e9licates et ses fleurs blanches sont \u00e0 l&rsquo;origine d&rsquo;un ar\u00f4me intense qui parfume le <strong>verger et le jardin<\/strong>, cr\u00e9ant une atmosph\u00e8re agr\u00e9able et attirant les pollinisateurs.<\/p>\n<p><strong>Saveur sucr\u00e9e et \u00e9pic\u00e9e :<\/strong> ses graines donnent une saveur unique et sucr\u00e9e avec des notes de r\u00e9glisse, parfaite pour les desserts, les pains, les liqueurs et les boissons chaudes.<\/p>\n<p><strong>Utilisation culinaire et m\u00e9dicinale :<\/strong> Traditionnellement utilis\u00e9es dans la cuisine m\u00e9diterran\u00e9enne et dans les rem\u00e8des naturels, les graines d&rsquo;anis aident \u00e0 am\u00e9liorer la digestion et \u00e0 soulager les maux d&rsquo;estomac.<\/p>\n<p><strong>Riche en nutriments :<\/strong> Source d&rsquo;huiles essentielles, d&rsquo;antioxydants et de compos\u00e9s b\u00e9n\u00e9fiques, l&rsquo;anis apporte une valeur ajout\u00e9e \u00e0 votre r\u00e9gime alimentaire et \u00e0 votre sant\u00e9.<\/p>\n<p><strong>Facile \u00e0 cultiver :<\/strong> S&rsquo;adaptant \u00e0 diff\u00e9rents sols et climats, cette plante convient aux d\u00e9butants et aux cultivateurs exp\u00e9riment\u00e9s, et peut \u00eatre cultiv\u00e9e en pots, en plates-bandes ou en bordures.<\/p>\n<p><strong>Culture biologique :<\/strong> Nos semences sont <strong>100 % biologiques<\/strong>, sans pesticides ni engrais chimiques, ce qui garantit un <strong>jardin<\/strong> durable et respectueux de l&rsquo;environnement.<\/p>\n<p>Profitez de l&rsquo;ar\u00f4me, de la saveur et des propri\u00e9t\u00e9s de l&rsquo;<strong>anis biologique<\/strong>, cultiv\u00e9 directement dans votre <strong>jardin,<\/strong> pour enrichir vos pr\u00e9parations culinaires et cr\u00e9er un environnement parfum\u00e9 et b\u00e9n\u00e9fique.<\/p>\n","protected":false},"featured_media":15874,"comment_status":"open","ping_status":"closed","template":"","meta":{"_acf_changed":false},"product_brand":[],"product_cat":[747,424],"product_tag":[1579],"class_list":{"0":"post-19533","1":"product","2":"type-product","3":"status-publish","4":"has-post-thumbnail","6":"product_cat-graines-aromatiques-biologiques","7":"product_cat-semences-biologiques","8":"product_tag-eco","10":"first","11":"instock","12":"sale","13":"taxable","14":"shipping-taxable","15":"purchasable","16":"product-type-simple"},"acf":[],"_links":{"self":[{"href":"https:\/\/cultivers.es\/fr\/wp-json\/wp\/v2\/product\/19533","targetHints":{"allow":["GET"]}}],"collection":[{"href":"https:\/\/cultivers.es\/fr\/wp-json\/wp\/v2\/product"}],"about":[{"href":"https:\/\/cultivers.es\/fr\/wp-json\/wp\/v2\/types\/product"}],"replies":[{"embeddable":true,"href":"https:\/\/cultivers.es\/fr\/wp-json\/wp\/v2\/comments?post=19533"}],"wp:featuredmedia":[{"embeddable":true,"href":"https:\/\/cultivers.es\/fr\/wp-json\/wp\/v2\/media\/15874"}],"wp:attachment":[{"href":"https:\/\/cultivers.es\/fr\/wp-json\/wp\/v2\/media?parent=19533"}],"wp:term":[{"taxonomy":"product_brand","embeddable":true,"href":"https:\/\/cultivers.es\/fr\/wp-json\/wp\/v2\/product_brand?post=19533"},{"taxonomy":"product_cat","embeddable":true,"href":"https:\/\/cultivers.es\/fr\/wp-json\/wp\/v2\/product_cat?post=19533"},{"taxonomy":"product_tag","embeddable":true,"href":"https:\/\/cultivers.es\/fr\/wp-json\/wp\/v2\/product_tag?post=19533"}],"curies":[{"name":"wp","href":"https:\/\/api.w.org\/{rel}","templated":true}]}}