{"id":19534,"date":"2022-10-07T07:13:05","date_gmt":"2022-10-07T07:13:05","guid":{"rendered":"https:\/\/cultivers.es\/abonos\/ciboulette-biologique-en-graines\/"},"modified":"2025-09-22T04:42:03","modified_gmt":"2025-09-22T04:42:03","slug":"oignons-semences-ecologiques","status":"publish","type":"product","link":"https:\/\/cultivers.es\/fr\/abonnements\/oignons-semences-ecologiques\/","title":{"rendered":"Graines de ciboulette"},"content":{"rendered":"","protected":false},"excerpt":{"rendered":"<p>La <strong>ciboulette<\/strong> (Allium schoenoprasum) est une herbe aromatique appr\u00e9ci\u00e9e pour sa d\u00e9licate et douce saveur d&rsquo;oignon, qui apporte une touche de fra\u00eecheur aux salades, sauces, soupes et omelettes. Ses feuilles vertes, minces et creuses, peuvent \u00eatre coup\u00e9es r\u00e9guli\u00e8rement, ce qui favorise une croissance continue. Outre sa valeur culinaire, la ciboulette est une plante ornementale qui apporte un charme particulier avec ses fleurs lilas, ce qui en fait une plante id\u00e9ale pour le <strong>jardin<\/strong> et le <strong>potager<\/strong>.  <\/p>\n<p><strong>Feuilles fines et aromatiques :<\/strong> Ses feuilles vertes et fines d\u00e9gagent un ar\u00f4me doux, id\u00e9al pour rehausser la saveur de diff\u00e9rents plats sans dominer les autres ingr\u00e9dients.<\/p>\n<p><strong>Go\u00fbt d&rsquo;oignon doux :<\/strong> apporte une touche subtile et fra\u00eeche, id\u00e9ale pour accompagner les \u0153ufs, les fromages, les l\u00e9gumes, ou pour d\u00e9corer et rehausser la saveur des salades et des soupes.<\/p>\n<p><strong>Fleurs de lilas ornemental :<\/strong> leurs petites fleurs violac\u00e9es embellissent le <strong>verger et le jardin<\/strong>, attirent les pollinisateurs et contribuent \u00e0 la biodiversit\u00e9.<\/p>\n<p><strong>Riche en nutriments :<\/strong> La ciboulette est une bonne source de vitamines A et C, de min\u00e9raux et d&rsquo;antioxydants, ce qui favorise une alimentation \u00e9quilibr\u00e9e et nutritive.<\/p>\n<p><strong>Facile \u00e0 cultiver :<\/strong> rustique et adaptable, cette plante pousse bien en pot ou directement dans le sol, ce qui la rend appropri\u00e9e pour les d\u00e9butants et les jardiniers exp\u00e9riment\u00e9s.<\/p>\n<p><strong>Culture biologique :<\/strong> Nos semences sont <strong>100 % biologiques<\/strong>, sans pesticides ni engrais chimiques, ce qui favorise la cr\u00e9ation d&rsquo;un <strong>jardin et d&rsquo;un verger<\/strong> durables et respectueux de l&rsquo;environnement.<\/p>\n<p>Appr\u00e9ciez la saveur et l&rsquo;ar\u00f4me de la <strong>ciboulette biologique<\/strong>, enrichissez vos recettes et embellissez votre <strong>jardin<\/strong> avec une herbe polyvalente et saine.<\/p>\n","protected":false},"featured_media":15884,"comment_status":"open","ping_status":"closed","template":"","meta":{"_acf_changed":false},"product_brand":[],"product_cat":[424,747],"product_tag":[1579],"class_list":{"0":"post-19534","1":"product","2":"type-product","3":"status-publish","4":"has-post-thumbnail","6":"product_cat-semences-biologiques","7":"product_cat-graines-aromatiques-biologiques","8":"product_tag-eco","10":"first","11":"instock","12":"taxable","13":"shipping-taxable","14":"purchasable","15":"product-type-variable"},"acf":[],"_links":{"self":[{"href":"https:\/\/cultivers.es\/fr\/wp-json\/wp\/v2\/product\/19534","targetHints":{"allow":["GET"]}}],"collection":[{"href":"https:\/\/cultivers.es\/fr\/wp-json\/wp\/v2\/product"}],"about":[{"href":"https:\/\/cultivers.es\/fr\/wp-json\/wp\/v2\/types\/product"}],"replies":[{"embeddable":true,"href":"https:\/\/cultivers.es\/fr\/wp-json\/wp\/v2\/comments?post=19534"}],"wp:featuredmedia":[{"embeddable":true,"href":"https:\/\/cultivers.es\/fr\/wp-json\/wp\/v2\/media\/15884"}],"wp:attachment":[{"href":"https:\/\/cultivers.es\/fr\/wp-json\/wp\/v2\/media?parent=19534"}],"wp:term":[{"taxonomy":"product_brand","embeddable":true,"href":"https:\/\/cultivers.es\/fr\/wp-json\/wp\/v2\/product_brand?post=19534"},{"taxonomy":"product_cat","embeddable":true,"href":"https:\/\/cultivers.es\/fr\/wp-json\/wp\/v2\/product_cat?post=19534"},{"taxonomy":"product_tag","embeddable":true,"href":"https:\/\/cultivers.es\/fr\/wp-json\/wp\/v2\/product_tag?post=19534"}],"curies":[{"name":"wp","href":"https:\/\/api.w.org\/{rel}","templated":true}]}}