{"id":19536,"date":"2022-10-07T07:17:33","date_gmt":"2022-10-07T07:17:33","guid":{"rendered":"https:\/\/cultivers.es\/abonos\/graines-de-melisse-bio\/"},"modified":"2025-09-22T05:05:00","modified_gmt":"2025-09-22T05:05:00","slug":"bio-melissa-seeds","status":"publish","type":"product","link":"https:\/\/cultivers.es\/fr\/abonnements\/bio-melissa-seeds\/","title":{"rendered":"Graines de m\u00e9lisse biodynamiques Demeter"},"content":{"rendered":"","protected":false},"excerpt":{"rendered":"<p>Ajoutez une touche de fra\u00eecheur et de bien-\u00eatre \u00e0 votre jardin avec nos graines de m\u00e9lisse bio Demeter. \u00c9galement connue sous le nom de m\u00e9lisse, la m\u00e9lisse est une plante vivace appr\u00e9ci\u00e9e pour ses propri\u00e9t\u00e9s calmantes et son parfum rafra\u00eechissant de citron. Parfaite pour les tisanes apaisantes, les huiles essentielles et pour attirer les pollinisateurs, la m\u00e9lisse est un choix id\u00e9al pour ceux qui recherchent une plante ornementale et m\u00e9dicinale. Certifi\u00e9e Demeter, nous garantissons une culture durable et respectueuse de l&rsquo;environnement.   <\/p>\n<ul>\n<li><strong>Ar\u00f4me de citron rafra\u00eechissant :<\/strong> la m\u00e9lisse est connue pour son ar\u00f4me de citron agr\u00e9able et rafra\u00eechissant, qui se d\u00e9gage de ses feuilles et que vous pouvez appr\u00e9cier dans le jardin ainsi que dans les infusions et autres pr\u00e9parations maison.<\/li>\n<li><strong>Propri\u00e9t\u00e9s calmantes et relaxantes :<\/strong> Cette plante est largement utilis\u00e9e en phytoth\u00e9rapie pour traiter le stress, l&rsquo;anxi\u00e9t\u00e9 et l&rsquo;insomnie, ce qui en fait un choix id\u00e9al pour ceux qui recherchent une plante m\u00e9dicinale facile \u00e0 cultiver chez eux.<\/li>\n<li><strong>Id\u00e9al pour les infusions et les huiles :<\/strong> Les feuilles de m\u00e9lisse fra\u00eeches ou s\u00e9ch\u00e9es peuvent \u00eatre utilis\u00e9es pour pr\u00e9parer des infusions apaisantes, des huiles essentielles ou pour ajouter une touche aromatique aux plats et aux boissons.<\/li>\n<li><strong>Attraction des pollinisateurs : La<\/strong> m\u00e9lisse est excellente pour attirer les abeilles et autres pollinisateurs dans votre jardin, ce qui favorise la biodiversit\u00e9 et am\u00e9liore la sant\u00e9 g\u00e9n\u00e9rale de votre jardin.<\/li>\n<li><strong>Certification Demeter :<\/strong> Ces semences sont certifi\u00e9es Demeter, ce qui garantit qu&rsquo;elles ont \u00e9t\u00e9 cultiv\u00e9es selon les principes de l&rsquo;agriculture biodynamique, dans le respect des cycles naturels du sol et de l&rsquo;\u00e9cosyst\u00e8me.<\/li>\n<li><strong>Facile \u00e0 cultiver : La<\/strong> m\u00e9lisse est une plante vivace qui s&rsquo;adapte bien \u00e0 diff\u00e9rents types de sols et de climats. Elle est facile \u00e0 entretenir et convient aussi bien aux d\u00e9butants qu&rsquo;aux jardiniers exp\u00e9riment\u00e9s. <\/li>\n<\/ul>\n<p>Ajoutez de la fra\u00eecheur, de l&rsquo;ar\u00f4me et du bien-\u00eatre \u00e0 votre jardin avec les graines de m\u00e9lisse Demeter Organic. Profitez de ses propri\u00e9t\u00e9s m\u00e9dicinales et de son agr\u00e9able ar\u00f4me citronn\u00e9 tout en favorisant la biodiversit\u00e9 et la culture durable dans votre jardin. Commandez d\u00e8s aujourd&rsquo;hui et commencez \u00e0 profiter des multiples bienfaits de la m\u00e9lisse !  <\/p>\n","protected":false},"featured_media":15899,"comment_status":"open","ping_status":"closed","template":"","meta":{"_acf_changed":false},"product_brand":[],"product_cat":[747,1303,424],"product_tag":[1385],"class_list":{"0":"post-19536","1":"product","2":"type-product","3":"status-publish","4":"has-post-thumbnail","6":"product_cat-graines-aromatiques-biologiques","7":"product_cat-graines-de-demeter","8":"product_cat-semences-biologiques","9":"product_tag-demeter-fr","11":"first","12":"instock","13":"taxable","14":"shipping-taxable","15":"purchasable","16":"product-type-simple"},"acf":[],"_links":{"self":[{"href":"https:\/\/cultivers.es\/fr\/wp-json\/wp\/v2\/product\/19536","targetHints":{"allow":["GET"]}}],"collection":[{"href":"https:\/\/cultivers.es\/fr\/wp-json\/wp\/v2\/product"}],"about":[{"href":"https:\/\/cultivers.es\/fr\/wp-json\/wp\/v2\/types\/product"}],"replies":[{"embeddable":true,"href":"https:\/\/cultivers.es\/fr\/wp-json\/wp\/v2\/comments?post=19536"}],"wp:featuredmedia":[{"embeddable":true,"href":"https:\/\/cultivers.es\/fr\/wp-json\/wp\/v2\/media\/15899"}],"wp:attachment":[{"href":"https:\/\/cultivers.es\/fr\/wp-json\/wp\/v2\/media?parent=19536"}],"wp:term":[{"taxonomy":"product_brand","embeddable":true,"href":"https:\/\/cultivers.es\/fr\/wp-json\/wp\/v2\/product_brand?post=19536"},{"taxonomy":"product_cat","embeddable":true,"href":"https:\/\/cultivers.es\/fr\/wp-json\/wp\/v2\/product_cat?post=19536"},{"taxonomy":"product_tag","embeddable":true,"href":"https:\/\/cultivers.es\/fr\/wp-json\/wp\/v2\/product_tag?post=19536"}],"curies":[{"name":"wp","href":"https:\/\/api.w.org\/{rel}","templated":true}]}}