{"id":19576,"date":"2022-10-07T07:20:43","date_gmt":"2022-10-07T07:20:43","guid":{"rendered":"https:\/\/cultivers.es\/abonos\/graines-de-salvia-bio\/"},"modified":"2025-12-08T10:02:01","modified_gmt":"2025-12-08T10:02:01","slug":"graines-de-salvia-biologique","status":"publish","type":"product","link":"https:\/\/cultivers.es\/fr\/abonnements\/graines-de-salvia-biologique\/","title":{"rendered":"Graines de S\u00e1lvia"},"content":{"rendered":"","protected":false},"excerpt":{"rendered":"<p>La <strong>sauge (Salvia<\/strong> officinalis) est une plante vivace aromatique appr\u00e9ci\u00e9e pour ses vertus culinaires et m\u00e9dicinales. Ses feuilles gris-vert d\u00e9gagent un ar\u00f4me intense et un go\u00fbt l\u00e9g\u00e8rement amer avec des notes \u00e9pic\u00e9es, id\u00e9al pour assaisonner les viandes, les rago\u00fbts, les soupes ou les infusions. En outre, ses fleurs violettes embellissent non seulement le <strong>jardin et le verger<\/strong>, mais attirent \u00e9galement les pollinisateurs, contribuant ainsi \u00e0 la biodiversit\u00e9.  <\/p>\n<p><strong>Feuilles aromatiques et polyvalentes :<\/strong> Ses feuilles d\u00e9gagent un ar\u00f4me frais et \u00e9pic\u00e9, id\u00e9al pour aromatiser les viandes r\u00f4ties, les rago\u00fbts, les sauces ou pr\u00e9parer des infusions relaxantes.<\/p>\n<p><strong>Fleurs ornementales :<\/strong> ses d\u00e9licates fleurs violettes apportent une touche de beaut\u00e9 au <strong>verger et au jardin<\/strong>, attirant les abeilles et les papillons, b\u00e9n\u00e9fiques pour l&rsquo;\u00e9cosyst\u00e8me.<\/p>\n<p><strong>Riche en propri\u00e9t\u00e9s m\u00e9dicinales :<\/strong> Traditionnellement utilis\u00e9e comme plante digestive, anti-inflammatoire et antioxydante, la sauge est un alli\u00e9 naturel du bien-\u00eatre.<\/p>\n<p><strong>Facile \u00e0 cultiver :<\/strong> Plante rustique, n\u00e9cessitant peu d&rsquo;entretien, id\u00e9ale pour les d\u00e9butants et les jardiniers exp\u00e9riment\u00e9s. S&rsquo;adapte bien aux sols secs et ensoleill\u00e9s. <\/p>\n<p><strong>Riche en nutriments :<\/strong> Ses feuilles contiennent des antioxydants naturels, des huiles essentielles et des vitamines, contribuant ainsi \u00e0 une alimentation saine et \u00e9quilibr\u00e9e.<\/p>\n<p><strong>Culture biologique :<\/strong> Nos semences sont <strong>100 % biologiques<\/strong>, sans pesticides ni engrais chimiques, ce qui favorise la cr\u00e9ation d&rsquo;un <strong>jardin et d&rsquo;un verger<\/strong> durables et respectueux de l&rsquo;environnement.<\/p>\n<p>Cultivez de la <strong>sauge biologique<\/strong> dans votre <strong>jardin<\/strong> et profitez de ses nombreux avantages culinaires, ornementaux et m\u00e9dicinaux. Commandez d\u00e8s aujourd&rsquo;hui et commencez \u00e0 r\u00e9colter cette plante aromatique polyvalente ! <\/p>\n","protected":false},"featured_media":15909,"comment_status":"open","ping_status":"closed","template":"","meta":{"_acf_changed":false},"product_brand":[],"product_cat":[747,424],"product_tag":[1579],"class_list":{"0":"post-19576","1":"product","2":"type-product","3":"status-publish","4":"has-post-thumbnail","6":"product_cat-graines-aromatiques-biologiques","7":"product_cat-semences-biologiques","8":"product_tag-eco","10":"first","11":"outofstock","12":"taxable","13":"shipping-taxable","14":"purchasable","15":"product-type-simple"},"acf":[],"_links":{"self":[{"href":"https:\/\/cultivers.es\/fr\/wp-json\/wp\/v2\/product\/19576","targetHints":{"allow":["GET"]}}],"collection":[{"href":"https:\/\/cultivers.es\/fr\/wp-json\/wp\/v2\/product"}],"about":[{"href":"https:\/\/cultivers.es\/fr\/wp-json\/wp\/v2\/types\/product"}],"replies":[{"embeddable":true,"href":"https:\/\/cultivers.es\/fr\/wp-json\/wp\/v2\/comments?post=19576"}],"wp:featuredmedia":[{"embeddable":true,"href":"https:\/\/cultivers.es\/fr\/wp-json\/wp\/v2\/media\/15909"}],"wp:attachment":[{"href":"https:\/\/cultivers.es\/fr\/wp-json\/wp\/v2\/media?parent=19576"}],"wp:term":[{"taxonomy":"product_brand","embeddable":true,"href":"https:\/\/cultivers.es\/fr\/wp-json\/wp\/v2\/product_brand?post=19576"},{"taxonomy":"product_cat","embeddable":true,"href":"https:\/\/cultivers.es\/fr\/wp-json\/wp\/v2\/product_cat?post=19576"},{"taxonomy":"product_tag","embeddable":true,"href":"https:\/\/cultivers.es\/fr\/wp-json\/wp\/v2\/product_tag?post=19576"}],"curies":[{"name":"wp","href":"https:\/\/api.w.org\/{rel}","templated":true}]}}