{"id":19577,"date":"2022-10-07T07:21:24","date_gmt":"2022-10-07T07:21:24","guid":{"rendered":"https:\/\/cultivers.es\/abonos\/graines-de-thym-bio\/"},"modified":"2025-12-08T10:02:01","modified_gmt":"2025-12-08T10:02:01","slug":"graines-de-thym-bio","status":"publish","type":"product","link":"https:\/\/cultivers.es\/fr\/abonnements\/graines-de-thym-bio\/","title":{"rendered":"Graines de thym"},"content":{"rendered":"","protected":false},"excerpt":{"rendered":"<p>Le <strong>thym<\/strong> (Thymus vulgaris) est une plante vivace aromatique appr\u00e9ci\u00e9e pour son ar\u00f4me intense et sa saveur <strong>herbac\u00e9e<\/strong> l\u00e9g\u00e8rement <strong>\u00e9pic\u00e9e,<\/strong> id\u00e9ale pour assaisonner les viandes, les soupes, les rago\u00fbts, les sauces et les grillades. Outre son utilisation culinaire, le thym est connu pour ses propri\u00e9t\u00e9s <strong>m\u00e9dicinales<\/strong> et sa capacit\u00e9 \u00e0 attirer les pollinisateurs, ce qui en fait une plante essentielle pour le <strong>jardin<\/strong> et le <strong>potager<\/strong>. <\/p>\n<p><strong>Ar\u00f4me intense et caract\u00e9ristique :<\/strong> Ses petites feuilles d\u00e9gagent un parfum frais et herbac\u00e9, id\u00e9al pour aromatiser les recettes traditionnelles et modernes.<\/p>\n<p><strong>Polyvalent en cuisine :<\/strong> id\u00e9al pour mariner les viandes, les volailles, les poissons, les l\u00e9gumes r\u00f4tis et les soupes. Il peut \u00e9galement \u00eatre utilis\u00e9 dans les infusions et les huiles aromatiques. <\/p>\n<p><strong>Attractive dans le verger et le jardin :<\/strong> ses petites fleurs blanches ou lilas attirent les abeilles, les papillons et d&rsquo;autres pollinisateurs, contribuant ainsi \u00e0 la biodiversit\u00e9 et \u00e0 l&rsquo;\u00e9quilibre naturel de l&rsquo;environnement.<\/p>\n<p><strong>Propri\u00e9t\u00e9s m\u00e9dicinales :<\/strong> Le thym est traditionnellement utilis\u00e9 pour ses propri\u00e9t\u00e9s <strong>digestives, antioxydantes<\/strong> et <strong>antiseptiques<\/strong>, et constitue un rem\u00e8de naturel en infusion.<\/p>\n<p><strong>Rustique et facile \u00e0 cultiver :<\/strong> plante \u00e0 faible entretien, parfaite pour les sols secs et ensoleill\u00e9s, s&rsquo;adaptant aux pots, aux balcons ou \u00e0 la culture en terrain sec.<\/p>\n<p><strong>Culture biologique :<\/strong> Nos semences sont <strong>100 % biologiques<\/strong>, sans pesticides ni engrais chimiques, ce qui favorise un <strong>jardin<\/strong> durable et respectueux de l&rsquo;environnement.<\/p>\n<p>Cultivez du <strong>thym bio<\/strong> dans votre <strong>jardin ou votre potager<\/strong> et profitez de son ar\u00f4me, de sa saveur et de ses bienfaits m\u00e9dicinaux. Une plante indispensable qui embellira votre espace vert et rehaussera la saveur de vos plats, commandez d\u00e8s aujourd&rsquo;hui !  <\/p>\n","protected":false},"featured_media":15914,"comment_status":"open","ping_status":"closed","template":"","meta":{"_acf_changed":false},"product_brand":[],"product_cat":[747,424],"product_tag":[1579],"class_list":{"0":"post-19577","1":"product","2":"type-product","3":"status-publish","4":"has-post-thumbnail","6":"product_cat-graines-aromatiques-biologiques","7":"product_cat-semences-biologiques","8":"product_tag-eco","10":"first","11":"instock","12":"taxable","13":"shipping-taxable","14":"purchasable","15":"product-type-simple"},"acf":[],"_links":{"self":[{"href":"https:\/\/cultivers.es\/fr\/wp-json\/wp\/v2\/product\/19577","targetHints":{"allow":["GET"]}}],"collection":[{"href":"https:\/\/cultivers.es\/fr\/wp-json\/wp\/v2\/product"}],"about":[{"href":"https:\/\/cultivers.es\/fr\/wp-json\/wp\/v2\/types\/product"}],"replies":[{"embeddable":true,"href":"https:\/\/cultivers.es\/fr\/wp-json\/wp\/v2\/comments?post=19577"}],"wp:featuredmedia":[{"embeddable":true,"href":"https:\/\/cultivers.es\/fr\/wp-json\/wp\/v2\/media\/15914"}],"wp:attachment":[{"href":"https:\/\/cultivers.es\/fr\/wp-json\/wp\/v2\/media?parent=19577"}],"wp:term":[{"taxonomy":"product_brand","embeddable":true,"href":"https:\/\/cultivers.es\/fr\/wp-json\/wp\/v2\/product_brand?post=19577"},{"taxonomy":"product_cat","embeddable":true,"href":"https:\/\/cultivers.es\/fr\/wp-json\/wp\/v2\/product_cat?post=19577"},{"taxonomy":"product_tag","embeddable":true,"href":"https:\/\/cultivers.es\/fr\/wp-json\/wp\/v2\/product_tag?post=19577"}],"curies":[{"name":"wp","href":"https:\/\/api.w.org\/{rel}","templated":true}]}}