{"id":19578,"date":"2022-10-07T07:14:58","date_gmt":"2022-10-07T07:14:58","guid":{"rendered":"https:\/\/cultivers.es\/abonos\/graines-de-coriandre-bio\/"},"modified":"2025-09-22T04:42:09","modified_gmt":"2025-09-22T04:42:09","slug":"graines-de-coriandre-biologique-ecologique","status":"publish","type":"product","link":"https:\/\/cultivers.es\/fr\/abonnements\/graines-de-coriandre-biologique-ecologique\/","title":{"rendered":"Graines de coriandre"},"content":{"rendered":"","protected":false},"excerpt":{"rendered":"<p>La <strong>coriandre<\/strong> (Coriandrum sativum) est une herbe aromatique appr\u00e9ci\u00e9e pour sa saveur fra\u00eeche, l\u00e9g\u00e8rement citronn\u00e9e, et son ar\u00f4me intense. Pr\u00e9sentes dans de nombreuses cuisines du monde, ses feuilles vertes d\u00e9licates ajoutent une touche unique aux salades, sauces, currys, soupes et rago\u00fbts. En outre, ses graines sont \u00e9galement utilis\u00e9es comme \u00e9pices, ajoutant de la complexit\u00e9 et des nuances aux plats sucr\u00e9s et sal\u00e9s. Cette plante est facile \u00e0 cultiver et s&rsquo;adapte aussi bien au <strong>jardin<\/strong> qu&rsquo;au <strong>potager<\/strong>, offrant des r\u00e9coltes continues et un ar\u00f4me incomparable.   <\/p>\n<p><strong>Saveur fra\u00eeche et citronn\u00e9e :<\/strong> ses feuilles d\u00e9gagent une saveur vibrante et rafra\u00eechissante, parfaite pour rehausser le go\u00fbt des recettes internationales ou pour ajouter une touche sp\u00e9ciale aux plats de tous les jours.<\/p>\n<p><strong>Feuilles tendres et aromatiques :<\/strong> vertes, douces et d\u00e9licates, elles sont id\u00e9ales pour la consommation fra\u00eeche et conservent tout leur ar\u00f4me et leur saveur caract\u00e9ristiques.<\/p>\n<p><strong>Polyvalente en cuisine :<\/strong> outre les feuilles, les graines de coriandre sont utilis\u00e9es comme \u00e9pices, ajoutant chaleur et profondeur aux viandes, rago\u00fbts, pains et desserts.<\/p>\n<p><strong>Attractive dans les vergers et les jardins :<\/strong> ses d\u00e9licates fleurs blanches attirent les pollinisateurs, contribuant ainsi \u00e0 la biodiversit\u00e9 et \u00e0 la sant\u00e9 de l&rsquo;environnement.<\/p>\n<p><strong>Riche en nutriments :<\/strong> Source d&rsquo;antioxydants, de vitamines et de min\u00e9raux, la coriandre est un alli\u00e9 sain dans l&rsquo;alimentation quotidienne.<\/p>\n<p><strong>Facile \u00e0 cultiver :<\/strong> S&rsquo;adaptant \u00e0 diff\u00e9rents sols et climats, cette herbe pousse facilement et fournit une r\u00e9colte r\u00e9guli\u00e8re tout au long de la saison.<\/p>\n<p><strong>Culture biologique :<\/strong> nos semences sont <strong>100 % biologiques<\/strong>, sans pesticides ni engrais chimiques, ce qui garantit un environnement durable et respectueux de l&rsquo;environnement.<\/p>\n<p>Appr\u00e9ciez la fra\u00eecheur, la polyvalence et l&rsquo;ar\u00f4me de la <strong>coriandre biologique<\/strong>, cultiv\u00e9e directement dans votre <strong>jardin, qui<\/strong> apporte une saveur authentique et internationale \u00e0 vos recettes pr\u00e9f\u00e9r\u00e9es.<\/p>\n","protected":false},"featured_media":15854,"comment_status":"open","ping_status":"closed","template":"","meta":{"_acf_changed":false},"product_brand":[],"product_cat":[424,747],"product_tag":[1579],"class_list":{"0":"post-19578","1":"product","2":"type-product","3":"status-publish","4":"has-post-thumbnail","6":"product_cat-semences-biologiques","7":"product_cat-graines-aromatiques-biologiques","8":"product_tag-eco","10":"first","11":"instock","12":"taxable","13":"shipping-taxable","14":"purchasable","15":"product-type-simple"},"acf":[],"_links":{"self":[{"href":"https:\/\/cultivers.es\/fr\/wp-json\/wp\/v2\/product\/19578","targetHints":{"allow":["GET"]}}],"collection":[{"href":"https:\/\/cultivers.es\/fr\/wp-json\/wp\/v2\/product"}],"about":[{"href":"https:\/\/cultivers.es\/fr\/wp-json\/wp\/v2\/types\/product"}],"replies":[{"embeddable":true,"href":"https:\/\/cultivers.es\/fr\/wp-json\/wp\/v2\/comments?post=19578"}],"wp:featuredmedia":[{"embeddable":true,"href":"https:\/\/cultivers.es\/fr\/wp-json\/wp\/v2\/media\/15854"}],"wp:attachment":[{"href":"https:\/\/cultivers.es\/fr\/wp-json\/wp\/v2\/media?parent=19578"}],"wp:term":[{"taxonomy":"product_brand","embeddable":true,"href":"https:\/\/cultivers.es\/fr\/wp-json\/wp\/v2\/product_brand?post=19578"},{"taxonomy":"product_cat","embeddable":true,"href":"https:\/\/cultivers.es\/fr\/wp-json\/wp\/v2\/product_cat?post=19578"},{"taxonomy":"product_tag","embeddable":true,"href":"https:\/\/cultivers.es\/fr\/wp-json\/wp\/v2\/product_tag?post=19578"}],"curies":[{"name":"wp","href":"https:\/\/api.w.org\/{rel}","templated":true}]}}