{"id":19581,"date":"2022-10-07T07:19:14","date_gmt":"2022-10-07T07:19:14","guid":{"rendered":"https:\/\/cultivers.es\/abonos\/graines-de-persil-bio\/"},"modified":"2025-09-22T05:36:26","modified_gmt":"2025-09-22T05:36:26","slug":"graines-de-persil-bio","status":"publish","type":"product","link":"https:\/\/cultivers.es\/fr\/abonnements\/graines-de-persil-bio\/","title":{"rendered":"Graines de persil"},"content":{"rendered":"","protected":false},"excerpt":{"rendered":"<p>Le <strong>persil<\/strong> (Petroselinum crispum) est l&rsquo;une des herbes les plus populaires dans la cuisine, connue pour sa fra\u00eecheur et sa capacit\u00e9 \u00e0 rehausser la saveur d&rsquo;une grande vari\u00e9t\u00e9 de plats. Avec ses feuilles d&rsquo;un vert \u00e9clatant et son go\u00fbt l\u00e9g\u00e8rement \u00e9pic\u00e9, le persil est id\u00e9al pour les salades, les sauces, les soupes, les rago\u00fbts ou comme garniture de divers plats. Outre sa valeur culinaire, le persil est une plante rustique et facile \u00e0 cultiver, qui convient aussi bien au jardin qu&rsquo;au <strong>potager<\/strong>.  <\/p>\n<p><strong>Feuilles fra\u00eeches et aromatiques :<\/strong> Le persil offre des feuilles d&rsquo;un vert \u00e9clatant, avec un ar\u00f4me frais et \u00e9pic\u00e9 qui rehausse la saveur de toutes sortes de plats.<\/p>\n<p><strong>Saveur douce et rafra\u00eechissante :<\/strong> sa saveur l\u00e9g\u00e8rement \u00e9pic\u00e9e et rafra\u00eechissante est id\u00e9ale pour les salades, les sauces, les soupes ou en accompagnement de plats principaux.<\/p>\n<p><strong>Riche en nutriments :<\/strong> Source de vitamines A, C, K et d&rsquo;antioxydants, le persil ne se contente pas de rehausser la saveur de vos pr\u00e9parations, il est aussi un alli\u00e9 nutritif de votre r\u00e9gime alimentaire.<\/p>\n<p><strong>Facile \u00e0 cultiver :<\/strong> elle s&rsquo;adapte bien \u00e0 diff\u00e9rents types de sols et de climats. C&rsquo;est une plante rustique et facile \u00e0 cultiver dans n&rsquo;importe quel <strong>jardin<\/strong> ou <strong>verger<\/strong>.<\/p>\n<p><strong>Culture biologique :<\/strong> Nos semences sont <strong>100 % biologiques<\/strong>, sans pesticides ni engrais chimiques, ce qui favorise la cr\u00e9ation d&rsquo;un <strong>jardin<\/strong> et d&rsquo;un <strong>verger<\/strong> durables et respectueux de l&rsquo;environnement.<\/p>\n<p>Profitez de la saveur fra\u00eeche et de la polyvalence du <strong>persil biologique<\/strong> directement de votre <strong>jardin<\/strong>, et ajoutez une touche saine et d\u00e9licieuse \u00e0 vos plats. Commandez d\u00e8s aujourd&rsquo;hui et commencez \u00e0 profiter de cette herbe indispensable dans votre cuisine ! <\/p>\n","protected":false},"featured_media":15919,"comment_status":"open","ping_status":"closed","template":"","meta":{"_acf_changed":false},"product_brand":[],"product_cat":[747,424],"product_tag":[1579],"class_list":{"0":"post-19581","1":"product","2":"type-product","3":"status-publish","4":"has-post-thumbnail","6":"product_cat-graines-aromatiques-biologiques","7":"product_cat-semences-biologiques","8":"product_tag-eco","10":"first","11":"instock","12":"taxable","13":"shipping-taxable","14":"purchasable","15":"product-type-simple"},"acf":[],"_links":{"self":[{"href":"https:\/\/cultivers.es\/fr\/wp-json\/wp\/v2\/product\/19581","targetHints":{"allow":["GET"]}}],"collection":[{"href":"https:\/\/cultivers.es\/fr\/wp-json\/wp\/v2\/product"}],"about":[{"href":"https:\/\/cultivers.es\/fr\/wp-json\/wp\/v2\/types\/product"}],"replies":[{"embeddable":true,"href":"https:\/\/cultivers.es\/fr\/wp-json\/wp\/v2\/comments?post=19581"}],"wp:featuredmedia":[{"embeddable":true,"href":"https:\/\/cultivers.es\/fr\/wp-json\/wp\/v2\/media\/15919"}],"wp:attachment":[{"href":"https:\/\/cultivers.es\/fr\/wp-json\/wp\/v2\/media?parent=19581"}],"wp:term":[{"taxonomy":"product_brand","embeddable":true,"href":"https:\/\/cultivers.es\/fr\/wp-json\/wp\/v2\/product_brand?post=19581"},{"taxonomy":"product_cat","embeddable":true,"href":"https:\/\/cultivers.es\/fr\/wp-json\/wp\/v2\/product_cat?post=19581"},{"taxonomy":"product_tag","embeddable":true,"href":"https:\/\/cultivers.es\/fr\/wp-json\/wp\/v2\/product_tag?post=19581"}],"curies":[{"name":"wp","href":"https:\/\/api.w.org\/{rel}","templated":true}]}}