{"id":19582,"date":"2022-10-07T07:20:09","date_gmt":"2022-10-07T07:20:09","guid":{"rendered":"https:\/\/cultivers.es\/abonos\/semences-de-persil-italien-geant\/"},"modified":"2025-09-22T05:15:26","modified_gmt":"2025-09-22T05:15:26","slug":"persil-graines-de-persil-graines-de-gingembre-de-litalie","status":"publish","type":"product","link":"https:\/\/cultivers.es\/fr\/abonnements\/persil-graines-de-persil-graines-de-gingembre-de-litalie\/","title":{"rendered":"Semences de Persil Italien G\u00e9ant"},"content":{"rendered":"","protected":false},"excerpt":{"rendered":"<p>Le <strong>persil g\u00e9ant italien<\/strong> est une vari\u00e9t\u00e9 connue pour ses grandes feuilles d&rsquo;un vert profond et sa texture lisse. Cette vari\u00e9t\u00e9 de persil est appr\u00e9ci\u00e9e pour sa taille et sa saveur robuste et fra\u00eeche, ce qui en fait un choix id\u00e9al pour assaisonner une grande vari\u00e9t\u00e9 de plats, des salades aux soupes en passant par les rago\u00fbts et les sauces. C&rsquo;est aussi une plante facile \u00e0 cultiver qui s&rsquo;adapte bien \u00e0 diff\u00e9rents types de sol, id\u00e9ale pour votre <strong>jardin<\/strong> ou votre <strong>potager<\/strong>.  <\/p>\n<p><strong>Grandes feuilles tendres :<\/strong> Les feuilles de ce persil sont de taille consid\u00e9rable, parfaites pour ceux qui recherchent une r\u00e9colte abondante de haute qualit\u00e9.<\/p>\n<p><strong>Saveur fra\u00eeche et robuste :<\/strong> sa saveur intense et rafra\u00eechissante est parfaite pour ajouter une touche sp\u00e9ciale \u00e0 vos recettes pr\u00e9f\u00e9r\u00e9es, telles que les rago\u00fbts, les salades, les sauces et bien plus encore.<\/p>\n<p><strong>Plante rustique et productive :<\/strong> Ce persil pousse facilement, offrant une r\u00e9colte abondante tout au long de la saison.<\/p>\n<p><strong>Riche en nutriments :<\/strong> Le persil est une excellente source de vitamines A, C, K et de min\u00e9raux tels que le fer, ce qui en fait un excellent compl\u00e9ment \u00e0 un r\u00e9gime alimentaire sain.<\/p>\n<p><strong>Facile \u00e0 cultiver :<\/strong> Il s&rsquo;adapte bien aux diff\u00e9rentes conditions climatiques et aux diff\u00e9rents sols, ce qui le rend appropri\u00e9 pour les d\u00e9butants et les jardiniers exp\u00e9riment\u00e9s.<\/p>\n<p><strong>Culture biologique :<\/strong> Nos semences sont <strong>100 % biologiques<\/strong>, sans pesticides ni engrais chimiques, ce qui favorise un <strong>jardin<\/strong> durable et respectueux de l&rsquo;environnement.<\/p>\n<p>Profitez de la fra\u00eecheur et de la polyvalence du <strong>persil g\u00e9ant d&rsquo;Italy Organic<\/strong>, et ajoutez une touche saine et d\u00e9licieuse \u00e0 vos plats, directement depuis votre <strong>jardin<\/strong> ou votre <strong>potager<\/strong>. Commandez d\u00e8s aujourd&rsquo;hui et commencez \u00e0 r\u00e9colter cette plante aromatique dans votre espace vert ! <\/p>\n","protected":false},"featured_media":15904,"comment_status":"open","ping_status":"closed","template":"","meta":{"_acf_changed":false},"product_brand":[],"product_cat":[747,424],"product_tag":[1579],"class_list":{"0":"post-19582","1":"product","2":"type-product","3":"status-publish","4":"has-post-thumbnail","6":"product_cat-graines-aromatiques-biologiques","7":"product_cat-semences-biologiques","8":"product_tag-eco","10":"first","11":"instock","12":"taxable","13":"shipping-taxable","14":"purchasable","15":"product-type-simple"},"acf":[],"_links":{"self":[{"href":"https:\/\/cultivers.es\/fr\/wp-json\/wp\/v2\/product\/19582","targetHints":{"allow":["GET"]}}],"collection":[{"href":"https:\/\/cultivers.es\/fr\/wp-json\/wp\/v2\/product"}],"about":[{"href":"https:\/\/cultivers.es\/fr\/wp-json\/wp\/v2\/types\/product"}],"replies":[{"embeddable":true,"href":"https:\/\/cultivers.es\/fr\/wp-json\/wp\/v2\/comments?post=19582"}],"wp:featuredmedia":[{"embeddable":true,"href":"https:\/\/cultivers.es\/fr\/wp-json\/wp\/v2\/media\/15904"}],"wp:attachment":[{"href":"https:\/\/cultivers.es\/fr\/wp-json\/wp\/v2\/media?parent=19582"}],"wp:term":[{"taxonomy":"product_brand","embeddable":true,"href":"https:\/\/cultivers.es\/fr\/wp-json\/wp\/v2\/product_brand?post=19582"},{"taxonomy":"product_cat","embeddable":true,"href":"https:\/\/cultivers.es\/fr\/wp-json\/wp\/v2\/product_cat?post=19582"},{"taxonomy":"product_tag","embeddable":true,"href":"https:\/\/cultivers.es\/fr\/wp-json\/wp\/v2\/product_tag?post=19582"}],"curies":[{"name":"wp","href":"https:\/\/api.w.org\/{rel}","templated":true}]}}