{"id":19583,"date":"2022-10-07T07:15:57","date_gmt":"2022-10-07T07:15:57","guid":{"rendered":"https:\/\/cultivers.es\/abonos\/graines-daneth-bio\/"},"modified":"2025-09-22T04:42:21","modified_gmt":"2025-09-22T04:42:21","slug":"dill-seeds-ecological","status":"publish","type":"product","link":"https:\/\/cultivers.es\/fr\/abonnements\/dill-seeds-ecological\/","title":{"rendered":"Graines d&rsquo;aneth"},"content":{"rendered":"","protected":false},"excerpt":{"rendered":"<p>L&rsquo;<strong>aneth<\/strong> (Anethum graveolens) est une herbe aromatique appr\u00e9ci\u00e9e pour sa fra\u00eecheur, sa saveur l\u00e9g\u00e8rement anis\u00e9e et son ar\u00f4me d\u00e9licat. Ses feuilles finement divis\u00e9es et sa couleur verte caract\u00e9ristique apportent une touche distinctive dans la cuisine, ce qui en fait un assaisonnement id\u00e9al pour le poisson, les fruits de mer, les salades, les sauces, les vinaigrettes et les plats \u00e0 base d&rsquo;\u0153ufs ou de pommes de terre. En outre, ses fleurs jaunes sont attrayantes dans les <strong>vergers et les jardins<\/strong>, contribuant \u00e0 la biodiversit\u00e9 et attirant les pollinisateurs.  <\/p>\n<p><strong>Ar\u00f4me frais et l\u00e9ger :<\/strong> son parfum subtil et rafra\u00eechissant rehausse les salades, les marinades et les marinades, ainsi que les recettes de poisson ou de fruits de mer.<\/p>\n<p><strong>Douceur et saveur anis\u00e9e :<\/strong> ses feuilles apportent une nuance anis\u00e9e et herbac\u00e9e, ce qui en fait un ingr\u00e9dient cl\u00e9 de la cuisine m\u00e9diterran\u00e9enne, scandinave et de l&rsquo;Europe de l&rsquo;Est.<\/p>\n<p><strong>Feuilles d\u00e9licates et d\u00e9coratives :<\/strong> vertes et finement divis\u00e9es, elles ajoutent une touche d&rsquo;\u00e9l\u00e9gance aux garnitures et aux pr\u00e9sentations culinaires.<\/p>\n<p><strong>Attractif dans les vergers et les jardins :<\/strong> les fleurs jaunes de l&rsquo;aneth attirent les abeilles et les papillons, encourageant la pollinisation et contribuant \u00e0 un environnement plus vivant et plus respectueux de l&rsquo;environnement.<\/p>\n<p><strong>Riche en nutriments :<\/strong> Source d&rsquo;antioxydants, de vitamines C et B, ainsi que de min\u00e9raux essentiels, offrant des avantages pour la sant\u00e9.<\/p>\n<p><strong>Facile \u00e0 cultiver :<\/strong> S&rsquo;adaptant \u00e0 diff\u00e9rents climats et sols, l&rsquo;aneth convient aux d\u00e9butants et aux jardiniers exp\u00e9riment\u00e9s, et peut \u00eatre cultiv\u00e9 en pots, sur les balcons ou directement en pleine terre.<\/p>\n<p><strong>Culture biologique :<\/strong> Nos semences sont 100 % biologiques, sans pesticides ni engrais chimiques, ce qui permet d&rsquo;avoir un <strong>jardin et un verger<\/strong> durables et respectueux de l&rsquo;environnement.<\/p>\n<p>Appr\u00e9ciez la saveur, la fra\u00eecheur et la polyvalence de l&rsquo;<strong>aneth biologique<\/strong>, et ajoutez une touche d\u00e9licate et aromatique \u00e0 vos pr\u00e9parations culinaires tout en contribuant \u00e0 l&rsquo;\u00e9quilibre naturel de votre environnement.<\/p>\n","protected":false},"featured_media":15889,"comment_status":"open","ping_status":"closed","template":"","meta":{"_acf_changed":false},"product_brand":[],"product_cat":[747,424],"product_tag":[1579],"class_list":{"0":"post-19583","1":"product","2":"type-product","3":"status-publish","4":"has-post-thumbnail","6":"product_cat-graines-aromatiques-biologiques","7":"product_cat-semences-biologiques","8":"product_tag-eco","10":"first","11":"instock","12":"taxable","13":"shipping-taxable","14":"purchasable","15":"product-type-simple"},"acf":[],"_links":{"self":[{"href":"https:\/\/cultivers.es\/fr\/wp-json\/wp\/v2\/product\/19583","targetHints":{"allow":["GET"]}}],"collection":[{"href":"https:\/\/cultivers.es\/fr\/wp-json\/wp\/v2\/product"}],"about":[{"href":"https:\/\/cultivers.es\/fr\/wp-json\/wp\/v2\/types\/product"}],"replies":[{"embeddable":true,"href":"https:\/\/cultivers.es\/fr\/wp-json\/wp\/v2\/comments?post=19583"}],"wp:featuredmedia":[{"embeddable":true,"href":"https:\/\/cultivers.es\/fr\/wp-json\/wp\/v2\/media\/15889"}],"wp:attachment":[{"href":"https:\/\/cultivers.es\/fr\/wp-json\/wp\/v2\/media?parent=19583"}],"wp:term":[{"taxonomy":"product_brand","embeddable":true,"href":"https:\/\/cultivers.es\/fr\/wp-json\/wp\/v2\/product_brand?post=19583"},{"taxonomy":"product_cat","embeddable":true,"href":"https:\/\/cultivers.es\/fr\/wp-json\/wp\/v2\/product_cat?post=19583"},{"taxonomy":"product_tag","embeddable":true,"href":"https:\/\/cultivers.es\/fr\/wp-json\/wp\/v2\/product_tag?post=19583"}],"curies":[{"name":"wp","href":"https:\/\/api.w.org\/{rel}","templated":true}]}}