{"id":19584,"date":"2022-10-07T07:19:27","date_gmt":"2022-10-07T07:19:27","guid":{"rendered":"https:\/\/cultivers.es\/abonos\/hissopo-semences-biologiques\/"},"modified":"2025-09-22T05:14:39","modified_gmt":"2025-09-22T05:14:39","slug":"semences-hissopo-ecologiques","status":"publish","type":"product","link":"https:\/\/cultivers.es\/fr\/abonnements\/semences-hissopo-ecologiques\/","title":{"rendered":"Graines d&rsquo;hissopo"},"content":{"rendered":"","protected":false},"excerpt":{"rendered":"<p>L&rsquo;<strong>hysope<\/strong> (Hyssopus officinalis) est une plante vivace aromatique, connue pour ses feuilles \u00e9troites et ses fleurs bleues, violettes ou roses. Son ar\u00f4me frais et son go\u00fbt l\u00e9g\u00e8rement amer et \u00e9pic\u00e9 en font un excellent compl\u00e9ment aux sauces, marinades, infusions, viandes et salades. En outre, l&rsquo;hysope est appr\u00e9ci\u00e9e pour ses propri\u00e9t\u00e9s m\u00e9dicinales et sa capacit\u00e9 \u00e0 attirer les pollinisateurs, ce qui en fait une plante id\u00e9ale pour le <strong>jardin<\/strong> ou le <strong>verger<\/strong>.  <\/p>\n<p><strong>Ar\u00f4me frais et \u00e9pic\u00e9 :<\/strong> Ses feuilles aromatiques d\u00e9gagent un parfum frais et herbac\u00e9, id\u00e9al pour parfumer vos pr\u00e9parations culinaires.<\/p>\n<p><strong>Saveur \u00e9pic\u00e9e et d\u00e9licate :<\/strong> sa saveur caract\u00e9ristique, avec une l\u00e9g\u00e8re touche d&rsquo;amertume, est parfaite pour complexifier les plats de viande, les soupes ou les sauces, ainsi que dans les tisanes.<\/p>\n<p><strong>Fleurs attrayantes :<\/strong> leurs petites fleurs bleues, violettes ou roses embellissent non seulement le <strong>verger<\/strong> ou le <strong>jardin<\/strong>, mais attirent \u00e9galement les abeilles et d&rsquo;autres pollinisateurs, favorisant ainsi la biodiversit\u00e9.<\/p>\n<p><strong>Riche en propri\u00e9t\u00e9s m\u00e9dicinales :<\/strong> Traditionnellement utilis\u00e9e pour soulager les probl\u00e8mes respiratoires et digestifs et comme anti-inflammatoire, l&rsquo;hysope est une plante aux multiples bienfaits.<\/p>\n<p><strong>Facile \u00e0 cultiver :<\/strong> S&rsquo;adaptant \u00e0 diff\u00e9rents types de sols et de conditions climatiques, c&rsquo;est une plante rustique et facile \u00e0 cultiver, convenant aux d\u00e9butants et aux jardiniers exp\u00e9riment\u00e9s.<\/p>\n<p><strong>Culture biologique :<\/strong> Nos semences sont <strong>100% biologiques<\/strong>, sans pesticides ni engrais chimiques, ce qui garantit un <strong>jardin<\/strong> durable et respectueux de l&rsquo;environnement.<\/p>\n<p>Profitez de la fra\u00eecheur, de l&rsquo;ar\u00f4me et des propri\u00e9t\u00e9s de l&rsquo;<strong>hysope biologique<\/strong> et ajoutez une touche unique et saine \u00e0 votre <strong>jardin<\/strong> ou \u00e0 votre <strong>potager<\/strong>. Commandez d\u00e8s aujourd&rsquo;hui et commencez \u00e0 cultiver cette plante polyvalente et aromatique ! <\/p>\n","protected":false},"featured_media":15894,"comment_status":"open","ping_status":"closed","template":"","meta":{"_acf_changed":false},"product_brand":[],"product_cat":[747,424],"product_tag":[1579],"class_list":{"0":"post-19584","1":"product","2":"type-product","3":"status-publish","4":"has-post-thumbnail","6":"product_cat-graines-aromatiques-biologiques","7":"product_cat-semences-biologiques","8":"product_tag-eco","10":"first","11":"instock","12":"taxable","13":"shipping-taxable","14":"purchasable","15":"product-type-simple"},"acf":[],"_links":{"self":[{"href":"https:\/\/cultivers.es\/fr\/wp-json\/wp\/v2\/product\/19584","targetHints":{"allow":["GET"]}}],"collection":[{"href":"https:\/\/cultivers.es\/fr\/wp-json\/wp\/v2\/product"}],"about":[{"href":"https:\/\/cultivers.es\/fr\/wp-json\/wp\/v2\/types\/product"}],"replies":[{"embeddable":true,"href":"https:\/\/cultivers.es\/fr\/wp-json\/wp\/v2\/comments?post=19584"}],"wp:featuredmedia":[{"embeddable":true,"href":"https:\/\/cultivers.es\/fr\/wp-json\/wp\/v2\/media\/15894"}],"wp:attachment":[{"href":"https:\/\/cultivers.es\/fr\/wp-json\/wp\/v2\/media?parent=19584"}],"wp:term":[{"taxonomy":"product_brand","embeddable":true,"href":"https:\/\/cultivers.es\/fr\/wp-json\/wp\/v2\/product_brand?post=19584"},{"taxonomy":"product_cat","embeddable":true,"href":"https:\/\/cultivers.es\/fr\/wp-json\/wp\/v2\/product_cat?post=19584"},{"taxonomy":"product_tag","embeddable":true,"href":"https:\/\/cultivers.es\/fr\/wp-json\/wp\/v2\/product_tag?post=19584"}],"curies":[{"name":"wp","href":"https:\/\/api.w.org\/{rel}","templated":true}]}}