{"id":19610,"date":"2022-10-07T07:08:06","date_gmt":"2022-10-07T07:08:06","guid":{"rendered":"https:\/\/cultivers.es\/abonos\/brocoli-rasmus-bio-semences\/"},"modified":"2025-06-18T14:48:51","modified_gmt":"2025-06-18T14:48:51","slug":"bio-broccoli-rasmus-seeds","status":"publish","type":"product","link":"https:\/\/cultivers.es\/fr\/abonnements\/bio-broccoli-rasmus-seeds\/","title":{"rendered":"Brocoli Rasmus Bio Semences"},"content":{"rendered":"","protected":false},"excerpt":{"rendered":"<p>Cette vari\u00e9t\u00e9 de brocoli est tr\u00e8s vigoureuse et forme des plantes aux feuilles gris-vert. Ses granul\u00e9s sont compacts et de grande taille. Son cycle de culture est de 150 jours. Apr\u00e8s la r\u00e9colte de l&rsquo;enveloppe centrale, de nouvelles pousses lat\u00e9rales se d\u00e9veloppent et produisent d&rsquo;autres brocolis lors d&rsquo;une deuxi\u00e8me r\u00e9colte. Cette vari\u00e9t\u00e9 pr\u00e9f\u00e8re \u00eatre cultiv\u00e9e dans des sols fertiles avec un bon drainage pour \u00e9viter les probl\u00e8mes de racines et assurer un bon d\u00e9veloppement.<\/p>\n","protected":false},"featured_media":15654,"comment_status":"open","ping_status":"closed","template":"","meta":{"_acf_changed":false},"product_brand":[],"product_cat":[424,431],"product_tag":[1579],"class_list":{"0":"post-19610","1":"product","2":"type-product","3":"status-publish","4":"has-post-thumbnail","6":"product_cat-semences-biologiques","7":"product_cat-semences-de-brassica-biologiques","8":"product_tag-eco","10":"first","11":"instock","12":"sale","13":"taxable","14":"shipping-taxable","15":"purchasable","16":"product-type-variable"},"acf":[],"_links":{"self":[{"href":"https:\/\/cultivers.es\/fr\/wp-json\/wp\/v2\/product\/19610","targetHints":{"allow":["GET"]}}],"collection":[{"href":"https:\/\/cultivers.es\/fr\/wp-json\/wp\/v2\/product"}],"about":[{"href":"https:\/\/cultivers.es\/fr\/wp-json\/wp\/v2\/types\/product"}],"replies":[{"embeddable":true,"href":"https:\/\/cultivers.es\/fr\/wp-json\/wp\/v2\/comments?post=19610"}],"wp:featuredmedia":[{"embeddable":true,"href":"https:\/\/cultivers.es\/fr\/wp-json\/wp\/v2\/media\/15654"}],"wp:attachment":[{"href":"https:\/\/cultivers.es\/fr\/wp-json\/wp\/v2\/media?parent=19610"}],"wp:term":[{"taxonomy":"product_brand","embeddable":true,"href":"https:\/\/cultivers.es\/fr\/wp-json\/wp\/v2\/product_brand?post=19610"},{"taxonomy":"product_cat","embeddable":true,"href":"https:\/\/cultivers.es\/fr\/wp-json\/wp\/v2\/product_cat?post=19610"},{"taxonomy":"product_tag","embeddable":true,"href":"https:\/\/cultivers.es\/fr\/wp-json\/wp\/v2\/product_tag?post=19610"}],"curies":[{"name":"wp","href":"https:\/\/api.w.org\/{rel}","templated":true}]}}