{"id":19620,"date":"2022-10-07T07:08:06","date_gmt":"2022-10-07T07:08:06","guid":{"rendered":"https:\/\/cultivers.es\/abonos\/purple-broccoli-early-purple-sprouting-organic-seeds-brocoli-violet-a-germination-precoce\/"},"modified":"2025-09-22T04:45:28","modified_gmt":"2025-09-22T04:45:28","slug":"graines-broccoli-pourpre-precoce-germination-pourpre-ecologique","status":"publish","type":"product","link":"https:\/\/cultivers.es\/fr\/abonnements\/graines-broccoli-pourpre-precoce-germination-pourpre-ecologique\/","title":{"rendered":"Semences de Brocoli Pr\u00e9coces Pourpres \u00e0 Germination Pr\u00e9coces Pourpres Biodynamiques Demeter"},"content":{"rendered":"","protected":false},"excerpt":{"rendered":"<p>Ajoutez une touche de couleur et de nutrition \u00e0 votre jardin avec nos <strong>graines de brocoli \u00e0 germination pr\u00e9coce bio pourpre<\/strong>. Cette vari\u00e9t\u00e9 unique se caract\u00e9rise par des germes d&rsquo;un violet \u00e9clatant qui sont non seulement visuellement frappants, mais aussi d\u00e9licieux et hautement nutritifs. Id\u00e9al pour les r\u00e9coltes d&rsquo;hiver et du d\u00e9but du printemps, ce brocoli est parfait pour les salades, les saut\u00e9s, les rago\u00fbts ou comme plat d&rsquo;accompagnement sain.  <\/p>\n<ul>\n<li><strong>Couleur violette :<\/strong> le brocoli \u00e0 germer Early Purple produit des germes tendres, d&rsquo;un violet profond, qui ajoutent une touche d\u00e9corative \u00e0 vos plats. Sa couleur unique indique \u00e9galement sa teneur \u00e9lev\u00e9e en antioxydants. <\/li>\n<li><strong>Saveur douce et d\u00e9licate :<\/strong> cette vari\u00e9t\u00e9 a une saveur douce et sucr\u00e9e, parfaite pour les salades fra\u00eeches, les plats cuits \u00e0 la vapeur, les rago\u00fbts ou les saut\u00e9s. C&rsquo;est un choix polyvalent que tout le monde appr\u00e9ciera. <\/li>\n<li><strong>R\u00e9sistance au froid :<\/strong> Le brocoli \u00e0 germer Early Purple est une plante r\u00e9sistante qui prosp\u00e8re dans les climats froids, ce qui en fait un choix id\u00e9al pour les r\u00e9coltes des mois d&rsquo;hiver et du d\u00e9but du printemps.<\/li>\n<li><strong>Riche en antioxydants et en nutriments :<\/strong> Sa couleur violette \u00e9clatante est r\u00e9v\u00e9latrice de sa teneur en anthocyanines, de puissants antioxydants qui aident \u00e0 lutter contre le stress oxydatif. C&rsquo;est \u00e9galement une excellente source de vitamines A, C et K, de fibres et de min\u00e9raux essentiels. <\/li>\n<li><strong>Facile \u00e0 cultiver :<\/strong> Id\u00e9ale pour les d\u00e9butants et les jardiniers exp\u00e9riment\u00e9s, cette vari\u00e9t\u00e9 s&rsquo;adapte bien \u00e0 diff\u00e9rents types de sols et de climats. C&rsquo;est une plante rustique qui assure une r\u00e9colte abondante. <\/li>\n<li><strong>Culture biologique :<\/strong> Nos semences sont 100% biologiques, ce qui garantit une culture exempte de pesticides et d&rsquo;engrais chimiques, favorisant ainsi un jardin durable et sain.<\/li>\n<\/ul>\n<p>Apportez de la couleur, de la saveur et de la sant\u00e9 \u00e0 votre jardin avec les <strong>graines de brocoli \u00e0 germination pr\u00e9coce biologique de couleur pourpre<\/strong>. Parfait pour les mois les plus frais et rempli de bienfaits nutritionnels, ce brocoli sera un ajout d\u00e9licieux et durable \u00e0 votre jardin. Commandez d\u00e8s aujourd&rsquo;hui et profitez d&rsquo;une r\u00e9colte vibrante et saine !  <\/p>\n","protected":false},"featured_media":45418,"comment_status":"open","ping_status":"closed","template":"","meta":{"_acf_changed":false},"product_brand":[],"product_cat":[1303,424,431],"product_tag":[1385],"class_list":{"0":"post-19620","1":"product","2":"type-product","3":"status-publish","4":"has-post-thumbnail","6":"product_cat-graines-de-demeter","7":"product_cat-semences-biologiques","8":"product_cat-semences-de-brassica-biologiques","9":"product_tag-demeter-fr","11":"first","12":"instock","13":"sale","14":"taxable","15":"shipping-taxable","16":"purchasable","17":"product-type-simple"},"acf":[],"_links":{"self":[{"href":"https:\/\/cultivers.es\/fr\/wp-json\/wp\/v2\/product\/19620","targetHints":{"allow":["GET"]}}],"collection":[{"href":"https:\/\/cultivers.es\/fr\/wp-json\/wp\/v2\/product"}],"about":[{"href":"https:\/\/cultivers.es\/fr\/wp-json\/wp\/v2\/types\/product"}],"replies":[{"embeddable":true,"href":"https:\/\/cultivers.es\/fr\/wp-json\/wp\/v2\/comments?post=19620"}],"wp:featuredmedia":[{"embeddable":true,"href":"https:\/\/cultivers.es\/fr\/wp-json\/wp\/v2\/media\/45418"}],"wp:attachment":[{"href":"https:\/\/cultivers.es\/fr\/wp-json\/wp\/v2\/media?parent=19620"}],"wp:term":[{"taxonomy":"product_brand","embeddable":true,"href":"https:\/\/cultivers.es\/fr\/wp-json\/wp\/v2\/product_brand?post=19620"},{"taxonomy":"product_cat","embeddable":true,"href":"https:\/\/cultivers.es\/fr\/wp-json\/wp\/v2\/product_cat?post=19620"},{"taxonomy":"product_tag","embeddable":true,"href":"https:\/\/cultivers.es\/fr\/wp-json\/wp\/v2\/product_tag?post=19620"}],"curies":[{"name":"wp","href":"https:\/\/api.w.org\/{rel}","templated":true}]}}