{"id":19622,"date":"2022-10-07T07:08:06","date_gmt":"2022-10-07T07:08:06","guid":{"rendered":"https:\/\/cultivers.es\/abonos\/brocoli-calabrese-natalino-organic-semences\/"},"modified":"2025-09-22T05:19:40","modified_gmt":"2025-09-22T05:19:40","slug":"graines-broccoli-germes-calabrese-natalino-ecologique","status":"publish","type":"product","link":"https:\/\/cultivers.es\/fr\/abonnements\/graines-broccoli-germes-calabrese-natalino-ecologique\/","title":{"rendered":"Broccoli Calabrese Natalino Semences"},"content":{"rendered":"","protected":false},"excerpt":{"rendered":"<p>Cette vari\u00e9t\u00e9 de brocoli a un cycle de croissance de 120 jours. Les feuilles et les multiples pousses lat\u00e9rales produites sont comestibles. Cette vari\u00e9t\u00e9 de brocoli pr\u00e9f\u00e8re les sols fertiles. Il peut \u00eatre associ\u00e9 \u00e0 des plantes aromatiques ou \u00e0 l&rsquo;oignon, pour aider \u00e0 repousser certains parasites. C&rsquo;est une plante haute, avec des feuilles de taille moyenne qui ne sont pas tr\u00e8s serr\u00e9es. L&rsquo;inflorescence de cette vari\u00e9t\u00e9 est de taille moyenne \u00e0 grande et de couleur verte, avec un go\u00fbt exquis.<\/p>\n","protected":false},"featured_media":15644,"comment_status":"open","ping_status":"closed","template":"","meta":{"_acf_changed":false},"product_brand":[],"product_cat":[424,431],"product_tag":[],"woo-feed-brand":[],"class_list":{"0":"post-19622","1":"product","2":"type-product","3":"status-publish","4":"has-post-thumbnail","6":"product_cat-semences-biologiques","7":"product_cat-semences-de-brassica-biologiques","9":"first","10":"outofstock","11":"taxable","12":"shipping-taxable","13":"purchasable","14":"product-type-simple"},"acf":[],"_links":{"self":[{"href":"https:\/\/cultivers.es\/fr\/wp-json\/wp\/v2\/product\/19622","targetHints":{"allow":["GET"]}}],"collection":[{"href":"https:\/\/cultivers.es\/fr\/wp-json\/wp\/v2\/product"}],"about":[{"href":"https:\/\/cultivers.es\/fr\/wp-json\/wp\/v2\/types\/product"}],"replies":[{"embeddable":true,"href":"https:\/\/cultivers.es\/fr\/wp-json\/wp\/v2\/comments?post=19622"}],"wp:featuredmedia":[{"embeddable":true,"href":"https:\/\/cultivers.es\/fr\/wp-json\/wp\/v2\/media\/15644"}],"wp:attachment":[{"href":"https:\/\/cultivers.es\/fr\/wp-json\/wp\/v2\/media?parent=19622"}],"wp:term":[{"taxonomy":"product_brand","embeddable":true,"href":"https:\/\/cultivers.es\/fr\/wp-json\/wp\/v2\/product_brand?post=19622"},{"taxonomy":"product_cat","embeddable":true,"href":"https:\/\/cultivers.es\/fr\/wp-json\/wp\/v2\/product_cat?post=19622"},{"taxonomy":"product_tag","embeddable":true,"href":"https:\/\/cultivers.es\/fr\/wp-json\/wp\/v2\/product_tag?post=19622"},{"taxonomy":"woo-feed-brand","embeddable":true,"href":"https:\/\/cultivers.es\/fr\/wp-json\/wp\/v2\/woo-feed-brand?post=19622"}],"curies":[{"name":"wp","href":"https:\/\/api.w.org\/{rel}","templated":true}]}}