{"id":19624,"date":"2022-10-07T07:08:06","date_gmt":"2022-10-07T07:08:06","guid":{"rendered":"https:\/\/cultivers.es\/abonos\/graines-de-chou-bio-chaves-graines-de-kale\/"},"modified":"2025-11-10T14:59:41","modified_gmt":"2025-11-10T14:59:41","slug":"graines-col-penca-semences-doiseaux-ecologiques","status":"publish","type":"product","link":"https:\/\/cultivers.es\/fr\/abonnements\/graines-col-penca-semences-doiseaux-ecologiques\/","title":{"rendered":"Graines de chou Chaves"},"content":{"rendered":"","protected":false},"excerpt":{"rendered":"<p>Ajoutez un joyau de la tradition agricole portugaise \u00e0 votre potager avec nos <strong>graines de chou blanc Chaves biologiques<\/strong>. Cette vari\u00e9t\u00e9 se distingue par ses grandes feuilles tendres et vein\u00e9es de blanc, qui en font un ingr\u00e9dient indispensable pour les plats traditionnels. Gr\u00e2ce \u00e0 sa r\u00e9sistance au froid et \u00e0 sa capacit\u00e9 \u00e0 produire pendant l&rsquo;hiver, le Chaves Kale est parfait pour les potagers durables et sains.  <\/p>\n<ul>\n<li><strong>Grandes feuilles et nervures blanches :<\/strong> Le chou de Chaves produit de grandes feuilles \u00e0 la texture tendre et \u00e0 la couleur vert fonc\u00e9, id\u00e9ales pour les rago\u00fbts, les soupes et les saut\u00e9s. Ses c\u00f4tes blanches lui conf\u00e8rent un aspect caract\u00e9ristique et attrayant. <\/li>\n<li><strong>Saveur douce et polyvalente :<\/strong> Cette vari\u00e9t\u00e9 est connue pour sa saveur douce et d\u00e9licate, ce qui en fait un excellent choix pour les recettes traditionnelles ou modernes, telles que les rago\u00fbts et les plats cuits \u00e0 la vapeur.<\/li>\n<li><strong>R\u00e9sistant au froid :<\/strong> Le chou fris\u00e9 de Chaves est particuli\u00e8rement adapt\u00e9 aux climats frais, car il peut r\u00e9sister aux basses temp\u00e9ratures, ce qui en fait un excellent choix pour les cultures d&rsquo;hiver.<\/li>\n<li><strong>Riche en nutriments :<\/strong> Ce chou est une excellente source de vitamines A, C et K, de fibres et de min\u00e9raux essentiels tels que le calcium et le fer, ce qui favorise une alimentation \u00e9quilibr\u00e9e et saine.<\/li>\n<li><strong>Facile \u00e0 cultiver :<\/strong> rustique et de croissance r\u00e9guli\u00e8re, cette vari\u00e9t\u00e9 s&rsquo;adapte bien \u00e0 diff\u00e9rents types de sol, ce qui la rend id\u00e9ale pour les d\u00e9butants comme pour les jardiniers exp\u00e9riment\u00e9s.<\/li>\n<li><strong>Culture biologique :<\/strong> Nos semences sont 100% biologiques, garantissant une culture exempte de pesticides et de produits chimiques, favorisant un jardin durable et respectueux de l&rsquo;environnement.<\/li>\n<\/ul>\n<p>Cultivez un chou portugais traditionnel avec nos <strong>graines de chou biologique Penca de Chaves<\/strong>. Parfaite pour les recettes d&rsquo;hiver et facile \u00e0 cultiver, cette vari\u00e9t\u00e9 remplira votre jardin de saveur et de nutrition. Commandez d\u00e8s aujourd&rsquo;hui et profitez de l&rsquo;authenticit\u00e9 de ce d\u00e9licieux chou directement dans votre jardin !  <\/p>\n","protected":false},"featured_media":15669,"comment_status":"open","ping_status":"closed","template":"","meta":{"_acf_changed":false},"product_brand":[],"product_cat":[424,431],"product_tag":[1579],"class_list":{"0":"post-19624","1":"product","2":"type-product","3":"status-publish","4":"has-post-thumbnail","6":"product_cat-semences-biologiques","7":"product_cat-semences-de-brassica-biologiques","8":"product_tag-eco","10":"first","11":"instock","12":"sale","13":"taxable","14":"shipping-taxable","15":"purchasable","16":"product-type-simple"},"acf":[],"_links":{"self":[{"href":"https:\/\/cultivers.es\/fr\/wp-json\/wp\/v2\/product\/19624","targetHints":{"allow":["GET"]}}],"collection":[{"href":"https:\/\/cultivers.es\/fr\/wp-json\/wp\/v2\/product"}],"about":[{"href":"https:\/\/cultivers.es\/fr\/wp-json\/wp\/v2\/types\/product"}],"replies":[{"embeddable":true,"href":"https:\/\/cultivers.es\/fr\/wp-json\/wp\/v2\/comments?post=19624"}],"wp:featuredmedia":[{"embeddable":true,"href":"https:\/\/cultivers.es\/fr\/wp-json\/wp\/v2\/media\/15669"}],"wp:attachment":[{"href":"https:\/\/cultivers.es\/fr\/wp-json\/wp\/v2\/media?parent=19624"}],"wp:term":[{"taxonomy":"product_brand","embeddable":true,"href":"https:\/\/cultivers.es\/fr\/wp-json\/wp\/v2\/product_brand?post=19624"},{"taxonomy":"product_cat","embeddable":true,"href":"https:\/\/cultivers.es\/fr\/wp-json\/wp\/v2\/product_cat?post=19624"},{"taxonomy":"product_tag","embeddable":true,"href":"https:\/\/cultivers.es\/fr\/wp-json\/wp\/v2\/product_tag?post=19624"}],"curies":[{"name":"wp","href":"https:\/\/api.w.org\/{rel}","templated":true}]}}