{"id":19625,"date":"2022-10-07T07:08:06","date_gmt":"2022-10-07T07:08:06","guid":{"rendered":"https:\/\/cultivers.es\/abonos\/graines-de-chou-portugais-galega-folhas-lisas-ecologicas\/"},"modified":"2026-02-28T12:22:04","modified_gmt":"2026-02-28T12:22:04","slug":"semillas-col-portuguesa-galega-folhas-lisas-ecologicas","status":"publish","type":"product","link":"https:\/\/cultivers.es\/fr\/abonnements\/semillas-col-portuguesa-galega-folhas-lisas-ecologicas\/","title":{"rendered":"Graines de chou portugais Galega Folhas Lisas"},"content":{"rendered":"","protected":false},"excerpt":{"rendered":"<p>Cultivez l&rsquo;un des joyaux de la gastronomie portugaise avec nos <strong>graines de chou portugais bio Galega Folhas Lisas Ecol\u00f3gicas<\/strong>. Cette vari\u00e9t\u00e9 de chou est r\u00e9put\u00e9e pour ses grandes feuilles vertes et lisses, sa texture tendre et sa saveur douce, parfaite pour pr\u00e9parer des recettes traditionnelles telles que des bouillons verts ou des rago\u00fbts r\u00e9confortants. Rustique et facile \u00e0 cultiver, elle est id\u00e9ale pour des r\u00e9coltes abondantes en automne et en hiver, garantissant fra\u00eecheur et sant\u00e9 sur votre table.  <\/p>\n<ul>\n<li><strong>Feuilles larges et lisses :<\/strong> Le chou portugais Folhas Lisas Galega produit des feuilles vertes, tendres et sans nervures saillantes, parfaites pour la cuisson dans les soupes, les saut\u00e9s ou les rago\u00fbts traditionnels.<\/li>\n<li><strong>Saveur douce et polyvalente :<\/strong> avec une saveur d\u00e9licate et l\u00e9g\u00e8rement sucr\u00e9e, ce chou est id\u00e9al pour les plats portugais traditionnels et les pr\u00e9parations plus modernes.<\/li>\n<li><strong>R\u00e9sistance au froid :<\/strong> Cette vari\u00e9t\u00e9 est tr\u00e8s r\u00e9sistante aux basses temp\u00e9ratures, ce qui la rend id\u00e9ale pour les r\u00e9coltes durant les mois les plus froids de l&rsquo;ann\u00e9e.<\/li>\n<li><strong>Riche en nutriments :<\/strong> Le chou portugais est une excellente source de vitamines A, C et K, de calcium et de fibres, ce qui favorise une alimentation saine et \u00e9quilibr\u00e9e.<\/li>\n<li><strong>Facile \u00e0 cultiver :<\/strong> rustique et adaptable, cette vari\u00e9t\u00e9 pousse bien dans une large gamme de climats et de types de sol, ce qui la rend id\u00e9ale pour les d\u00e9butants et les jardiniers exp\u00e9riment\u00e9s.<\/li>\n<li><strong>Culture biologique :<\/strong> Nos semences sont 100% biologiques, garantissant une culture sans pesticides ni engrais chimiques, dans le respect de l&rsquo;environnement et de la sant\u00e9 des sols.<\/li>\n<\/ul>\n<p>Apportez la tradition portugaise et une saveur authentique \u00e0 votre jardin avec les <strong>graines de chou portugais Folhas Lisas Ecol\u00f3gicas Portuguesa Galega<\/strong>. Faciles \u00e0 cultiver, nutritives et polyvalentes, elles seront un compl\u00e9ment indispensable \u00e0 vos recettes maison. Commandez d\u00e8s aujourd&rsquo;hui et commencez \u00e0 savourer ce d\u00e9licieux chou directement dans votre jardin !  <\/p>\n","protected":false},"featured_media":15674,"comment_status":"open","ping_status":"closed","template":"","meta":{"_acf_changed":false},"product_brand":[],"product_cat":[424,431],"product_tag":[1579],"class_list":{"0":"post-19625","1":"product","2":"type-product","3":"status-publish","4":"has-post-thumbnail","6":"product_cat-semences-biologiques","7":"product_cat-semences-de-brassica-biologiques","8":"product_tag-eco","10":"first","11":"instock","12":"sale","13":"taxable","14":"shipping-taxable","15":"purchasable","16":"product-type-simple"},"acf":[],"_links":{"self":[{"href":"https:\/\/cultivers.es\/fr\/wp-json\/wp\/v2\/product\/19625","targetHints":{"allow":["GET"]}}],"collection":[{"href":"https:\/\/cultivers.es\/fr\/wp-json\/wp\/v2\/product"}],"about":[{"href":"https:\/\/cultivers.es\/fr\/wp-json\/wp\/v2\/types\/product"}],"replies":[{"embeddable":true,"href":"https:\/\/cultivers.es\/fr\/wp-json\/wp\/v2\/comments?post=19625"}],"wp:featuredmedia":[{"embeddable":true,"href":"https:\/\/cultivers.es\/fr\/wp-json\/wp\/v2\/media\/15674"}],"wp:attachment":[{"href":"https:\/\/cultivers.es\/fr\/wp-json\/wp\/v2\/media?parent=19625"}],"wp:term":[{"taxonomy":"product_brand","embeddable":true,"href":"https:\/\/cultivers.es\/fr\/wp-json\/wp\/v2\/product_brand?post=19625"},{"taxonomy":"product_cat","embeddable":true,"href":"https:\/\/cultivers.es\/fr\/wp-json\/wp\/v2\/product_cat?post=19625"},{"taxonomy":"product_tag","embeddable":true,"href":"https:\/\/cultivers.es\/fr\/wp-json\/wp\/v2\/product_tag?post=19625"}],"curies":[{"name":"wp","href":"https:\/\/api.w.org\/{rel}","templated":true}]}}