{"id":19626,"date":"2022-10-07T07:08:06","date_gmt":"2022-10-07T07:08:06","guid":{"rendered":"https:\/\/cultivers.es\/abonos\/choux-de-bruxelles-bio-groninger-seeds\/"},"modified":"2025-09-22T05:20:16","modified_gmt":"2025-09-22T05:20:16","slug":"choux-de-bruxelles-groninger-ecologique","status":"publish","type":"product","link":"https:\/\/cultivers.es\/fr\/abonnements\/choux-de-bruxelles-groninger-ecologique\/","title":{"rendered":"Graines de choux de Bruxelles Groninger"},"content":{"rendered":"","protected":false},"excerpt":{"rendered":"<p>Remplissez votre jardin de tradition et de saveur avec nos <strong>choux de Bruxelles Groninger biologiques<\/strong>. Cette vari\u00e9t\u00e9 est connue pour produire de petits choux compacts, d&rsquo;un vert \u00e9clatant et d&rsquo;une saveur douce et sucr\u00e9e, id\u00e9ale pour une grande vari\u00e9t\u00e9 de recettes. Parfaits pour les cultures d&rsquo;automne et d&rsquo;hiver, les choux de Bruxelles Groninger sont une source exceptionnelle de vitamines et de min\u00e9raux, tout en \u00e9tant r\u00e9sistants au froid et faciles \u00e0 cultiver.  <\/p>\n<ul>\n<li>Des <strong>germes compacts et uniformes :<\/strong> Les choux de Bruxelles Groninger produisent de petits germes arrondis et bien form\u00e9s, parfaits pour \u00eatre cuits \u00e0 la vapeur, saut\u00e9s, cuits au four ou ajout\u00e9s aux rago\u00fbts.<\/li>\n<li><strong>Go\u00fbt doux et sucr\u00e9 :<\/strong> Cette vari\u00e9t\u00e9 se distingue par son go\u00fbt l\u00e9ger et sucr\u00e9, avec une texture tendre qui persiste m\u00eame apr\u00e8s la cuisson. Elle est id\u00e9ale pour ceux qui recherchent un moyen d\u00e9licieux d&rsquo;ajouter plus de l\u00e9gumes \u00e0 leur r\u00e9gime alimentaire. <\/li>\n<li><strong>R\u00e9sistant au froid :<\/strong> Con\u00e7u pour prosp\u00e9rer dans les climats frais, ce chou est un excellent choix pour les r\u00e9coltes d&rsquo;automne et d&rsquo;hiver, garantissant des produits frais m\u00eame par les temps les plus froids.<\/li>\n<li><strong>Riche en nutriments :<\/strong> Le chou de Bruxelles est une source exceptionnelle de vitamines C et K, de fibres et d&rsquo;antioxydants, ce qui en fait un choix sain et nutritif pour votre table.<\/li>\n<li><strong>Facile \u00e0 cultiver :<\/strong> Cette vari\u00e9t\u00e9 est robuste et demande peu d&rsquo;entretien. Elle est id\u00e9ale pour les d\u00e9butants et les jardiniers exp\u00e9riment\u00e9s. Elle s&rsquo;adapte bien \u00e0 diff\u00e9rents types de sols et de climats. <\/li>\n<li><strong>Culture biologique :<\/strong> Nos semences sont 100 % biologiques, sans pesticides ni engrais chimiques, ce qui garantit un jardin durable et respectueux de l&rsquo;environnement.<\/li>\n<\/ul>\n<p>Apportez saveur, tradition et nutrition \u00e0 votre jardin avec les <strong>choux de Bruxelles bio de Groninger<\/strong>. Faciles \u00e0 cultiver, sains et parfaits pour les mois les plus froids, ces choux seront un excellent compl\u00e9ment \u00e0 votre table. Commandez d\u00e8s aujourd&rsquo;hui et profitez de la fra\u00eecheur de votre propre culture biologique !  <\/p>\n","protected":false},"featured_media":15664,"comment_status":"open","ping_status":"closed","template":"","meta":{"_acf_changed":false},"product_brand":[],"product_cat":[424,431],"product_tag":[1579],"woo-feed-brand":[],"class_list":{"0":"post-19626","1":"product","2":"type-product","3":"status-publish","4":"has-post-thumbnail","6":"product_cat-semences-biologiques","7":"product_cat-semences-de-brassica-biologiques","8":"product_tag-eco","10":"first","11":"outofstock","12":"sale","13":"taxable","14":"shipping-taxable","15":"purchasable","16":"product-type-simple"},"acf":[],"_links":{"self":[{"href":"https:\/\/cultivers.es\/fr\/wp-json\/wp\/v2\/product\/19626","targetHints":{"allow":["GET"]}}],"collection":[{"href":"https:\/\/cultivers.es\/fr\/wp-json\/wp\/v2\/product"}],"about":[{"href":"https:\/\/cultivers.es\/fr\/wp-json\/wp\/v2\/types\/product"}],"replies":[{"embeddable":true,"href":"https:\/\/cultivers.es\/fr\/wp-json\/wp\/v2\/comments?post=19626"}],"wp:featuredmedia":[{"embeddable":true,"href":"https:\/\/cultivers.es\/fr\/wp-json\/wp\/v2\/media\/15664"}],"wp:attachment":[{"href":"https:\/\/cultivers.es\/fr\/wp-json\/wp\/v2\/media?parent=19626"}],"wp:term":[{"taxonomy":"product_brand","embeddable":true,"href":"https:\/\/cultivers.es\/fr\/wp-json\/wp\/v2\/product_brand?post=19626"},{"taxonomy":"product_cat","embeddable":true,"href":"https:\/\/cultivers.es\/fr\/wp-json\/wp\/v2\/product_cat?post=19626"},{"taxonomy":"product_tag","embeddable":true,"href":"https:\/\/cultivers.es\/fr\/wp-json\/wp\/v2\/product_tag?post=19626"},{"taxonomy":"woo-feed-brand","embeddable":true,"href":"https:\/\/cultivers.es\/fr\/wp-json\/wp\/v2\/woo-feed-brand?post=19626"}],"curies":[{"name":"wp","href":"https:\/\/api.w.org\/{rel}","templated":true}]}}