{"id":19627,"date":"2022-10-07T07:08:06","date_gmt":"2022-10-07T07:08:06","guid":{"rendered":"https:\/\/cultivers.es\/abonos\/chou-rave-biologique-sweet-mary-seeds\/"},"modified":"2025-09-22T05:20:25","modified_gmt":"2025-09-22T05:20:25","slug":"choux-raves-raves-doux-maries-semences-ecologiques-ecologiques","status":"publish","type":"product","link":"https:\/\/cultivers.es\/fr\/abonnements\/choux-raves-raves-doux-maries-semences-ecologiques-ecologiques\/","title":{"rendered":"Nabicol Sweet Mary Seeds"},"content":{"rendered":"","protected":false},"excerpt":{"rendered":"<p>D\u00e9couvrez une vari\u00e9t\u00e9 exceptionnelle avec nos <strong>graines de rutabaga Sweet Mary biologique<\/strong>. Ce navet est connu pour sa saveur douce et sucr\u00e9e, parfaite pour enrichir les rago\u00fbts, les soupes et les saut\u00e9s. Sa culture simple et sa grande r\u00e9sistance en font un choix id\u00e9al pour tout potager, tandis que sa valeur nutritionnelle en fait un \u00e9l\u00e9ment essentiel d&rsquo;une alimentation \u00e9quilibr\u00e9e. De plus, comme toutes nos semences biologiques, Nabicol Dulce Mar\u00eda ne contient aucun produit chimique, ce qui favorise une culture durable et saine.   <\/p>\n<ul>\n<li><strong>Go\u00fbt doux et sucr\u00e9 :<\/strong> Nabicol Dulce Maria a un go\u00fbt d\u00e9licat et l\u00e9g\u00e8rement sucr\u00e9, ce qui le rend parfait pour une vari\u00e9t\u00e9 de recettes, des plats traditionnels aux options plus modernes.<\/li>\n<li><strong>Racines et feuilles polyvalentes :<\/strong> Cette vari\u00e9t\u00e9 est appr\u00e9ci\u00e9e \u00e0 la fois pour ses racines tendres et savoureuses et pour ses feuilles vertes, id\u00e9ales comme l\u00e9gume frais dans les rago\u00fbts et les saut\u00e9s.<\/li>\n<li><strong>Rustique et facile \u00e0 cultiver :<\/strong> Nabicol Dulce Maria est une plante rustique qui tol\u00e8re les basses temp\u00e9ratures, ce qui en fait un excellent choix pour les cultures d&rsquo;automne et d&rsquo;hiver.<\/li>\n<li><strong>Riche en nutriments :<\/strong> Ce nabicol est une source importante de fibres, de vitamine C et de min\u00e9raux essentiels tels que le calcium et le fer, offrant de nombreux avantages pour la sant\u00e9.<\/li>\n<li><strong>Culture biologique :<\/strong> Nos semences sont 100% biologiques, ce qui garantit qu&rsquo;elles poussent sans pesticides ni engrais chimiques, dans le respect de la sant\u00e9 du sol et de l&rsquo;environnement.<\/li>\n<\/ul>\n<p>Remplissez votre jardin de tradition et de douceur avec les <strong>graines Organic Sweet Mary Nabicol Seeds<\/strong>. Faciles \u00e0 cultiver et d\u00e9licieuses, ces plantes seront un excellent compl\u00e9ment \u00e0 vos cultures, vous apportant fra\u00eecheur et sant\u00e9 directement de votre jardin. Commandez d\u00e8s aujourd&rsquo;hui et commencez \u00e0 appr\u00e9cier ce l\u00e9gume classique dans vos plats !  <\/p>\n","protected":false},"featured_media":15689,"comment_status":"open","ping_status":"closed","template":"","meta":{"_acf_changed":false},"product_brand":[],"product_cat":[424,431],"product_tag":[1579],"class_list":{"0":"post-19627","1":"product","2":"type-product","3":"status-publish","4":"has-post-thumbnail","6":"product_cat-semences-biologiques","7":"product_cat-semences-de-brassica-biologiques","8":"product_tag-eco","10":"first","11":"instock","12":"sale","13":"taxable","14":"shipping-taxable","15":"purchasable","16":"product-type-simple"},"acf":[],"_links":{"self":[{"href":"https:\/\/cultivers.es\/fr\/wp-json\/wp\/v2\/product\/19627","targetHints":{"allow":["GET"]}}],"collection":[{"href":"https:\/\/cultivers.es\/fr\/wp-json\/wp\/v2\/product"}],"about":[{"href":"https:\/\/cultivers.es\/fr\/wp-json\/wp\/v2\/types\/product"}],"replies":[{"embeddable":true,"href":"https:\/\/cultivers.es\/fr\/wp-json\/wp\/v2\/comments?post=19627"}],"wp:featuredmedia":[{"embeddable":true,"href":"https:\/\/cultivers.es\/fr\/wp-json\/wp\/v2\/media\/15689"}],"wp:attachment":[{"href":"https:\/\/cultivers.es\/fr\/wp-json\/wp\/v2\/media?parent=19627"}],"wp:term":[{"taxonomy":"product_brand","embeddable":true,"href":"https:\/\/cultivers.es\/fr\/wp-json\/wp\/v2\/product_brand?post=19627"},{"taxonomy":"product_cat","embeddable":true,"href":"https:\/\/cultivers.es\/fr\/wp-json\/wp\/v2\/product_cat?post=19627"},{"taxonomy":"product_tag","embeddable":true,"href":"https:\/\/cultivers.es\/fr\/wp-json\/wp\/v2\/product_tag?post=19627"}],"curies":[{"name":"wp","href":"https:\/\/api.w.org\/{rel}","templated":true}]}}