{"id":19630,"date":"2022-10-07T07:08:06","date_gmt":"2022-10-07T07:08:06","guid":{"rendered":"https:\/\/cultivers.es\/abonos\/bette-a-carde-blanche-glatter-silber-3-graines-bio\/"},"modified":"2025-11-22T11:45:48","modified_gmt":"2025-11-22T11:45:48","slug":"graines-white-glatter-glatter-silber-3-ecological-white-glatter-silber-3-ecological-seeds","status":"publish","type":"product","link":"https:\/\/cultivers.es\/fr\/abonnements\/graines-white-glatter-glatter-silber-3-ecological-white-glatter-silber-3-ecological-seeds\/","title":{"rendered":"Graines de bettes \u00e0 carde blanches Glatter Silber 3"},"content":{"rendered":"","protected":false},"excerpt":{"rendered":"<p>D\u00e9couvrez un go\u00fbt et un rendement excellents avec nos <strong>graines de blettes blanches Glatter Silber 3 Organic<\/strong>. Cette vari\u00e9t\u00e9 classique se caract\u00e9rise par ses feuilles vertes brillantes et ses larges tiges blanches juteuses, parfaites pour une grande vari\u00e9t\u00e9 de pr\u00e9parations culinaires. Sa rusticit\u00e9 et sa facilit\u00e9 de culture en font un choix id\u00e9al pour des r\u00e9coltes abondantes tout au long de l&rsquo;ann\u00e9e.  <\/p>\n<ul>\n<li><strong>Tiges blanches fermes :<\/strong> Les bettes \u00e0 carde Glatter Silber 3 se distinguent par leurs tiges \u00e9paisses, blanches et croquantes, id\u00e9ales pour les saut\u00e9s, les soupes, les rago\u00fbts ou la cuisson \u00e0 la vapeur.<\/li>\n<li><strong>Feuilles vertes tendres :<\/strong> Ses feuilles \u00e0 la texture douce et \u00e0 la saveur d\u00e9licate sont parfaites pour \u00eatre consomm\u00e9es fra\u00eeches en salade ou cuisin\u00e9es dans des recettes traditionnelles.<\/li>\n<li><strong>Riche en nutriments :<\/strong> Les blettes sont une excellente source de vitamines A, C et K, ainsi que de min\u00e9raux essentiels tels que le fer et le magn\u00e9sium, ce qui en fait un aliment sain et complet.<\/li>\n<li><strong>Rustique et productive :<\/strong> la bette \u00e0 carde Glatter Silber 3 est tr\u00e8s r\u00e9sistante aux conditions climatiques d\u00e9favorables, ce qui permet des r\u00e9coltes prolong\u00e9es tout au long de l&rsquo;ann\u00e9e, m\u00eame en automne et en hiver.<\/li>\n<li><strong>Facile \u00e0 cultiver :<\/strong> Id\u00e9ale pour les d\u00e9butants et les jardiniers exp\u00e9riment\u00e9s, cette vari\u00e9t\u00e9 s&rsquo;adapte bien \u00e0 diff\u00e9rents types de sol et n\u00e9cessite un minimum d&rsquo;entretien.<\/li>\n<li><strong>Culture biologique :<\/strong> Nos semences sont 100% biologiques, sans pesticides ni engrais chimiques, ce qui garantit une culture durable et respectueuse de l&rsquo;environnement.<\/li>\n<\/ul>\n<p>Remplissez votre jardin de fra\u00eecheur et de saveur avec les <strong>graines de blettes blanches Glatter Silber 3 Organic<\/strong>. Cultivez ce l\u00e9gume polyvalent et nutritif de mani\u00e8re simple et durable, et profitez de r\u00e9coltes saines tout au long de l&rsquo;ann\u00e9e. Commandez d\u00e8s aujourd&rsquo;hui et commencez \u00e0 profiter des avantages de cette bette \u00e0 carde classique et d\u00e9licieuse.  <\/p>\n","protected":false},"featured_media":15724,"comment_status":"open","ping_status":"closed","template":"","meta":{"_acf_changed":false},"product_brand":[],"product_cat":[424,459],"product_tag":[1579],"class_list":{"0":"post-19630","1":"product","2":"type-product","3":"status-publish","4":"has-post-thumbnail","6":"product_cat-semences-biologiques","7":"product_cat-semences-de-legumes-feuilles-biologiques","8":"product_tag-eco","10":"first","11":"instock","12":"taxable","13":"shipping-taxable","14":"purchasable","15":"product-type-simple"},"acf":[],"_links":{"self":[{"href":"https:\/\/cultivers.es\/fr\/wp-json\/wp\/v2\/product\/19630","targetHints":{"allow":["GET"]}}],"collection":[{"href":"https:\/\/cultivers.es\/fr\/wp-json\/wp\/v2\/product"}],"about":[{"href":"https:\/\/cultivers.es\/fr\/wp-json\/wp\/v2\/types\/product"}],"replies":[{"embeddable":true,"href":"https:\/\/cultivers.es\/fr\/wp-json\/wp\/v2\/comments?post=19630"}],"wp:featuredmedia":[{"embeddable":true,"href":"https:\/\/cultivers.es\/fr\/wp-json\/wp\/v2\/media\/15724"}],"wp:attachment":[{"href":"https:\/\/cultivers.es\/fr\/wp-json\/wp\/v2\/media?parent=19630"}],"wp:term":[{"taxonomy":"product_brand","embeddable":true,"href":"https:\/\/cultivers.es\/fr\/wp-json\/wp\/v2\/product_brand?post=19630"},{"taxonomy":"product_cat","embeddable":true,"href":"https:\/\/cultivers.es\/fr\/wp-json\/wp\/v2\/product_cat?post=19630"},{"taxonomy":"product_tag","embeddable":true,"href":"https:\/\/cultivers.es\/fr\/wp-json\/wp\/v2\/product_tag?post=19630"}],"curies":[{"name":"wp","href":"https:\/\/api.w.org\/{rel}","templated":true}]}}