{"id":19631,"date":"2022-10-07T07:08:06","date_gmt":"2022-10-07T07:08:06","guid":{"rendered":"https:\/\/cultivers.es\/abonos\/laitue-frisee-biologique-lollo-rossa-seeds\/"},"modified":"2025-11-10T14:59:40","modified_gmt":"2025-11-10T14:59:40","slug":"graines-curly-curly-cabbage-cabbage-rossa-ecological","status":"publish","type":"product","link":"https:\/\/cultivers.es\/fr\/abonnements\/graines-curly-curly-cabbage-cabbage-rossa-ecological\/","title":{"rendered":"Laitue fris\u00e9e Lollo Rossa Graines"},"content":{"rendered":"","protected":false},"excerpt":{"rendered":"<p>Ajoutez une touche de couleur et de fra\u00eecheur \u00e0 vos plats avec nos <strong>graines de laitue fris\u00e9e Lollo Rossa biologique<\/strong>. Cette vari\u00e9t\u00e9 est connue pour ses feuilles fris\u00e9es rouge violac\u00e9 sur les bords et vertes \u00e0 la base, ce qui en fait un choix visuellement attrayant et d\u00e9licieux pour les salades et les plats d&rsquo;accompagnement. Avec un go\u00fbt doux et l\u00e9g\u00e8rement sucr\u00e9, la laitue Lollo Rossa est facile \u00e0 cultiver et parfaite pour ceux qui recherchent des aliments frais, sains et cultiv\u00e9s de mani\u00e8re durable.  <\/p>\n<ul>\n<li><strong>Feuilles fris\u00e9es et color\u00e9es :<\/strong> Lollo Rossa se distingue par ses feuilles fris\u00e9es aux bords rouge fonc\u00e9, qui ajoutent une touche d\u00e9corative et fra\u00eeche \u00e0 vos plats.<\/li>\n<li><strong>Saveur douce et sucr\u00e9e :<\/strong> Cette vari\u00e9t\u00e9 a une saveur l\u00e9g\u00e8re et agr\u00e9able, id\u00e9ale pour \u00eatre consomm\u00e9e crue en salade, en accompagnement ou comme base pour des plats plus \u00e9labor\u00e9s.<\/li>\n<li><strong>Rustique et \u00e0 croissance rapide :<\/strong> la laitue Lollo Rossa est r\u00e9sistante aux diff\u00e9rentes conditions climatiques et ne fl\u00e9trit pas facilement, ce qui garantit une r\u00e9colte longue et abondante pendant la saison.<\/li>\n<li><strong>Riche en nutriments :<\/strong> Cette laitue est une excellente source de fibres, d&rsquo;antioxydants, de vitamines A et C et de min\u00e9raux essentiels tels que le fer et le potassium, ce qui en fait un aliment sain et nutritif.<\/li>\n<li><strong>Facile \u00e0 cultiver :<\/strong> Il est id\u00e9al pour les d\u00e9butants comme pour les jardiniers exp\u00e9riment\u00e9s, et s&rsquo;adapte bien \u00e0 une vari\u00e9t\u00e9 de sols et de climats. Elle est \u00e9galement parfaite pour les jardins urbains ou en conteneurs. <\/li>\n<li><strong>Culture biologique :<\/strong> Nos semences sont 100% biologiques, sans pesticides ni produits chimiques, garantissant une culture saine et respectueuse de l&rsquo;environnement.<\/li>\n<\/ul>\n<p>Apportez de la couleur, de la fra\u00eecheur et de la sant\u00e9 \u00e0 votre jardin avec les <strong>graines de laitue fris\u00e9e Lollo Rossa biologique<\/strong>. Cultivez cette laitue polyvalente et attrayante de mani\u00e8re durable et savourez des salades fra\u00eeches et nutritives provenant directement de votre jardin. Commandez d\u00e8s aujourd&rsquo;hui et commencez \u00e0 r\u00e9colter le meilleur de la nature !  <\/p>\n","protected":false},"featured_media":15709,"comment_status":"open","ping_status":"closed","template":"","meta":{"_acf_changed":false},"product_brand":[],"product_cat":[424,459],"product_tag":[1579],"class_list":{"0":"post-19631","1":"product","2":"type-product","3":"status-publish","4":"has-post-thumbnail","6":"product_cat-semences-biologiques","7":"product_cat-semences-de-legumes-feuilles-biologiques","8":"product_tag-eco","10":"first","11":"instock","12":"sale","13":"taxable","14":"shipping-taxable","15":"purchasable","16":"product-type-simple"},"acf":[],"_links":{"self":[{"href":"https:\/\/cultivers.es\/fr\/wp-json\/wp\/v2\/product\/19631","targetHints":{"allow":["GET"]}}],"collection":[{"href":"https:\/\/cultivers.es\/fr\/wp-json\/wp\/v2\/product"}],"about":[{"href":"https:\/\/cultivers.es\/fr\/wp-json\/wp\/v2\/types\/product"}],"replies":[{"embeddable":true,"href":"https:\/\/cultivers.es\/fr\/wp-json\/wp\/v2\/comments?post=19631"}],"wp:featuredmedia":[{"embeddable":true,"href":"https:\/\/cultivers.es\/fr\/wp-json\/wp\/v2\/media\/15709"}],"wp:attachment":[{"href":"https:\/\/cultivers.es\/fr\/wp-json\/wp\/v2\/media?parent=19631"}],"wp:term":[{"taxonomy":"product_brand","embeddable":true,"href":"https:\/\/cultivers.es\/fr\/wp-json\/wp\/v2\/product_brand?post=19631"},{"taxonomy":"product_cat","embeddable":true,"href":"https:\/\/cultivers.es\/fr\/wp-json\/wp\/v2\/product_cat?post=19631"},{"taxonomy":"product_tag","embeddable":true,"href":"https:\/\/cultivers.es\/fr\/wp-json\/wp\/v2\/product_tag?post=19631"}],"curies":[{"name":"wp","href":"https:\/\/api.w.org\/{rel}","templated":true}]}}