{"id":19632,"date":"2022-10-07T07:08:06","date_gmt":"2022-10-07T07:08:06","guid":{"rendered":"https:\/\/cultivers.es\/abonos\/red-chard-rhubarb-chard-organic-seeds\/"},"modified":"2025-09-22T05:06:27","modified_gmt":"2025-09-22T05:06:27","slug":"rhubarbe-rouge-charde-ecologique-charde-rouge-charde-semences","status":"publish","type":"product","link":"https:\/\/cultivers.es\/fr\/abonnements\/rhubarbe-rouge-charde-ecologique-charde-rouge-charde-semences\/","title":{"rendered":"Bette \u00e0 carde rouge Graines de bette \u00e0 carde rhubarbe"},"content":{"rendered":"","protected":false},"excerpt":{"rendered":"<p>Ajoutez une touche de couleur vibrante et de saveur \u00e0 votre jardin avec nos <strong>graines de blettes \u00e0 la rhubarbe biologiques<\/strong>. Cette vari\u00e9t\u00e9 se distingue par ses tiges rouge fonc\u00e9 et ses feuilles vert fonc\u00e9, cr\u00e9ant un contraste saisissant qui embellit \u00e0 la fois votre jardin et vos plats. Avec sa saveur douce et sa texture tendre, la bette \u00e0 carde rhubarbe est parfaite pour les salades fra\u00eeches, les saut\u00e9s, les rago\u00fbts et bien plus encore.  <\/p>\n<ul>\n<li><strong>Des tiges rouges \u00e9l\u00e9gantes :<\/strong> La bette \u00e0 carde rhubarbe produit des tiges d&rsquo;un rouge \u00e9clatant qui non seulement embellissent votre jardin, mais ajoutent \u00e9galement une touche d\u00e9corative \u00e0 vos repas.<\/li>\n<li><strong>Feuilles tendres et nutritives :<\/strong> Ses feuilles vertes fonc\u00e9es, \u00e0 la texture douce, sont id\u00e9ales \u00e0 la fois pour la consommation fra\u00eeche en salade et pour la cuisson en rago\u00fbt, saut\u00e9es ou cuites \u00e0 la vapeur.<\/li>\n<li><strong>Riche en nutriments :<\/strong> Cette vari\u00e9t\u00e9 est une excellente source de vitamines A, C et K, de fibres et d&rsquo;antioxydants, ainsi que de min\u00e9raux essentiels tels que le fer et le magn\u00e9sium, ce qui en fait un aliment tr\u00e8s nutritif.<\/li>\n<li><strong>Facile \u00e0 cultiver :<\/strong> la bette \u00e0 carde rhubarbe est rustique et demande peu d&rsquo;entretien. Elle est parfaite pour les d\u00e9butants et les jardiniers exp\u00e9riment\u00e9s. Elle s&rsquo;adapte bien \u00e0 une vari\u00e9t\u00e9 de climats et de sols, offrant des r\u00e9coltes continues. <\/li>\n<li><strong>R\u00e9colte prolong\u00e9e :<\/strong> permet de r\u00e9colter r\u00e9guli\u00e8rement les feuilles et les tiges pendant la saison de croissance, garantissant ainsi une r\u00e9colte constante et fra\u00eeche.<\/li>\n<li><strong>Culture biologique :<\/strong> Nos semences sont 100% biologiques, sans pesticides ni produits chimiques, ce qui favorise une culture saine et respectueuse de l&rsquo;environnement pour votre jardin.<\/li>\n<\/ul>\n<p>Apportez de la couleur, de la saveur et de la nutrition \u00e0 votre jardin avec les <strong>graines de blettes rouges biologiques Rhubarb Chard<\/strong>. Cultivez ce l\u00e9gume polyvalent et attrayant de mani\u00e8re durable et profitez de r\u00e9coltes saines et \u00e9clatantes. Commandez d\u00e8s aujourd&rsquo;hui et transformez votre jardin avec cette vari\u00e9t\u00e9 spectaculaire de bette \u00e0 carde !  <\/p>\n","protected":false},"featured_media":15729,"comment_status":"open","ping_status":"closed","template":"","meta":{"_acf_changed":false},"product_brand":[],"product_cat":[1307,424,459],"product_tag":[1579],"class_list":{"0":"post-19632","1":"product","2":"type-product","3":"status-publish","4":"has-post-thumbnail","6":"product_cat-recommander-des-graines","7":"product_cat-semences-biologiques","8":"product_cat-semences-de-legumes-feuilles-biologiques","9":"product_tag-eco","11":"first","12":"instock","13":"taxable","14":"shipping-taxable","15":"purchasable","16":"product-type-simple"},"acf":[],"_links":{"self":[{"href":"https:\/\/cultivers.es\/fr\/wp-json\/wp\/v2\/product\/19632","targetHints":{"allow":["GET"]}}],"collection":[{"href":"https:\/\/cultivers.es\/fr\/wp-json\/wp\/v2\/product"}],"about":[{"href":"https:\/\/cultivers.es\/fr\/wp-json\/wp\/v2\/types\/product"}],"replies":[{"embeddable":true,"href":"https:\/\/cultivers.es\/fr\/wp-json\/wp\/v2\/comments?post=19632"}],"wp:featuredmedia":[{"embeddable":true,"href":"https:\/\/cultivers.es\/fr\/wp-json\/wp\/v2\/media\/15729"}],"wp:attachment":[{"href":"https:\/\/cultivers.es\/fr\/wp-json\/wp\/v2\/media?parent=19632"}],"wp:term":[{"taxonomy":"product_brand","embeddable":true,"href":"https:\/\/cultivers.es\/fr\/wp-json\/wp\/v2\/product_brand?post=19632"},{"taxonomy":"product_cat","embeddable":true,"href":"https:\/\/cultivers.es\/fr\/wp-json\/wp\/v2\/product_cat?post=19632"},{"taxonomy":"product_tag","embeddable":true,"href":"https:\/\/cultivers.es\/fr\/wp-json\/wp\/v2\/product_tag?post=19632"}],"curies":[{"name":"wp","href":"https:\/\/api.w.org\/{rel}","templated":true}]}}