{"id":19633,"date":"2022-10-07T07:08:06","date_gmt":"2022-10-07T07:08:06","guid":{"rendered":"https:\/\/cultivers.es\/abonos\/mache-en-graines-vit-organic\/"},"modified":"2025-09-22T05:06:40","modified_gmt":"2025-09-22T05:06:40","slug":"bio-canon-semences-vit-ecologique","status":"publish","type":"product","link":"https:\/\/cultivers.es\/fr\/abonnements\/bio-canon-semences-vit-ecologique\/","title":{"rendered":"Graines de m\u00e2che Vit"},"content":{"rendered":"","protected":false},"excerpt":{"rendered":"<p>Profitez de la fra\u00eecheur et de la saveur d\u00e9licate de la <strong>m\u00e2che Vit<\/strong> avec nos <strong>graines de<\/strong> <strong>m\u00e2che<\/strong> <strong>biologique<\/strong>. Cette vari\u00e9t\u00e9 est connue pour ses petites feuilles vertes, tendres et \u00e0 la texture douce, qui sont parfaites pour les salades fra\u00eeches ou comme garniture. Facile \u00e0 cultiver, la m\u00e2che Vit est un excellent choix pour ceux qui recherchent une culture nutritive et simple dans leur jardin biologique.  <\/p>\n<ul>\n<li><strong>Petites feuilles tendres :<\/strong> La m\u00e2che Vit produit des feuilles vertes tendres \u00e0 la saveur fra\u00eeche et douce, id\u00e9ales pour les salades, les toasts ou en accompagnement de n&rsquo;importe quel plat.<\/li>\n<li><strong>Riche en nutriments :<\/strong> Cette vari\u00e9t\u00e9 est une excellente source de vitamines A, C et E, de fer et d&rsquo;antioxydants, ce qui en fait un aliment sain et nutritif pour votre r\u00e9gime alimentaire.<\/li>\n<li><strong>Facile \u00e0 cultiver :<\/strong> la m\u00e2che Vit est rustique et s&rsquo;adapte bien \u00e0 diff\u00e9rents climats et sols. Elle est id\u00e9ale pour les jardins ext\u00e9rieurs ainsi que pour les pots sur les balcons ou les terrasses. <\/li>\n<li><strong>R\u00e9colte continue :<\/strong> Vous pouvez r\u00e9colter les feuilles r\u00e9guli\u00e8rement pour assurer une r\u00e9colte constante de m\u00e2che fra\u00eeche et croquante tout au long de la saison.<\/li>\n<li><strong>Culture biologique :<\/strong> Nos semences sont 100 % biologiques, sans pesticides ni produits chimiques, ce qui garantit une culture saine et respectueuse de l&rsquo;environnement.<\/li>\n<\/ul>\n<p>Apportez fra\u00eecheur et nutrition \u00e0 votre table avec la <strong>m\u00e2che biologique Vit<\/strong>. Facile \u00e0 cultiver et d\u00e9licieuse, elle est le compl\u00e9ment parfait de votre jardin durable. Commandez d\u00e8s aujourd&rsquo;hui et profitez de r\u00e9coltes fra\u00eeches et saines provenant directement de votre jardin !  <\/p>\n","protected":false},"featured_media":15659,"comment_status":"open","ping_status":"closed","template":"","meta":{"_acf_changed":false},"product_brand":[],"product_cat":[424,459],"product_tag":[1579],"woo-feed-brand":[],"class_list":{"0":"post-19633","1":"product","2":"type-product","3":"status-publish","4":"has-post-thumbnail","6":"product_cat-semences-biologiques","7":"product_cat-semences-de-legumes-feuilles-biologiques","8":"product_tag-eco","10":"first","11":"instock","12":"sale","13":"taxable","14":"shipping-taxable","15":"purchasable","16":"product-type-simple"},"acf":[],"_links":{"self":[{"href":"https:\/\/cultivers.es\/fr\/wp-json\/wp\/v2\/product\/19633","targetHints":{"allow":["GET"]}}],"collection":[{"href":"https:\/\/cultivers.es\/fr\/wp-json\/wp\/v2\/product"}],"about":[{"href":"https:\/\/cultivers.es\/fr\/wp-json\/wp\/v2\/types\/product"}],"replies":[{"embeddable":true,"href":"https:\/\/cultivers.es\/fr\/wp-json\/wp\/v2\/comments?post=19633"}],"wp:featuredmedia":[{"embeddable":true,"href":"https:\/\/cultivers.es\/fr\/wp-json\/wp\/v2\/media\/15659"}],"wp:attachment":[{"href":"https:\/\/cultivers.es\/fr\/wp-json\/wp\/v2\/media?parent=19633"}],"wp:term":[{"taxonomy":"product_brand","embeddable":true,"href":"https:\/\/cultivers.es\/fr\/wp-json\/wp\/v2\/product_brand?post=19633"},{"taxonomy":"product_cat","embeddable":true,"href":"https:\/\/cultivers.es\/fr\/wp-json\/wp\/v2\/product_cat?post=19633"},{"taxonomy":"product_tag","embeddable":true,"href":"https:\/\/cultivers.es\/fr\/wp-json\/wp\/v2\/product_tag?post=19633"},{"taxonomy":"woo-feed-brand","embeddable":true,"href":"https:\/\/cultivers.es\/fr\/wp-json\/wp\/v2\/woo-feed-brand?post=19633"}],"curies":[{"name":"wp","href":"https:\/\/api.w.org\/{rel}","templated":true}]}}