{"id":19635,"date":"2022-10-07T07:08:06","date_gmt":"2022-10-07T07:08:06","guid":{"rendered":"https:\/\/cultivers.es\/abonos\/graines-de-basilic-cannelle-bio\/"},"modified":"2025-11-22T11:45:49","modified_gmt":"2025-11-22T11:45:49","slug":"graines-de-basilic-cannelle","status":"publish","type":"product","link":"https:\/\/cultivers.es\/fr\/abonnements\/graines-de-basilic-cannelle\/","title":{"rendered":"Graines de basilic cannelle"},"content":{"rendered":"","protected":false},"excerpt":{"rendered":"<p>Le <strong>basilic cannelle<\/strong> est une vari\u00e9t\u00e9 aromatique qui associe l&rsquo;ar\u00f4me classique du basilic \u00e0 des notes subtiles de cannelle, cr\u00e9ant ainsi une exp\u00e9rience culinaire unique. Ses feuilles vertes l\u00e9g\u00e8rement fonc\u00e9es d\u00e9gagent un parfum exotique et doux, id\u00e9al pour les salades, les sauces, les infusions, les desserts ou pour accompagner les fruits. Outre sa grande valeur gastronomique, cette plante est tr\u00e8s appr\u00e9ci\u00e9e pour sa beaut\u00e9 et sa capacit\u00e9 \u00e0 attirer les pollinisateurs dans le <strong>jardin<\/strong>.  <\/p>\n<p><strong>Ar\u00f4me doux avec des notes de cannelle :<\/strong> Ses feuilles d\u00e9gagent un ar\u00f4me intense, o\u00f9 le parfum du basilic se m\u00eale aux notes chaudes de la cannelle, ajoutant une saveur distinctive \u00e0 vos pr\u00e9parations culinaires.<\/p>\n<p><strong>Polyvalent en cuisine :<\/strong> id\u00e9al pour apporter une touche originale aux plats sucr\u00e9s et sal\u00e9s, aux sauces, aux huiles aromatiques, aux vinaigrettes, aux glaces et aux salades de fruits.<\/p>\n<p><strong>Feuilles douces et d\u00e9licates :<\/strong> Leur texture tendre et leur saveur l\u00e9g\u00e8rement \u00e9pic\u00e9e apportent profondeur et \u00e9l\u00e9gance \u00e0 une grande vari\u00e9t\u00e9 de recettes.<\/p>\n<p><strong>Attractif pour les pollinisateurs :<\/strong> Ses petites fleurs blanches attirent les abeilles et autres insectes b\u00e9n\u00e9fiques, contribuant ainsi \u00e0 la biodiversit\u00e9 et \u00e0 la sant\u00e9 du <strong>jardin<\/strong>.<\/p>\n<p><strong>Facile \u00e0 cultiver :<\/strong> s&rsquo;adapte bien \u00e0 diff\u00e9rents sols et climats et convient aussi bien aux d\u00e9butants qu&rsquo;aux jardiniers exp\u00e9riment\u00e9s. Id\u00e9ale pour la culture en pots, sur les balcons ou directement en pleine terre. <\/p>\n<p><strong>Culture biologique :<\/strong> Nos semences sont <strong>100% biologiques<\/strong>, sans pesticides ni engrais chimiques, ce qui garantit un <strong>jardin<\/strong> durable et respectueux de l&rsquo;environnement.<\/p>\n<p>Appr\u00e9ciez le go\u00fbt unique et l&rsquo;ar\u00f4me envo\u00fbtant du <strong>basilic cannelle biologique<\/strong>, cultiv\u00e9 directement dans votre <strong>jardin<\/strong>, et d\u00e9couvrez de nouvelles combinaisons culinaires pleines de fra\u00eecheur et d&rsquo;originalit\u00e9.<\/p>\n","protected":false},"featured_media":15834,"comment_status":"open","ping_status":"closed","template":"","meta":{"_acf_changed":false},"product_brand":[],"product_cat":[747,424],"product_tag":[1579],"woo-feed-brand":[],"class_list":{"0":"post-19635","1":"product","2":"type-product","3":"status-publish","4":"has-post-thumbnail","6":"product_cat-graines-aromatiques-biologiques","7":"product_cat-semences-biologiques","8":"product_tag-eco","10":"first","11":"instock","12":"taxable","13":"shipping-taxable","14":"purchasable","15":"product-type-simple"},"acf":[],"_links":{"self":[{"href":"https:\/\/cultivers.es\/fr\/wp-json\/wp\/v2\/product\/19635","targetHints":{"allow":["GET"]}}],"collection":[{"href":"https:\/\/cultivers.es\/fr\/wp-json\/wp\/v2\/product"}],"about":[{"href":"https:\/\/cultivers.es\/fr\/wp-json\/wp\/v2\/types\/product"}],"replies":[{"embeddable":true,"href":"https:\/\/cultivers.es\/fr\/wp-json\/wp\/v2\/comments?post=19635"}],"wp:featuredmedia":[{"embeddable":true,"href":"https:\/\/cultivers.es\/fr\/wp-json\/wp\/v2\/media\/15834"}],"wp:attachment":[{"href":"https:\/\/cultivers.es\/fr\/wp-json\/wp\/v2\/media?parent=19635"}],"wp:term":[{"taxonomy":"product_brand","embeddable":true,"href":"https:\/\/cultivers.es\/fr\/wp-json\/wp\/v2\/product_brand?post=19635"},{"taxonomy":"product_cat","embeddable":true,"href":"https:\/\/cultivers.es\/fr\/wp-json\/wp\/v2\/product_cat?post=19635"},{"taxonomy":"product_tag","embeddable":true,"href":"https:\/\/cultivers.es\/fr\/wp-json\/wp\/v2\/product_tag?post=19635"},{"taxonomy":"woo-feed-brand","embeddable":true,"href":"https:\/\/cultivers.es\/fr\/wp-json\/wp\/v2\/woo-feed-brand?post=19635"}],"curies":[{"name":"wp","href":"https:\/\/api.w.org\/{rel}","templated":true}]}}