{"id":19636,"date":"2022-10-07T07:08:06","date_gmt":"2022-10-07T07:08:06","guid":{"rendered":"https:\/\/cultivers.es\/abonos\/epinards-matador-semences-depinards-biologiques\/"},"modified":"2025-11-22T11:45:48","modified_gmt":"2025-11-22T11:45:48","slug":"epinards-epinards-tueurs-de-semences-ecologiques","status":"publish","type":"product","link":"https:\/\/cultivers.es\/fr\/abonnements\/epinards-epinards-tueurs-de-semences-ecologiques\/","title":{"rendered":"Matador Graines d&rsquo;\u00e9pinards Demeter"},"content":{"rendered":"","protected":false},"excerpt":{"rendered":"<p>Ajoutez une source de fra\u00eecheur et de nutriments \u00e0 votre jardin avec nos <strong>graines d&rsquo;\u00e9pinards Demeter Organic Matador<\/strong>. Cette vari\u00e9t\u00e9 est connue pour ses grandes feuilles, sa rusticit\u00e9 et sa saveur intense, id\u00e9ale pour une vari\u00e9t\u00e9 de pr\u00e9parations culinaires, des salades aux soupes et aux saut\u00e9s. Avec sa teneur \u00e9lev\u00e9e en vitamines et min\u00e9raux, l&rsquo;\u00e9pinard Matador est un excellent choix pour ceux qui recherchent un l\u00e9gume facile \u00e0 cultiver et tr\u00e8s nutritif.  <\/p>\n<ul>\n<li><strong>De grandes feuilles riches :<\/strong> L&rsquo;\u00e9pinard Matador produit de grandes feuilles tendres, d&rsquo;un vert \u00e9clatant et d&rsquo;une saveur intense. Il excelle dans toutes les pr\u00e9parations, des salades fra\u00eeches aux rago\u00fbts.<\/li>\n<li><strong>Riche en nutriments :<\/strong> Les \u00e9pinards sont une excellente source de vitamines A, C, K et de fer, ainsi que d&rsquo;antioxydants qui contribuent \u00e0 une alimentation saine, soutiennent le syst\u00e8me immunitaire et favorisent la sant\u00e9 de la peau.<\/li>\n<li><strong>Rustique et adaptable : l<\/strong> &lsquo;\u00e9pinard Matador r\u00e9siste \u00e0 la chaleur et aux basses temp\u00e9ratures, ce qui permet de le cultiver plus longtemps \u00e0 diff\u00e9rentes saisons, du printemps \u00e0 l&rsquo;automne.<\/li>\n<li><strong>Facile \u00e0 cultiver :<\/strong> Gr\u00e2ce \u00e0 sa germination rapide et \u00e0 sa rusticit\u00e9, cet \u00e9pinard est facile \u00e0 cultiver et s&rsquo;adapte bien \u00e0 diff\u00e9rents types de sols et de conditions climatiques, ce qui le rend id\u00e9al pour les jardiniers d\u00e9butants.<\/li>\n<li><strong>Certification Demeter :<\/strong> Nos semences sont certifi\u00e9es par Demeter, ce qui garantit qu&rsquo;elles ont \u00e9t\u00e9 cultiv\u00e9es selon les principes de l&rsquo;agriculture biodynamique, dans le respect des cycles naturels et de la sant\u00e9 de l&rsquo;\u00e9cosyst\u00e8me.<\/li>\n<li><strong>Culture biologique :<\/strong> les graines d&rsquo;\u00e9pinards Matador sont 100% biologiques, sans pesticides ni engrais chimiques, ce qui garantit une culture saine et respectueuse de l&rsquo;environnement.<\/li>\n<\/ul>\n<p>Profitez d&rsquo;une r\u00e9colte abondante et saine avec les <strong>graines d&rsquo;\u00e9pinards Demeter Organic Matador<\/strong>. Facile \u00e0 cultiver et pleine de bienfaits nutritionnels, cette vari\u00e9t\u00e9 vous permettra de profiter d&rsquo;\u00e9pinards frais et savoureux tout au long de la saison. Commandez d\u00e8s aujourd&rsquo;hui et commencez \u00e0 r\u00e9colter ces \u00e9pinards d\u00e9licieux et nutritifs directement dans votre jardin !  <\/p>\n","protected":false},"featured_media":15609,"comment_status":"open","ping_status":"closed","template":"","meta":{"_acf_changed":false},"product_brand":[],"product_cat":[424,459],"product_tag":[1579],"class_list":{"0":"post-19636","1":"product","2":"type-product","3":"status-publish","4":"has-post-thumbnail","6":"product_cat-semences-biologiques","7":"product_cat-semences-de-legumes-feuilles-biologiques","8":"product_tag-eco","10":"first","11":"instock","12":"sale","13":"taxable","14":"shipping-taxable","15":"purchasable","16":"product-type-simple"},"acf":[],"_links":{"self":[{"href":"https:\/\/cultivers.es\/fr\/wp-json\/wp\/v2\/product\/19636","targetHints":{"allow":["GET"]}}],"collection":[{"href":"https:\/\/cultivers.es\/fr\/wp-json\/wp\/v2\/product"}],"about":[{"href":"https:\/\/cultivers.es\/fr\/wp-json\/wp\/v2\/types\/product"}],"replies":[{"embeddable":true,"href":"https:\/\/cultivers.es\/fr\/wp-json\/wp\/v2\/comments?post=19636"}],"wp:featuredmedia":[{"embeddable":true,"href":"https:\/\/cultivers.es\/fr\/wp-json\/wp\/v2\/media\/15609"}],"wp:attachment":[{"href":"https:\/\/cultivers.es\/fr\/wp-json\/wp\/v2\/media?parent=19636"}],"wp:term":[{"taxonomy":"product_brand","embeddable":true,"href":"https:\/\/cultivers.es\/fr\/wp-json\/wp\/v2\/product_brand?post=19636"},{"taxonomy":"product_cat","embeddable":true,"href":"https:\/\/cultivers.es\/fr\/wp-json\/wp\/v2\/product_cat?post=19636"},{"taxonomy":"product_tag","embeddable":true,"href":"https:\/\/cultivers.es\/fr\/wp-json\/wp\/v2\/product_tag?post=19636"}],"curies":[{"name":"wp","href":"https:\/\/api.w.org\/{rel}","templated":true}]}}