{"id":19637,"date":"2022-10-07T07:08:06","date_gmt":"2022-10-07T07:08:06","guid":{"rendered":"https:\/\/cultivers.es\/abonos\/epinards-butterflay-organic-spinach-seeds-graines-depinards-biologiques\/"},"modified":"2025-09-22T05:06:45","modified_gmt":"2025-09-22T05:06:45","slug":"epinards-semences-fleole-des-pres-ecologique","status":"publish","type":"product","link":"https:\/\/cultivers.es\/fr\/abonnements\/epinards-semences-fleole-des-pres-ecologique\/","title":{"rendered":"\u00c9pinards Butterflay Graines d&rsquo;\u00e9pinards Biodynamique Demeter"},"content":{"rendered":"","protected":false},"excerpt":{"rendered":"<p>Cultivez des \u00e9pinards de qualit\u00e9 exceptionnelle avec nos <strong>graines d&rsquo;\u00e9pinards Butterflay Demeter Organic<\/strong>. Cette vari\u00e9t\u00e9 est connue pour ses grandes feuilles d&rsquo;un vert profond et sa texture lisse, id\u00e9ale pour les salades fra\u00eeches, les saut\u00e9s et les rago\u00fbts. Parfait pour les r\u00e9coltes de printemps et d&rsquo;automne, l&rsquo;\u00e9pinard Butterflay allie saveur, nutrition et facilit\u00e9 de culture. Avec la certification Demeter, nous garantissons une culture respectueuse de l&rsquo;environnement, selon les principes de l&rsquo;agriculture biodynamique.   <\/p>\n<ul>\n<li><strong>Grandes feuilles tendres :<\/strong> L&rsquo;\u00e9pinard Butterflay produit de larges feuilles tendres \u00e0 la saveur douce et d\u00e9licate, parfaites pour la consommation fra\u00eeche et cuite.<\/li>\n<li><strong>Riche en nutriments :<\/strong> Cette vari\u00e9t\u00e9 est une excellente source de vitamines A, C et K, de fer, de magn\u00e9sium et d&rsquo;antioxydants, ce qui en fait un aliment complet et sain pour tout r\u00e9gime alimentaire \u00e9quilibr\u00e9.<\/li>\n<li><strong>Facile \u00e0 cultiver :<\/strong> rustique et \u00e0 croissance rapide, l&rsquo;\u00e9pinard Butterflay s&rsquo;adapte bien \u00e0 diff\u00e9rents types de sols et de climats, ce qui le rend id\u00e9al pour les jardiniers novices et exp\u00e9riment\u00e9s.<\/li>\n<li><strong>Des r\u00e9coltes g\u00e9n\u00e9reuses :<\/strong> Gr\u00e2ce \u00e0 sa croissance rapide, vous pouvez profiter de feuilles fra\u00eeches et nutritives en peu de temps. De plus, elle permet plusieurs r\u00e9coltes au cours de la saison. <\/li>\n<li><strong>Certification Demeter :<\/strong> Ces semences sont certifi\u00e9es par Demeter, ce qui garantit qu&rsquo;elles ont \u00e9t\u00e9 cultiv\u00e9es selon les principes de l&rsquo;agriculture biodynamique, dans le respect des cycles naturels et de l&rsquo;\u00e9quilibre de l&rsquo;\u00e9cosyst\u00e8me.<\/li>\n<li><strong>Culture biologique :<\/strong> Nos semences sont 100 % biologiques, sans pesticides ni engrais chimiques, ce qui garantit un produit sain et respectueux de l&rsquo;environnement.<\/li>\n<\/ul>\n<p>Remplissez votre potager de fra\u00eecheur et de saveur avec les <strong>graines d&rsquo;\u00e9pinards Demeter Organic Butterflay<\/strong>. Facile \u00e0 cultiver et nutritif, cet \u00e9pinard sera un ajout sain et d\u00e9licieux \u00e0 votre table - commandez aujourd&rsquo;hui et commencez \u00e0 profiter de r\u00e9coltes abondantes et durables !  <\/p>\n","protected":false},"featured_media":15734,"comment_status":"open","ping_status":"closed","template":"","meta":{"_acf_changed":false},"product_brand":[],"product_cat":[424,459],"product_tag":[1385],"woo-feed-brand":[],"class_list":{"0":"post-19637","1":"product","2":"type-product","3":"status-publish","4":"has-post-thumbnail","6":"product_cat-semences-biologiques","7":"product_cat-semences-de-legumes-feuilles-biologiques","8":"product_tag-demeter-fr","10":"first","11":"instock","12":"sale","13":"taxable","14":"shipping-taxable","15":"purchasable","16":"product-type-simple"},"acf":[],"_links":{"self":[{"href":"https:\/\/cultivers.es\/fr\/wp-json\/wp\/v2\/product\/19637","targetHints":{"allow":["GET"]}}],"collection":[{"href":"https:\/\/cultivers.es\/fr\/wp-json\/wp\/v2\/product"}],"about":[{"href":"https:\/\/cultivers.es\/fr\/wp-json\/wp\/v2\/types\/product"}],"replies":[{"embeddable":true,"href":"https:\/\/cultivers.es\/fr\/wp-json\/wp\/v2\/comments?post=19637"}],"wp:featuredmedia":[{"embeddable":true,"href":"https:\/\/cultivers.es\/fr\/wp-json\/wp\/v2\/media\/15734"}],"wp:attachment":[{"href":"https:\/\/cultivers.es\/fr\/wp-json\/wp\/v2\/media?parent=19637"}],"wp:term":[{"taxonomy":"product_brand","embeddable":true,"href":"https:\/\/cultivers.es\/fr\/wp-json\/wp\/v2\/product_brand?post=19637"},{"taxonomy":"product_cat","embeddable":true,"href":"https:\/\/cultivers.es\/fr\/wp-json\/wp\/v2\/product_cat?post=19637"},{"taxonomy":"product_tag","embeddable":true,"href":"https:\/\/cultivers.es\/fr\/wp-json\/wp\/v2\/product_tag?post=19637"},{"taxonomy":"woo-feed-brand","embeddable":true,"href":"https:\/\/cultivers.es\/fr\/wp-json\/wp\/v2\/woo-feed-brand?post=19637"}],"curies":[{"name":"wp","href":"https:\/\/api.w.org\/{rel}","templated":true}]}}