{"id":19638,"date":"2022-10-07T07:08:06","date_gmt":"2022-10-07T07:08:06","guid":{"rendered":"https:\/\/cultivers.es\/abonos\/graines-de-sarriette-bio\/"},"modified":"2025-11-22T11:45:47","modified_gmt":"2025-11-22T11:45:47","slug":"les-graines-de-la-paille-ecologique","status":"publish","type":"product","link":"https:\/\/cultivers.es\/fr\/abonnements\/les-graines-de-la-paille-ecologique\/","title":{"rendered":"Graines de sarriette"},"content":{"rendered":"","protected":false},"excerpt":{"rendered":"<p>La <strong>sarriette<\/strong> (Satureja hortensis) est une herbe aromatique appr\u00e9ci\u00e9e dans la cuisine m\u00e9diterran\u00e9enne pour sa saveur intense, l\u00e9g\u00e8rement \u00e9pic\u00e9e et son ar\u00f4me piquant. Ses feuilles vertes fonc\u00e9es, \u00e0 la texture d\u00e9licate, peuvent \u00eatre utilis\u00e9es fra\u00eeches ou s\u00e9ch\u00e9es pour ajouter une touche particuli\u00e8re aux rago\u00fbts, sauces, salades ou marinades. Outre sa valeur gastronomique, la sarriette est une plante qui attire les pollinisateurs et qui peut facilement pousser dans votre <strong>jardin<\/strong>, apportant une touche ornementale et aromatique.  <\/p>\n<p><strong>Saveur intense et aromatique :<\/strong> Ses feuilles donnent une saveur \u00e9pic\u00e9e et herbac\u00e9e qui rehausse le caract\u00e8re des viandes, des soupes, des sauces et des plats de l\u00e9gumes.<\/p>\n<p><strong>Herbe polyvalente :<\/strong> id\u00e9ale pour la consommation fra\u00eeche ou s\u00e9ch\u00e9e, cette herbe s&rsquo;int\u00e8gre parfaitement dans les recettes traditionnelles ou contemporaines, en y ajoutant complexit\u00e9 et ar\u00f4me.<\/p>\n<p><strong>Attractif pour les pollinisateurs :<\/strong> Ses petites fleurs blanches ou lilas attirent les abeilles et les papillons, contribuant ainsi \u00e0 la biodiversit\u00e9 et \u00e0 la sant\u00e9 du <strong>jardin<\/strong>.<\/p>\n<p><strong>Facile \u00e0 cultiver : la<\/strong> sarriette s&rsquo;adapte bien \u00e0 diff\u00e9rents sols et conditions et pousse facilement, ce qui la rend parfaite pour ceux qui veulent commencer \u00e0 cultiver des herbes aromatiques.<\/p>\n<p><strong>Riche en propri\u00e9t\u00e9s :<\/strong> Outre sa valeur culinaire, la sarriette est traditionnellement utilis\u00e9e pour ses propri\u00e9t\u00e9s digestives et antioxydantes.<\/p>\n<p><strong>Culture biologique :<\/strong> Nos semences sont <strong>100 % biologiques<\/strong>, sans pesticides ni engrais chimiques, ce qui favorise un <strong>jardin<\/strong> durable et respectueux de l&rsquo;environnement.<\/p>\n<p>Appr\u00e9ciez l&rsquo;intensit\u00e9 aromatique et la saveur distinctive de la <strong>sarriette biologique<\/strong> directement dans votre <strong>jardin<\/strong>, et enrichissez vos plats avec cette herbe traditionnelle, saine et polyvalente.<\/p>\n","protected":false},"featured_media":15859,"comment_status":"open","ping_status":"closed","template":"","meta":{"_acf_changed":false},"product_brand":[],"product_cat":[747,424],"product_tag":[1579],"class_list":{"0":"post-19638","1":"product","2":"type-product","3":"status-publish","4":"has-post-thumbnail","6":"product_cat-graines-aromatiques-biologiques","7":"product_cat-semences-biologiques","8":"product_tag-eco","10":"first","11":"instock","12":"sale","13":"taxable","14":"shipping-taxable","15":"purchasable","16":"product-type-simple"},"acf":[],"_links":{"self":[{"href":"https:\/\/cultivers.es\/fr\/wp-json\/wp\/v2\/product\/19638","targetHints":{"allow":["GET"]}}],"collection":[{"href":"https:\/\/cultivers.es\/fr\/wp-json\/wp\/v2\/product"}],"about":[{"href":"https:\/\/cultivers.es\/fr\/wp-json\/wp\/v2\/types\/product"}],"replies":[{"embeddable":true,"href":"https:\/\/cultivers.es\/fr\/wp-json\/wp\/v2\/comments?post=19638"}],"wp:featuredmedia":[{"embeddable":true,"href":"https:\/\/cultivers.es\/fr\/wp-json\/wp\/v2\/media\/15859"}],"wp:attachment":[{"href":"https:\/\/cultivers.es\/fr\/wp-json\/wp\/v2\/media?parent=19638"}],"wp:term":[{"taxonomy":"product_brand","embeddable":true,"href":"https:\/\/cultivers.es\/fr\/wp-json\/wp\/v2\/product_brand?post=19638"},{"taxonomy":"product_cat","embeddable":true,"href":"https:\/\/cultivers.es\/fr\/wp-json\/wp\/v2\/product_cat?post=19638"},{"taxonomy":"product_tag","embeddable":true,"href":"https:\/\/cultivers.es\/fr\/wp-json\/wp\/v2\/product_tag?post=19638"}],"curies":[{"name":"wp","href":"https:\/\/api.w.org\/{rel}","templated":true}]}}