{"id":19662,"date":"2022-10-07T07:08:06","date_gmt":"2022-10-07T07:08:06","guid":{"rendered":"https:\/\/cultivers.es\/abonos\/graines-de-blettes-multicolores-biologiques\/"},"modified":"2025-09-22T05:20:31","modified_gmt":"2025-09-22T05:20:31","slug":"graines-algues-multicolores-ecologiques","status":"publish","type":"product","link":"https:\/\/cultivers.es\/fr\/abonnements\/graines-algues-multicolores-ecologiques\/","title":{"rendered":"Graines de blettes multicolores"},"content":{"rendered":"","protected":false},"excerpt":{"rendered":"<p>Apportez un arc-en-ciel de couleurs et de nutriments \u00e0 votre jardin avec nos <strong>graines de blettes multicolores biologiques<\/strong>. Cette vari\u00e9t\u00e9 se distingue par ses tiges aux couleurs \u00e9clatantes - jaune, orange, rouge, rose et blanc - qui \u00e9gayeront n&rsquo;importe quel coin de votre jardin et vos plats. Avec ses feuilles tendres et sa saveur douce, la bette \u00e0 carde multicolore est un choix polyvalent et d\u00e9licieux pour les rago\u00fbts, les saut\u00e9s, les soupes ou les salades fra\u00eeches.  <\/p>\n<ul>\n<li><strong>Des tiges aux couleurs vives :<\/strong> Cette bette produit des tiges de couleurs vives qui non seulement d\u00e9corent votre jardin, mais ajoutent \u00e9galement une touche attrayante et saine \u00e0 vos plats.<\/li>\n<li><strong>Feuilles douces et tendres :<\/strong> Les grandes feuilles vertes \u00e0 la texture tendre sont id\u00e9ales pour la cuisine ainsi que pour la consommation fra\u00eeche dans les salades ou les smoothies verts.<\/li>\n<li><strong>Riche en nutriments :<\/strong> Les blettes multicolores sont une excellente source de fibres, de vitamines A, C et K, ainsi que de min\u00e9raux tels que le fer, le magn\u00e9sium et le calcium, ce qui en fait un aliment essentiel pour une alimentation \u00e9quilibr\u00e9e.<\/li>\n<li><strong>Facile \u00e0 cultiver :<\/strong> Cette vari\u00e9t\u00e9 est rustique et demande peu d&rsquo;entretien. Elle s&rsquo;adapte bien \u00e0 diff\u00e9rents climats et sols. Elle est parfaite pour les d\u00e9butants comme pour les jardiniers exp\u00e9riment\u00e9s. <\/li>\n<li><strong>R\u00e9colte continue :<\/strong> Les blettes permettent de r\u00e9colter r\u00e9guli\u00e8rement les feuilles et les tiges, ce qui garantit une production constante pendant plusieurs mois.<\/li>\n<li><strong>Culture biologique :<\/strong> Nos semences sont 100% biologiques, sans pesticides ni produits chimiques, garantissant une culture saine et respectueuse de l&rsquo;environnement.<\/li>\n<\/ul>\n<p>Remplissez votre jardin de couleur, de fra\u00eecheur et de saveur avec les <strong>graines de blettes multicolores biologiques<\/strong>. Cultivez ce l\u00e9gume polyvalent et nutritif de mani\u00e8re durable et profitez de r\u00e9coltes saines et \u00e9clatantes. Commandez d\u00e8s aujourd&rsquo;hui et ajoutez une touche de couleur \u00e0 votre table !  <\/p>\n","protected":false},"featured_media":15639,"comment_status":"open","ping_status":"closed","template":"","meta":{"_acf_changed":false},"product_brand":[],"product_cat":[424,459],"product_tag":[1579],"class_list":{"0":"post-19662","1":"product","2":"type-product","3":"status-publish","4":"has-post-thumbnail","6":"product_cat-semences-biologiques","7":"product_cat-semences-de-legumes-feuilles-biologiques","8":"product_tag-eco","10":"first","11":"instock","12":"sale","13":"taxable","14":"shipping-taxable","15":"purchasable","16":"product-type-simple"},"acf":[],"_links":{"self":[{"href":"https:\/\/cultivers.es\/fr\/wp-json\/wp\/v2\/product\/19662","targetHints":{"allow":["GET"]}}],"collection":[{"href":"https:\/\/cultivers.es\/fr\/wp-json\/wp\/v2\/product"}],"about":[{"href":"https:\/\/cultivers.es\/fr\/wp-json\/wp\/v2\/types\/product"}],"replies":[{"embeddable":true,"href":"https:\/\/cultivers.es\/fr\/wp-json\/wp\/v2\/comments?post=19662"}],"wp:featuredmedia":[{"embeddable":true,"href":"https:\/\/cultivers.es\/fr\/wp-json\/wp\/v2\/media\/15639"}],"wp:attachment":[{"href":"https:\/\/cultivers.es\/fr\/wp-json\/wp\/v2\/media?parent=19662"}],"wp:term":[{"taxonomy":"product_brand","embeddable":true,"href":"https:\/\/cultivers.es\/fr\/wp-json\/wp\/v2\/product_brand?post=19662"},{"taxonomy":"product_cat","embeddable":true,"href":"https:\/\/cultivers.es\/fr\/wp-json\/wp\/v2\/product_cat?post=19662"},{"taxonomy":"product_tag","embeddable":true,"href":"https:\/\/cultivers.es\/fr\/wp-json\/wp\/v2\/product_tag?post=19662"}],"curies":[{"name":"wp","href":"https:\/\/api.w.org\/{rel}","templated":true}]}}